{"id":807,"date":"2016-08-18T19:00:31","date_gmt":"2016-08-18T17:00:31","guid":{"rendered":"http:\/\/editions-sillage.fr\/?page_id=807"},"modified":"2016-10-14T18:41:33","modified_gmt":"2016-10-14T16:41:33","slug":"joris-karl-huysmans","status":"publish","type":"page","link":"https:\/\/editions-sillage.fr\/?page_id=807","title":{"rendered":"Joris-Karl Huysmans"},"content":{"rendered":"<blockquote>\n<p>Joris-Karl Huysmans aux \u00e9ditions Sillage:<\/p>\n<ul>\n<li><a href=\"http:\/\/editions-sillage.fr\/?p=598\">En m\u00e9nage<\/a><\/li>\n<li><a href=\"http:\/\/editions-sillage.fr\/?p=173\">Les Habitu\u00e9s de caf\u00e9<\/a><\/li>\n<\/ul>\n<\/blockquote>\n<p><img loading=\"lazy\" decoding=\"async\" class=\"alignright size-full wp-image-808\" src=\"http:\/\/editions-sillage.fr\/wp-content\/uploads\/2016\/08\/huysmans-1.jpg\" alt=\"huysmans\" width=\"154\" height=\"205\" srcset=\"https:\/\/editions-sillage.fr\/wp-content\/uploads\/2016\/08\/huysmans-1.jpg 154w, https:\/\/editions-sillage.fr\/wp-content\/uploads\/2016\/08\/huysmans-1-113x150.jpg 113w\" sizes=\"auto, (max-width: 154px) 100vw, 154px\" \/>1848\u00a0: Naissance de Charles-Marie-Georges Huysmans (devenu Joris-Karl lors de son entr\u00e9e en litt\u00e9rature), le 5 f\u00e9vrier, \u00e0 Paris. H\u00e9ritier d\u2019une longue lign\u00e9e de peintres flamands, son enfance est assombrie par la mort de son p\u00e8re en 1856, suivie quelques mois plus tard du remariage de sa m\u00e8re, Malvina, avec Jules Og, homme d\u2019affaires protestant.<\/p>\n<p>1866\u00a0: Au terme de sa scolarit\u00e9 au lyc\u00e9e Saint-Louis, Huysmans passe son baccalaur\u00e9at en candidat libre, puis s\u2019inscrit \u00e0 la Facult\u00e9 de Droit. En avril, il est engag\u00e9 comme employ\u00e9 de sixi\u00e8me classe au minist\u00e8re de l\u2019Int\u00e9rieur et des Cultes, o\u00f9 il accomplira l\u2019essentiel de sa carri\u00e8re de fonctionnaire.<\/p>\n<p>1870\u00a0: D\u2019abord enr\u00f4l\u00e9 dans le 6e bataillon de la Garde Nationale mobile de la Seine, il est ensuite affect\u00e9 au Minist\u00e8re de la Guerre, qu\u2019il suivra \u00e0 Versailles pendant la Commune.<\/p>\n<p>1871\u00a0: Il entame la r\u00e9daction d\u2019un roman sur le si\u00e8ge de Paris (o\u00f9 il se r\u00e9installe pendant l\u2019\u00e9t\u00e9). Ce projet, intitul\u00e9 <i>La Faim<\/i>, ne sera jamais men\u00e9 \u00e0 bien.<\/p>\n<p>1874\u00a0: Apr\u00e8s un refus de P.-J. Hetzel, Huysmans publie chez Dentu, \u00e0 compte d\u2019auteur, un premier recueil de po\u00e8mes en prose, <i>Le Drageoir \u00e0 \u00e9pices<\/i> (r\u00e9\u00e9dit\u00e9 l\u2019ann\u00e9e suivante sous le titre <i>Le Drageoir aux \u00e9pices<\/i>) qui re\u00e7oit un accueil favorable de la critique.<\/p>\n<p>1876\u00a0: Mort de sa m\u00e8re. Huysmans est mut\u00e9 au minist\u00e8re de l\u2019Int\u00e9rieur et des Cultes. Redoutant la censure, il publie Marthe, histoire d\u2019une fille \u00e0 Bruxelles, o\u00f9 il rencontre Camille Lemonnier et Th\u00e9odore Hannon. \u00c0 l\u2019invitation de Zola, il se joint au groupe des Cinq (Alexis, C\u00e9ard, Hennique, Maupassant, Zola).<\/p>\n<p>1877\u00a0:\u00a0Avant la publication de <i>Sac au dos<\/i> en feuilleton, Huysmans fait para\u00eetre une \u00e9tude sur \u00c9mile Zola et L\u2019Assommoir. Il participe \u00e0 la soir\u00e9e qui r\u00e9unit le groupe des Cinq, Edmond de Goncourt et Flaubert, pour un d\u00eener chez Trapp.<\/p>\n<p>1879-1880\u00a0: <i>Les S\u0153urs Vatard<\/i>, d\u00e9di\u00e9 \u00e0 Zola, est \u00e9dit\u00e9 chez Charpentier. Malgr\u00e9 un accueil mitig\u00e9 dans la presse, le livre remporte un petit succ\u00e8s populaire. Suivent <i>Les Soir\u00e9es de M\u00e9dan<\/i>, volume collectif dans lequel Huysmans reprend <i>Sac au dos<\/i> et les po\u00e8mes en prose des <i>Croquis parisiens<\/i>.<\/p>\n<p>1881\u00a0: Publication de <i>En m\u00e9nage<\/i> chez Charpentier, roman d\u00e9di\u00e9 \u00e0 Anna Meunier, une couturi\u00e8re dont il avait fait peu ou prou sa ma\u00eetresse depuis 1872. Souffrant de n\u00e9vralgies, Huysmans passe l\u2019\u00e9t\u00e9 \u00e0 Fontenay-aux-Roses, puis s\u00e9journe au ch\u00e2teau de Lourps, lieu de convalescence dont il s\u2019inspirera pour <i>\u00c0 rebours<\/i>.<\/p>\n<p>1882\u00a0: Publication de <i>\u00c0 vau-l\u2019eau<\/i>, \u00e0 Bruxelles.<\/p>\n<p>1883\u00a0: Huysmans publie <i>L\u2019Art moderne<\/i> chez Charpentier. Il y salue des peintres encore m\u00e9connus comme C\u00e9zanne, Degas, Seurat, Pissaro ou Redon.<\/p>\n<p>1884\u00a0: <i>\u00c0 rebours<\/i> est \u00e9dit\u00e9 chez Charpentier. Huysmans sort de l\u2019ombre de Zola et s\u2019attire les louanges de ses pairs, parmi lesquels Mallarm\u00e9, Bloy, Maupassant ou Lorrain. Barbey d\u2019Aurevilly pr\u00e9dit \u00e0 Huysmans le m\u00eame destin qu\u2019\u00e0 Baudelaire en son temps\u00a0: \u00ab\u00a0la bouche d\u2019un pistolet ou les pieds de la croix\u00a0\u00bb.<\/p>\n<p>1886\u00a0: <i>En Rade<\/i> est publi\u00e9 en feuilleton, dans <i>La Revue ind\u00e9pendante<\/i> d\u2019\u00c9douard Dujardin. \u00c9dition revue et augment\u00e9e des <i>Croquis parisiens<\/i>.<\/p>\n<p>1889\u00a0: Mort de Villiers de l\u2019Isle-Adam, dont Huysmans devient, avec Mallarm\u00e9, l\u2019ex\u00e9cuteur testamentaire. Par l\u2019interm\u00e9diaire de R\u00e9my de Gourmont, Huysmans rencontre Berthe Courri\u00e8re, une aventuri\u00e8re qui approfondit son initiation \u00e0 l\u2019occultisme, entreprise l\u2019ann\u00e9e pr\u00e9c\u00e9dente aux c\u00f4t\u00e9s d\u2019Henriette Maillat, amie du \u00ab\u00a0S\u00e2r\u00a0\u00bb P\u00e9ladan et de L\u00e9on Bloy. En septembre, il se rend \u00e0 Tiffauges, au ch\u00e2teau de Gilles de Rais. Il fait publier chez Stock un recueil d\u2019articles sur l\u2019art, intitul\u00e9 <i>Certains<\/i>.<\/p>\n<p>1890\u00a0: Publication de <i>La Bi\u00e8vre<\/i>. Huysmans rencontre \u00e0 plusieurs reprises l\u2019abb\u00e9 Boullan, un pr\u00eatre interdit, et s\u2019int\u00e9resse aux activit\u00e9s \u00ab\u00a0sataniques\u00a0\u00bb d\u2019un chanoine belge, l\u2019abb\u00e9 Van Haeke.<\/p>\n<p>1891\u00a0: <i>L\u00e0-bas<\/i> est publi\u00e9 en feuilleton, puis en volume. Le roman est violemment attaqu\u00e9 par L\u00e9on Bloy, avec lequel Huysmans est en froid depuis l\u2019ann\u00e9e pr\u00e9c\u00e9dente. Huysmans re\u00e7oit les visites de Paul Val\u00e9ry, Andr\u00e9 Gide, Arthur Symons, et entre en relation avec l\u2019abb\u00e9 Mugnier, qui devient son directeur de conscience, responsabilit\u00e9 dont il chargera un an plus tard l\u2019abb\u00e9 Ferret. Apr\u00e8s un p\u00e9lerinage \u00e0 La Salette, puis \u00e0 la Grande Chartreuse, il s\u00e9journe chez l\u2019abb\u00e9 Boullan.<\/p>\n<p>1892-1900\u00a0: Huysmans multiplie les retraites religieuses. Il se rend \u00e0 la trappe de Notre-Dame d\u2019Igny, \u00e0 l\u2019abbaye de Saint-Wandrille, \u00e0 Paray-le-Monial, \u00e0 l\u2019abbaye de Fiancey, \u00e0 l\u2019abbaye de Solesmes et \u00e0 Saint-Maur de Glanfeuil. Il voyage \u00e9galement en Belgique et en Hollande, sur les traces de sainte Lydwine de Schiedam. En 1898, il se retire de la fonction publique pour venir vivre pr\u00e8s du monast\u00e8re de Ligug\u00e9 et commence son noviciat d\u2019oblat. Sur le plan litt\u00e9raire, il publie <i>En Route<\/i> (1895), chez Stock, quelques jours apr\u00e8s la mort d\u2019Anna Meunier, et <i>La Cath\u00e9drale<\/i> (1898)\u00a0; le 6 avril 1900, il pr\u00e9side la premi\u00e8re r\u00e9union de l\u2019Acad\u00e9mie Goncourt.<\/p>\n<p>1901\u00a0: Sous l\u2019effet des lois Combes, ent\u00e9rinant la s\u00e9paration de l\u2019\u00c9glise et de l\u2019\u00c9tat, les moines doivent quitter Ligug\u00e9 et Huysmans, oblat depuis mars, s\u2019installe de nouveau \u00e0 Paris, dans une annexe du couvent des b\u00e9n\u00e9dictines. Publication de Sainte Lydwine de Schiedam.<\/p>\n<p>1902\u00a0: Apparition des premiers sympt\u00f4mes du cancer qui l\u2019emportera.<\/p>\n<p>1903\u00a0: Voyage \u00e0 Lourdes et publication de <i>L\u2019Oblat<\/i>.<\/p>\n<p>1905\u00a0: Publication de <i>Trois primitifs<\/i>, chez Vanier-Messein.<\/p>\n<p>1906\u00a0: Diagnostic du cancer de la m\u00e2choire. Huysmans choisit de ne rien faire pour soulager d\u2019atroces douleurs, conform\u00e9ment \u00e0 ses convictions religieuses. Publication des <i>Foules de Lourdes<\/i>.<\/p>\n<p>1907\u00a0: Joris-Karl Huysmans meurt le 11 mai. Son corps est inhum\u00e9 au cimeti\u00e8re du Montparnasse, dans le caveau familial.<\/p>\n<hr \/>\n<h4 style=\"text-align: center;\"><a id=\"biblio\"><\/a>Bibliographie<\/h4>\n<p>&nbsp;<\/p>\n<div class=\"auteurtitre\">\n<p><strong>\u00c9ditions de <i>En m\u00e9nage<\/i>\u00a0<\/strong><\/p>\n<\/div>\n<div class=\"textecourantjustif\">\n<p><i>En m\u00e9nage<\/i>, Paris, Charpentier, 1881.<br \/>\n <i>En m\u00e9nage<\/i>, Paris, H. Jonqui\u00e8res, 1923, illustr\u00e9 par E. Jodelet.<br \/>\n <i>En m\u00e9nage<\/i>, Paris, 10\/18, 1987, pr\u00e9face d\u2019Hubert Juin.<br \/>\n <i>En m\u00e9nage<\/i>, Gen\u00e8ve, Droz, 2005. \u00c9dition critique de Gilles Bonnet.<\/p>\n<div class=\"auteurtitre\">\n<p><strong>\u0152uvres<\/strong><\/p>\n<\/div>\n<div class=\"textecourantjustif\">\n<p><i>\u0152uvres compl\u00e8tes<\/i>, Lucien Descaves (\u00e9d.), Paris, Cr\u00e8s, 1928-1934, 23 vol. (<i>En m\u00e9nage<\/i> est publi\u00e9 dans le vol. IV).<br \/>\n <i>Romans<\/i>, Pierre Brunel (dir.), Paris, Robert Laffont, \u00ab\u00a0Bouquins\u00a0\u00bb, 2005-2007, 2 vol.<\/p>\n<div class=\"auteurtitre\">\n<p><strong>Correspondance<\/strong><\/p>\n<\/div>\n<div class=\"textecourantjustif\">\n<p><i>Lettres in\u00e9dites \u00e0 \u00c9mile Zola<\/i>, Pierre Lambert (\u00e9d.), Gen\u00e8ve\/Lille, Droz\/Giard, 1953.<br \/>\n <i>Lettres in\u00e9dites \u00e0 Edmond de Goncourt<\/i>, Pierre Lambert (\u00e9d.), Paris, Nizet, 1956.<br \/>\n <i>Lettres in\u00e9dites \u00e0 Camille Lemonnier<\/i>, Gustave Vanwelkenhuyzen (\u00e9d.), Gen\u00e8ve\/Paris, Droz\/Minard, 1957.<br \/>\n <i>Lettres in\u00e9dites \u00e0 Jules Destr\u00e9e<\/i>, Gustave Vanwelkenhuyzen (\u00e9d.), Gen\u00e8ve\/Paris, Droz\/Minard, 1967.<br \/>\n <i>L\u00e9on Bloy, J.-K. Huysmans, Villiers de l\u2019Isle-Adam\u00a0: Correspondance \u00e0 trois<\/i>, Daniel Habrekorn (\u00e9d.), Vanves, Thot, 1980\u00a0; r\u00e9\u00e9d. 2003.<br \/>\n <i>Lettres \u00e0 Th\u00e9odore Hannon<\/i>, Pierre Cogny et Christian Berg (\u00e9ds.), Saint-Cyr-sur-Loire, Christian Pirot, 1985.<br \/>\n <i>Correspondance Jean Lorrain<\/i>, \u00c9ric Walbecq (\u00e9d.), Tusson, Du L\u00e9rot, 2004.<\/p>\n<p>Le <i>Bulletin de la Soci\u00e9t\u00e9 Joris-Karl Huysmans<\/i> propose une recension compl\u00e8te de la correspondance dans son n\u00b0 84 (1994).<\/p>\n<div class=\"auteurtitre\">\n<p><strong>\u00c9tudes sur Huysmans<\/strong><\/p>\n<\/div>\n<div class=\"textecourantjustif\">\n<p>Bloy, L\u00e9on, <i>Sur la tombe de Huysmans<\/i>, Paris, Collection des Curiosit\u00e9s litt\u00e9raires, 1913 (repris dans <i>Sur Huysmans<\/i>, Bruxelles, \u00c9ditions Complexe, 1986).<br \/>\n Mugnier, Abb\u00e9, <i>J.-K. Huysmans \u00e0 La Trappe<\/i>, Paris, Le Divan, 1927.<br \/>\n Val\u00e9ry, Paul, <i>Durtal, ou les points d\u2019une conversion<\/i>, Paris, Marcel S\u00e9nac, 1927.<br \/>\n Val\u00e9ry, Paul, <i>Huysmans<\/i>, Paris, Marcel S\u00e9nac, 1927.<br \/>\n Val\u00e9ry, Paul, \u00ab\u00a0Souvenir de J.-K. Huysmans\u00a0\u00bb , in <i>Vari\u00e9t\u00e9 II<\/i>, Paris, Gallimard, 1929.<br \/>\n Cressot, Marcel, <i>La Phrase et le vocabulaire de J.-K. Huysmans<\/i> [1938], Gen\u00e8ve, Slatkine Reprints, 1975.<br \/>\n Descaves, Lucien, <i>Les derni\u00e8res ann\u00e9es de J.-K. Huysmans<\/i>, Paris, Albin Michel, 1941.<br \/>\n Descaves, Lucien, <i>Deux amis\u00a0: J.-K. Huysmans et l\u2019Abb\u00e9 Mugnier<\/i>, Paris, Plon, 1946.<br \/>\n Cogny, Pierre, <i>J.-K. Huysmans \u00e0 la recherche de l\u2019unit\u00e9<\/i>, Paris, Nizet, 1953.<br \/>\n Baldick, Robert, <i>La Vie de J.-K. Huysmans<\/i>, traduction de Marcel Thomas, Paris, Deno\u00ebl, 1958\u00a0; r\u00e9\u00e9d. 1975.<br \/>\n Issacharoff, Michael, <i>J.-K. Huysmans devant la critique en France (1874-1960)<\/i>, Paris, Klincksieck, 1970.<br \/>\n Zayed, Fernande, <i>Huysmans, peintre de son \u00e9poque<\/i>, Paris, Nizet, 1973.<br \/>\n Borie, Jean, <i>Le C\u00e9libataire fran\u00e7ais<\/i>, Paris, Sagittaire, 1976.<br \/>\n Borie, Jean, <i>Huysmans\u00a0: Le Diable, le c\u00e9libataire et Dieu<\/i>, Grasset, 1991.<br \/>\n Jourde, Pierre, Huysmans, <i>\u00c0 rebours\u00a0: l\u2019identit\u00e9 impossible<\/i>, Paris, Honor\u00e9 Champion, 1991.<br \/>\n Peylet, G\u00e9rard, <i>J.-K. Huysmans, la double qu\u00eate\u00a0: vers une vision synth\u00e9tique de l\u2019\u0153uvre<\/i>, L\u2019Harmattan, 2000.<br \/>\n <i>Interviews<\/i>, Jean-Marie Seillan (\u00e9d.), Paris, Honor\u00e9 Champion, 2002.<br \/>\n Bonnet, Gilles, <i>L\u2019\u00c9criture comique de J.-K. Huysmans<\/i>, Paris, Honor\u00e9 Champion, 2003.<br \/>\n Buisine, Alain, <i>Huysmans \u00e0 fleur de peau<\/i>, Artois Presses Universit\u00e9, 2004.<br \/>\n Locmant, Patrice, <i>J.-K. Huysmans\u00a0: le for\u00e7at de la vie<\/i>, Paris, Bartillat, 2007.<\/p>\n<div class=\"auteurtitre\">\n<p><strong>Ouvrages collectifs<\/strong><\/p>\n<\/div>\n<div class=\"textecourantjustif\">\n<p>Bulletin de la <i>Soci\u00e9t\u00e9 Joris-Karl Huysmans<\/i> (99 num\u00e9ros depuis mars 1928).<br \/>\n 1907-1957, Num\u00e9ro sp\u00e9cial sur J.-K. Huysmans, <i>Cahiers de la Tour Saint-Jacques<\/i>, n\u00b0 10, mai-juin 1957.<br \/>\n <i>J.-K. Huysmans<\/i>, <i>Cahiers de la Tour Saint-Jacques<\/i>, Paris, H. Roudil, n\u00b0VIII, 1963.<br \/>\n <i>Huysmans<\/i>, Pierre Brunel et Andr\u00e9 Guyaux (\u00e9ds.), <i>Cahiers de l\u2019Herne<\/i>, n\u00b0 47, 1985.<br \/>\n <i>Huysmans\u00a0: une esth\u00e9tique de la d\u00e9cadence<\/i>, Actes du colloque de Mulhouse, B\u00e2le et Colmar [1984], Andr\u00e9 Guyaux, Christian Heck et Robert Kopp (\u00e9ds.), Paris, Honor\u00e9 Champion, 1987.<br \/>\n <i>Huysmans \u00e0 c\u00f4t\u00e9 et au-del\u00e0<\/i>, Actes du colloque de Cerisy-la-Salle, Jean-Pierre Bertrand, Sylvie Duran et Fran\u00e7oise Grauby (\u00e9ds.), Paris, Vrin, 2001.<br \/>\n <i>J.-K. Huysmans \/ Villiers de l\u2019Isle-Adam<\/i>, <i>Europe<\/i>, n\u00b0 916-17, ao\u00fbt-septembre 2005.<\/p>\n<div class=\"auteurtitre\">\n<p><strong>\u00c9tudes sur <i>En m\u00e9nage<\/i><\/strong><\/p>\n<\/div>\n<div class=\"textecourantjustif\">\n<p>Dubois, Jacques, \u00ab\u00a0Condition litt\u00e9raire et march\u00e9 sexuel dans <i>En m\u00e9nage<\/i>.\u00a0\u00bb, in <i>Huysmans \u00e0 c\u00f4t\u00e9 et au-del\u00e0<\/i>, Actes du colloque de Cerisy-la-Salle, Paris, Vrin, 2001.<\/p>\n<p>Des bibliographies plus exhaustives et divers documents d\u2019\u00e9tudes pourront \u00eatre consult\u00e9s sur le site internet de Brendan King (auteur d\u2019une th\u00e8se sur Huysmans et traducteur de certains de ses textes en anglais), <a href=\"http:\/\/www.huysmans.org\" target=\"_blank\">http\u00a0:\/\/www.huysmans.org<\/a>, et sur le site officiel de la Soci\u00e9t\u00e9 J.-K. Huysmans, <a href=\"http:\/\/www.societe-huysmans.paris-sorbonne.fr\" target=\"_blank\">http:\/\/www.societe-huysmans.paris-sorbonne.fr<\/a>.<\/p>\n<\/div>\n<\/div>\n<\/div>\n<\/div>\n<\/div>\n<\/div>\n","protected":false},"excerpt":{"rendered":"<p>Joris-Karl Huysmans aux \u00e9ditions Sillage: En m\u00e9nage Les Habitu\u00e9s de caf\u00e9 1848\u00a0: Naissance de Charles-Marie-Georges Huysmans (devenu Joris-Karl lors de son entr\u00e9e en litt\u00e9rature), le 5 f\u00e9vrier, \u00e0 Paris. H\u00e9ritier d\u2019une longue lign\u00e9e de peintres flamands, son enfance est assombrie par la mort de son p\u00e8re en 1856, suivie quelques mois plus tard du remariage [&hellip;]<\/p>\n","protected":false},"author":1,"featured_media":0,"parent":0,"menu_order":0,"comment_status":"closed","ping_status":"closed","template":"","meta":{"footnotes":""},"class_list":["post-807","page","type-page","status-publish","hentry"],"_links":{"self":[{"href":"https:\/\/editions-sillage.fr\/index.php?rest_route=\/wp\/v2\/pages\/807","targetHints":{"allow":["GET"]}}],"collection":[{"href":"https:\/\/editions-sillage.fr\/index.php?rest_route=\/wp\/v2\/pages"}],"about":[{"href":"https:\/\/editions-sillage.fr\/index.php?rest_route=\/wp\/v2\/types\/page"}],"author":[{"embeddable":true,"href":"https:\/\/editions-sillage.fr\/index.php?rest_route=\/wp\/v2\/users\/1"}],"replies":[{"embeddable":true,"href":"https:\/\/editions-sillage.fr\/index.php?rest_route=%2Fwp%2Fv2%2Fcomments&post=807"}],"version-history":[{"count":5,"href":"https:\/\/editions-sillage.fr\/index.php?rest_route=\/wp\/v2\/pages\/807\/revisions"}],"predecessor-version":[{"id":1281,"href":"https:\/\/editions-sillage.fr\/index.php?rest_route=\/wp\/v2\/pages\/807\/revisions\/1281"}],"wp:attachment":[{"href":"https:\/\/editions-sillage.fr\/index.php?rest_route=%2Fwp%2Fv2%2Fmedia&parent=807"}],"curies":[{"name":"wp","href":"https:\/\/api.w.org\/{rel}","templated":true}]}}