{"id":800,"date":"2016-08-18T18:31:55","date_gmt":"2016-08-18T16:31:55","guid":{"rendered":"http:\/\/editions-sillage.fr\/?page_id=800"},"modified":"2021-11-12T17:50:03","modified_gmt":"2021-11-12T16:50:03","slug":"henry-james","status":"publish","type":"page","link":"https:\/\/editions-sillage.fr\/?page_id=800","title":{"rendered":"Henry James"},"content":{"rendered":"<blockquote>\n<p style=\"text-align: justify;\">Henry James aux \u00e9ditions Sillage :<\/p>\n<ul>\n<li style=\"text-align: justify;\"><em><a href=\"http:\/\/editions-sillage.fr\/?p=594\">L&rsquo;\u00c9l\u00e8ve<\/a><\/em><\/li>\n<li><a href=\"http:\/\/editions-sillage.fr\/?p=221\"><em>Les D\u00e9pouilles de Poynton<\/em><\/a><\/li>\n<li><a href=\"https:\/\/editions-sillage.fr\/?p=3493\"><em>Le Fonds Coxon<\/em><\/a><\/li>\n<\/ul>\n<\/blockquote>\n<p style=\"text-align: justify;\"><img loading=\"lazy\" decoding=\"async\" class=\"alignright size-full wp-image-801\" src=\"http:\/\/editions-sillage.fr\/wp-content\/uploads\/2016\/08\/james-1.jpg\" alt=\"james\" width=\"154\" height=\"204\" srcset=\"https:\/\/editions-sillage.fr\/wp-content\/uploads\/2016\/08\/james-1.jpg 154w, https:\/\/editions-sillage.fr\/wp-content\/uploads\/2016\/08\/james-1-113x150.jpg 113w\" sizes=\"auto, (max-width: 154px) 100vw, 154px\" \/>1843\u00a0: Le 15 avril, naissance \u00e0 New York d\u2019Henry James, second des cinq enfants d\u2019Henry James Senior et de Mary Robertson Walsh. Gr\u00e2ce \u00e0 la fortune acquise par le grand-p\u00e8re paternel d\u2019Henry, \u00e9migr\u00e9 irlandais protestant arriv\u00e9 aux \u00c9tats-Unis juste apr\u00e8s la guerre d\u2019Ind\u00e9pendance, la famille vit de fa\u00e7on tr\u00e8s ais\u00e9e.<\/p>\n<p style=\"text-align: justify;\">1844\u00a0: S\u00e9jour en Europe (Angleterre, France), au cours duquel Henry James Senior, personnalit\u00e9 originale et \u00e9rudite, subit une profonde crise int\u00e9rieure. Il entame l\u2019\u00e9tude des \u00e9crits de Swedenborg et Fourier.<\/p>\n<p style=\"text-align: justify;\">1845\u00a0: La famille s\u2019installe \u00e0 Albany (\u00c9tat de New York) avant de retourner vivre \u00e0 New York en 1847 pour une dizaine d\u2019ann\u00e9es. De nombreux \u00e9crivains et journalistes (dont Ralph Waldo Emerson, Washington Irving ou William Thackeray) fr\u00e9quentent le salon des James. Henry assiste \u00e0 la repr\u00e9sentation de pi\u00e8ces de Shakespeare et d\u2019adaptations de romans de Dickens qui le marqueront durablement.<\/p>\n<p style=\"text-align: justify;\">1855\u00a0: Soucieux d\u2019offrir \u00e0 ses enfants la meilleure formation intellectuelle possible, Henry James Senior emm\u00e8ne sa famille vivre en Europe (Liverpool, Gen\u00e8ve, Londres, Paris). Henry d\u00e9couvre notamment Flaubert, avec la lecture de <i>Madame Bovary<\/i>. En septembre 1857, alors que la famille a d\u00e9m\u00e9nag\u00e9 \u00e0 Boulogne-sur-Mer pour limiter ses d\u00e9penses, Henry contracte une fi\u00e8vre typho\u00efde qui le contraint \u00e0 garder le lit pendant deux mois, exp\u00e9rience qui le marque physiquement et moralement.<\/p>\n<p style=\"text-align: justify;\">1858\u00a0: Retour de la famille aux \u00c9tats-Unis. Installation \u00e0 Newport (Rhode Island).<\/p>\n<p style=\"text-align: justify;\">1859\u00a0: Nouveau d\u00e9part pour Gen\u00e8ve.<\/p>\n<p style=\"text-align: justify;\">1860\u00a0: Henry passe l\u2019\u00e9t\u00e9 \u00e0 \u00e9tudier l\u2019allemand, \u00e0 Bonn. La guerre de S\u00e9cession \u00e9clate un an plus tard\u00a0: deux de ses fr\u00e8res, Wilkie et Robertson, s\u2019enr\u00f4lent dans l\u2019arm\u00e9e\u00a0; Henry, pompier volontaire, est bless\u00e9 lors d\u2019un incendie. Peut-\u00eatre cet \u00e9pisode est-il \u00e0 l\u2019origine de la \u00ab\u00a0blessure secr\u00e8te\u00a0\u00bb qu\u2019il \u00e9voquera dans ses <i>Notes d\u2019un fils et d\u2019un fr\u00e8re<\/i>.<\/p>\n<p style=\"text-align: justify;\">1862\u00a0: Henry entame des \u00e9tudes de droit \u00e0 Harvard qu\u2019il abandonne au bout d\u2019un an pour se consacrer \u00e0 la litt\u00e9rature. William, son fr\u00e8re a\u00een\u00e9, poursuit des \u00e9tudes de m\u00e9decine\u00a0; il deviendra professeur \u00e0 Harvard et sera l\u2019auteur de travaux pionniers en psychologie et en philosophie.<\/p>\n<p style=\"text-align: justify;\">1864\u00a0: La famille d\u00e9m\u00e9nage \u00e0 Boston. La m\u00eame ann\u00e9e, publication anonyme de sa premi\u00e8re nouvelle <i>A Tragedy of Error<\/i> (<i>Une trag\u00e9die de l\u2019erreur<\/i>) dans le <i>Continental Monthly<\/i>, en f\u00e9vrier, et de son premier compte-rendu critique pour la <i>North American Review<\/i>, en octobre.<\/p>\n<p style=\"text-align: justify;\">1865\u00a0: Publication de la premi\u00e8re nouvelle qu\u2019il signe de son nom, <i>The Story of a Year<\/i> (<i>Histoire d\u2019une ann\u00e9e<\/i>), en mars, dans la revue <i>Atlantic Monthly<\/i>. Les trois ann\u00e9es suivantes sont une p\u00e9riode f\u00e9conde\u00a0: cinquante-cinq \u00e9tudes critiques touchant \u00e0 la litt\u00e9rature et l\u2019art ainsi qu\u2019onze nouvelles sont publi\u00e9es dans la presse.<\/p>\n<p style=\"text-align: justify;\">1869\u00a0: Voyage en Europe (Angleterre, France, Suisse, Italie) pendant une ann\u00e9e. Sa premi\u00e8re pi\u00e8ce de th\u00e9\u00e2tre, <i>Pyramus and Thisbe<\/i>, est publi\u00e9e en avril dans <i>The Galaxy<\/i>. En mars 1870, la mort de sa cousine Minny Temple, des suites de la tuberculose, l\u2019affecte profond\u00e9ment.<\/p>\n<p style=\"text-align: justify;\">1871\u00a0: Publication par \u00e9pisodes de son premier roman <i>Watch and Ward<\/i> (<i>Le Regard aux aguets<\/i>) dans l\u2019<i>Atlantic Monthly<\/i>.<\/p>\n<p style=\"text-align: justify;\">1872\u00a0: Retour en Europe (Angleterre, France, Italie, Autriche, Allemagne) pour presque deux ans. Continuant d\u2019exercer ses talents de critique et de chroniqueur et s\u2019essayant avec succ\u00e8s au r\u00e9cit de voyage, il parvient d\u00e9sormais \u00e0 vivre de sa plume. \u00c0 Florence, il commence l\u2019\u00e9criture de son deuxi\u00e8me roman, <i>Roderick Hudson<\/i>, consacr\u00e9 \u00e0 la carri\u00e8re avort\u00e9e d\u2019un sculpteur, publi\u00e9 \u00e0 compter de janvier 1875 dans l\u2019<i>Atlantic Monthly<\/i>.<\/p>\n<p style=\"text-align: justify;\">1875\u00a0: Apr\u00e8s quelques mois pass\u00e9s \u00e0 New York et dans la maison familiale de Cambridge (Massachusetts) au cours desquels il publie beaucoup d\u2019articles \u00e0 des fins alimentaires, il repart en Europe au mois d\u2019octobre comme correspondant du <i>New York Tribune<\/i>. Il se fixe dans un premier temps \u00e0 Paris, o\u00f9 il se lie d\u2019amiti\u00e9 avec Tourgueniev et fr\u00e9quente Flaubert, Zola, Maupassant et Daudet. Publication de son premier essai litt\u00e9raire majeur, \u00ab\u00a0Honor\u00e9 de Balzac\u00a0\u00bb, dans <i>The Galaxy<\/i>.<\/p>\n<p style=\"text-align: justify;\">1876\u00a0: En d\u00e9cembre, d\u00e9\u00e7u par la vie parisienne, il s\u2019installe \u00e0 Londres. Publication de <i>The American<\/i> (<i>L\u2019Am\u00e9ricain<\/i>) (1877) et de <i>The Europeans<\/i> (<i>Les Europ\u00e9ens<\/i>) (1878), romans traitant de la confrontation des soci\u00e9t\u00e9s am\u00e9ricaine et europ\u00e9enne, un des th\u00e8mes de pr\u00e9dilection de James. Suivent deux romans s\u2019attachant pr\u00e9cis\u00e9ment \u00e0 dresser le portrait de jeunes femmes am\u00e9ricaines inadapt\u00e9es \u00e0 la sophistication, si ce n\u2019est la corruption, des m\u0153urs europ\u00e9ennes\u00a0: <i>Daisy Miller<\/i> (1878), son premier grand succ\u00e8s, puis <i>The Portrait of a Lady<\/i> (<i>Portrait de femme<\/i>) (1881), consid\u00e9r\u00e9 comme son premier chef-d\u2019\u0153uvre. Apr\u00e8s le d\u00e9c\u00e8s de ses parents en 1882, il se rapproche de sa s\u0153ur Alice, n\u00e9vrotique, auteur d\u2019un c\u00e9l\u00e8bre <i>Journal<\/i>.<\/p>\n<p style=\"text-align: justify;\">1886\u00a0: Publie deux romans exp\u00e9rimentaux, <i>The Bostonians<\/i> (<i>Les Bostoniennes<\/i>), inspir\u00e9 de <i>L\u2019\u00c9vang\u00e9liste<\/i> d\u2019Alphonse Daudet et <i>The Princess Casamassima<\/i> (<i>La Princesse Casamassima<\/i>) qu\u2019il consid\u00e8re comme son roman le plus r\u00e9aliste. Suivent <i>The Reverberator<\/i> (<i>Reverberator<\/i>), <i>The Aspern Papers<\/i> (<i>Les Papiers de Jeffrey Aspern<\/i>) (1887), <i>The Tragic Muse<\/i> (<i>La Muse tragique<\/i>) (1890) inspir\u00e9 par la com\u00e9dienne Sarah Bernhardt.<\/p>\n<p style=\"text-align: justify;\">1891\u00a0: D\u00e9cide de se consacrer au th\u00e9\u00e2tre dans l\u2019espoir d\u2019acqu\u00e9rir une plus vaste reconnaissance et d\u2019am\u00e9liorer sa situation financi\u00e8re. Mais la r\u00e9ception de la version dramatique de <i>The American<\/i> n\u2019est qu\u2019un semi-succ\u00e8s \u2013 plusieurs de ses pi\u00e8ces ne seront pas mont\u00e9es. Publication de <i>The Pupil<\/i> (<i>L\u2019\u00c9l\u00e8ve<\/i>) dans le <i>Longman\u2019s Magazine<\/i>.<\/p>\n<p style=\"text-align: justify;\">1895\u00a0: La premi\u00e8re de <i>Guy Domville<\/i> est un \u00e9chec tel que James revient \u00e0 l\u2019\u00e9criture romanesque. Il \u00e9crit certaines de ses plus c\u00e9l\u00e8bres nouvelles\u00a0: <i>The Figure in the Carpet<\/i> (<i>L\u2019Image dans le tapis<\/i>) (1896) pr\u00e9c\u00e8de <i>The Turn of Screw<\/i> (<i>Le Tour d\u2019\u00e9crou<\/i>) (1898). Parall\u00e8lement ses romans prennent un tour moins r\u00e9aliste, James introduisant une part de myst\u00e8re dans les mobiles qui animent ses personnages. <i>The Spoils of Poynton<\/i> (<i>Les D\u00e9pouilles de Poynton<\/i>) (1897) suivi de <i>What Maisie Knew<\/i> (<i>Ce que savait Maisie<\/i>) la m\u00eame ann\u00e9e inaugurent cette tendance.<\/p>\n<p style=\"text-align: justify;\">1898\u00a0: S\u2019installe \u00e0 Rye (Sussex). Se lie avec H. G. Wells et Joseph Conrad.<\/p>\n<p style=\"text-align: justify;\">1902\u00a0: Publication de <i>The Wings of the Dove<\/i> (<i>Les Ailes de la colombe<\/i>) (1902), puis des derniers grands romans\u00a0: <i>The Ambassadors<\/i> (<i>Les Ambassadeurs<\/i>) (1903), consid\u00e9r\u00e9 par James comme sa plus parfaite r\u00e9ussite, et <i>The Golden Bowl<\/i> (<i>La Coupe d\u2019or<\/i>) (1904).<\/p>\n<p style=\"text-align: justify;\">1904\u00a0: Retourne aux \u00c9tats-Unis pour la premi\u00e8re fois apr\u00e8s vingt ans d\u2019absence. Ce voyage lui inspire <i>American Scene<\/i> (<i>Sc\u00e8ne am\u00e9ricaine<\/i>), reconnu quarante ans plus tard comme une \u0153uvre majeure sur la civilisation am\u00e9ricaine. Rentr\u00e9 en Angleterre, il travaille \u00e0 une \u00e9dition d\u00e9finitive de ses \u0153uvres, pr\u00e9fa\u00e7ant et r\u00e9visant nombre de ses textes.<\/p>\n<p style=\"text-align: justify;\">1915\u00a0: Profond\u00e9ment boulevers\u00e9 par le conflit europ\u00e9en et d\u00e9\u00e7u du peu d\u2019int\u00e9r\u00eat de l\u2019opinion am\u00e9ricaine pour celui-ci, il acquiert la nationalit\u00e9 anglaise.<\/p>\n<p style=\"text-align: justify;\">1916\u00a0: D\u00e9c\u00e8s le 28 f\u00e9vrier \u00e0 Londres. Il laisse une vingtaine de romans, cent vingt nouvelles, une autobiographie, des pi\u00e8ces de th\u00e9\u00e2tre, des carnets, des lettres et de nombreux articles critiques. Souvent compar\u00e9 \u00e0 Proust, Woolf ou Joyce, il est consid\u00e9r\u00e9 comme un des grands initiateurs du roman moderne.<\/p>\n<hr \/>\n<h4 style=\"text-align: center;\"><a id=\"biblio\"><\/a>Bibliographie<\/h4>\n<p>&nbsp;<\/p>\n<div class=\"auteurtitre\">\n<p><strong>\u00c9ditions de <i>The Pupil<\/i><\/strong><\/p>\n<\/div>\n<div class=\"textecourantjustif\">\n<div class=\"textecourantjustif\">\n<p><i>The Pupil<\/i> parut initialement dans les livraisons de mars et avril 1891 du <i>Longman\u2019s Magazine<\/i> (Londres), avant d\u2019\u00eatre repris en volume dans <i>The Lesson of the Master<\/i> (Londres-New York, MacMillan, 1892). Le volume 11 des <i>Novels and Tales of Henry James<\/i> (New York, Ch. Scribner\u2019s sons, 1907-1909) contient une version l\u00e9g\u00e8rement modifi\u00e9e de la nouvelle. C\u2019est sur cette derni\u00e8re version que se base notre pr\u00e9sente traduction.<\/p>\n<\/div>\n<\/div>\n<div class=\"auteurtitre\">\n<p><strong>\u0152uvres en anglais<\/strong><\/p>\n<\/div>\n<div class=\"textecourantjustif\">\n<div class=\"textecourantjustif\">\n<p><i>The Novels and Tales of Henry James\u00a0: New York edition<\/i>, New York, Ch. Scribner\u2019s sons, 24 vol., 1907-1909.<br \/>\n<i>The Novels and Stories<\/i>, Londres, MacMillan, 35 vol., 1921-1923.<br \/>\n<i>The Complete Plays<\/i>, Leon Edel \u00e9d., Londres, Hart-Davis, 1949.<br \/>\n<i>The Complete Tales<\/i>, Leon Edel \u00e9d., Londres, Hart-Davis, 12 vol., 1962-1965.<br \/>\n<i>The Complete Notebooks<\/i>, Leon Edel et Lyall H. Powers \u00e9d., New York, Oxford University Press, 1987.<br \/>\n<i>Complete stories, 1865-1898<\/i>, David Bromwich \u00e9d., New York, Library of America, Literary Classics of the United States, 3. vol., 1996-1999.<br \/>\n<i>The Complete letters of Henry James<\/i>, Pierre A. Walker et Greg W. Zacharias \u00e9d., Lincoln-London, University of Nebraska Press, 2006.<\/p>\n<\/div>\n<\/div>\n<div class=\"auteurtitre\">\n<p><strong>\u0152uvres en fran\u00e7ais<\/strong><\/p>\n<\/div>\n<div class=\"textecourantjustif\">\n<div class=\"textecourantjustif\">\n<p>\u00c0 ce jour, il n\u2019existe pas d\u2019\u00e9dition des \u0153uvres compl\u00e8tes d\u2019Henry James en fran\u00e7ais\u00a0: toutefois les \u00e9ditions de La Diff\u00e9rence d\u2019une part et Gallimard d\u2019autre part ont entrepris l\u2019\u00e9dition compl\u00e8te de ses nouvelles. Une grande partie de son \u0153uvre (romans, nouvelles, essais, carnets) est disponible s\u00e9par\u00e9ment chez bon nombre d\u2019\u00e9diteurs dont il est impossible de donner ici une recension exhaustive. Citons le travail effectu\u00e9 par les \u00e9ditions 10-18 qui firent para\u00eetre 23 volumes, malheureusement \u00e9puis\u00e9s pour la plupart d\u2019entre eux, reprenant des traductions r\u00e9alis\u00e9es des ann\u00e9es 1950 aux ann\u00e9es 1980.<\/p>\n<p><i>Nouvelles<\/i>, trad. et pr\u00e9s. Jean Pavans, Paris, \u00c9ditions de la Diff\u00e9rence, 3 vol, 1990-2008.<br \/>\n<i>Nouvelles compl\u00e8tes<\/i>, trad. Marie-Fran\u00e7oise Cachin, Annick Duperray, Max Duperray et al., Annick Duperray et \u00c9velyne Labb\u00e9 \u00e9d., Paris, Gallimard, Biblioth\u00e8que de la Pl\u00e9iade, 2 vol., 2003 (les volumes 3 et 4 restent \u00e0 para\u00eetre, <i>L\u2019\u00c9l\u00e8ve<\/i> devant figurer dans le volume 3).<\/p>\n<\/div>\n<\/div>\n<div class=\"auteurtitre\">\n<p><strong>Traductions de <i>L\u2019\u00c9l\u00e8ve<\/i> en fran\u00e7ais<\/strong><\/p>\n<\/div>\n<div class=\"textecourantjustif\">\n<div class=\"textecourantjustif\">\n<p><i>Dans la cage<\/i> suivi de <i>L\u2019\u00c9l\u00e8ve<\/i> et de <i>L\u2019Autel des morts<\/i>, trad. Maurice Lanoire et Denyse Clairouin, Paris, Stock, Le Cabinet des cosmopolites, 1929.<br \/>\n<i>L\u2019\u00c9l\u00e8ve<\/i> (version de 1892), trad. Pierre Leyris, illustr\u00e9e de dessins de Manet, Lausanne, Mermod, collection Le Bouquet, 1958.<br \/>\n<i>L\u2019\u00c9l\u00e8ve et autres nouvelles<\/i>, trad. Pierre Leyris, Marie Canavaggia et Marc Chadourne, Paris, Union G\u00e9n\u00e9rale d\u2019\u00c9ditions, 10-18, 1963, 1983 puis 10-18, 1996.<br \/>\n<i>L\u2019\u00c9l\u00e8ve<\/i>, trad. Fabrice Hugot, Paris, Crit\u00e9rion, 1992\u00a0; Paris, Seuil, Points Roman, 1994.<\/p>\n<\/div>\n<\/div>\n<div class=\"auteurtitre\">\n<p><strong>\u00c9tudes sur Henry James en fran\u00e7ais<\/strong><\/p>\n<\/div>\n<div class=\"textecourantjustif\">\n<div class=\"textecourantjustif\">\n<p>Garnier Marie-Reine, <i>Henry James et la France<\/i>, Paris, Biblioth\u00e8que de la Revue de litt\u00e9rature compar\u00e9e, 1927\u00a0; Gen\u00e8ve, Slatkine, 1978.<br \/>\nZ\u00e9raffa Michel dir., <i>\u00ab L\u2019Art de la fiction \u00bb,<\/i> <i>Henry James\u00a0: neuf \u00e9tudes<\/i>, Klincksieck, Paris, 1978.<br \/>\nPoulet Georges, \u00ab Henry James \u00bb, in <i>Les M\u00e9tamorphoses du cercle<\/i>, Paris, Flamarion, 1979, p. 459-478.<br \/>\nVeza Laurette, <i>Henry James, le champ du regard<\/i>, Paris, La Table ronde, 1989.<br \/>\nLabb\u00e9 \u00c9velyne, <i>\u00c9crits sur l\u2019ab\u00eeme\u00a0: les derniers romans de Henry James<\/i>, Lyon, Presses Universitaires de Lyon, 1990.<br \/>\nEdel L\u00e9on, <i>Henry James, une vie<\/i>, trad. Andr\u00e9 M\u00fcller, Paris, Seuil, 1990, \u00e9d. originale New York, Harper &amp; Row, 1985.<br \/>\nOzouf Mona, <i>La Muse d\u00e9mocratique. Henry James ou les pouvoirs du roman<\/i>, Calmann-L\u00e9vy, 1998.<br \/>\nWolkenstein Julie, <i>La sc\u00e8ne europ\u00e9enne\u00a0: Henry James et le romanesque en question<\/i>, Paris, H. Champion, 2000.<br \/>\nSayer-Adda Babette, <i>Henry James\u00a0: sublimer et vivre<\/i>, Paris, P.U.F., 2007.<\/p>\n<\/div>\n<\/div>\n","protected":false},"excerpt":{"rendered":"<p>Henry James aux \u00e9ditions Sillage : L&rsquo;\u00c9l\u00e8ve Les D\u00e9pouilles de Poynton Le Fonds Coxon 1843\u00a0: Le 15 avril, naissance \u00e0 New York d\u2019Henry James, second des cinq enfants d\u2019Henry James Senior et de Mary Robertson Walsh. Gr\u00e2ce \u00e0 la fortune acquise par le grand-p\u00e8re paternel d\u2019Henry, \u00e9migr\u00e9 irlandais protestant arriv\u00e9 aux \u00c9tats-Unis juste apr\u00e8s la [&hellip;]<\/p>\n","protected":false},"author":1,"featured_media":0,"parent":0,"menu_order":0,"comment_status":"closed","ping_status":"closed","template":"","meta":{"footnotes":""},"class_list":["post-800","page","type-page","status-publish","hentry"],"_links":{"self":[{"href":"https:\/\/editions-sillage.fr\/index.php?rest_route=\/wp\/v2\/pages\/800","targetHints":{"allow":["GET"]}}],"collection":[{"href":"https:\/\/editions-sillage.fr\/index.php?rest_route=\/wp\/v2\/pages"}],"about":[{"href":"https:\/\/editions-sillage.fr\/index.php?rest_route=\/wp\/v2\/types\/page"}],"author":[{"embeddable":true,"href":"https:\/\/editions-sillage.fr\/index.php?rest_route=\/wp\/v2\/users\/1"}],"replies":[{"embeddable":true,"href":"https:\/\/editions-sillage.fr\/index.php?rest_route=%2Fwp%2Fv2%2Fcomments&post=800"}],"version-history":[{"count":7,"href":"https:\/\/editions-sillage.fr\/index.php?rest_route=\/wp\/v2\/pages\/800\/revisions"}],"predecessor-version":[{"id":3496,"href":"https:\/\/editions-sillage.fr\/index.php?rest_route=\/wp\/v2\/pages\/800\/revisions\/3496"}],"wp:attachment":[{"href":"https:\/\/editions-sillage.fr\/index.php?rest_route=%2Fwp%2Fv2%2Fmedia&parent=800"}],"curies":[{"name":"wp","href":"https:\/\/api.w.org\/{rel}","templated":true}]}}