{"id":797,"date":"2016-08-18T18:12:11","date_gmt":"2016-08-18T16:12:11","guid":{"rendered":"http:\/\/editions-sillage.fr\/?page_id=797"},"modified":"2016-10-14T18:44:06","modified_gmt":"2016-10-14T16:44:06","slug":"camillo-boito","status":"publish","type":"page","link":"https:\/\/editions-sillage.fr\/?page_id=797","title":{"rendered":"Camillo Boito"},"content":{"rendered":"<blockquote>\n<p style=\"text-align: justify;\">Camillo Boito aux \u00e9ditions Sillage :<\/p>\n<ul>\n<li style=\"text-align: justify;\"><a href=\"http:\/\/editions-sillage.fr\/?p=590\">Senso<\/a><\/li>\n<\/ul>\n<\/blockquote>\n<p><img loading=\"lazy\" decoding=\"async\" class=\"alignright size-full wp-image-798\" src=\"http:\/\/editions-sillage.fr\/wp-content\/uploads\/2016\/08\/boito-1.jpg\" alt=\"boito\" width=\"154\" height=\"226\" srcset=\"https:\/\/editions-sillage.fr\/wp-content\/uploads\/2016\/08\/boito-1.jpg 154w, https:\/\/editions-sillage.fr\/wp-content\/uploads\/2016\/08\/boito-1-102x150.jpg 102w\" sizes=\"auto, (max-width: 154px) 100vw, 154px\" \/><\/p>\n<p style=\"text-align: justify;\">1836\u00a0: Le 30 octobre, \u00e0 Rome, naissance de Camillo Boito. Le p\u00e8re, Silvestro, est un peintre d\u2019origine modeste. La m\u00e8re, Giuseppina Rodolinska, est une comtesse polonaise.<\/p>\n<p style=\"text-align: justify;\">1842\u00a0: En f\u00e9vrier, naissance de son fr\u00e8re Arrigo Boito, compositeur et \u00e9crivain, qui deviendra librettiste de Verdi. La famille habite Venise, voyage en Italie, en Allemagne, en Pologne et conna\u00eet des difficult\u00e9s mat\u00e9rielles. Le p\u00e8re, qui n\u2019a pas tout \u00e0 fait renonc\u00e9 \u00e0 la vie de boh\u00e8me, quitte r\u00e9guli\u00e8rement le foyer.<\/p>\n<p style=\"text-align: justify;\">1849\u00a0: Camillo Boito est admis \u00e0 l\u2019Acad\u00e9mie des Beaux-Arts de Venise, o\u00f9 il \u00e9tudie sous la direction de Pietro Selvatico. L\u2019ann\u00e9e suivante, sa m\u00e8re retourne en Pologne, abandonnant ses enfants \u00e0 leur p\u00e8re.<\/p>\n<p style=\"text-align: justify;\">1853: Sa m\u00e8re accompagne Arrigo \u00e0 Milan, o\u00f9 ce dernier suit les cours du Conservatoire de musique, tandis que Camillo reste \u00e0 Venise.<\/p>\n<p style=\"text-align: justify;\">1855\u00a0: \u00c0 19 ans, tr\u00e8s pr\u00e9coce, Camillo Boito succ\u00e8de \u00e0 Selvatico \u00e0 la chaire d\u2019esth\u00e9tique et d\u2019histoire de l\u2019architecture de l\u2019Acad\u00e9mie des Beaux-Arts de Venise. Ce poste lui permet d\u2019apporter un secours financier \u00e0 sa m\u00e8re et son fr\u00e8re. L\u2019ann\u00e9e suivante, d\u00e9mis de ses fonctions du fait de son hostilit\u00e9 au gouvernement autrichien, il gagne la Toscane.<\/p>\n<p style=\"text-align: justify;\">1858: De retour \u00e0 Venise, il restaure la basilique Santa Maria e San Donato de Murano.<\/p>\n<p style=\"text-align: justify;\">1859\u00a0: De nouveau poursuivi par la police autrichienne, il gagne Milan o\u00f9 il obtient l\u2019ann\u00e9e suivante la chaire d\u2019architecture de l\u2019Acad\u00e9mie des Beaux-Arts de Brera, qu\u2019il ne quittera qu\u2019en 1908, formant ainsi deux g\u00e9n\u00e9rations d\u2019architectes. Sp\u00e9cialiste de l\u2019\u00e9poque m\u00e9di\u00e9vale, ses travaux lui vaudront d\u2019\u00eatre consid\u00e9r\u00e9 comme le fondateur des \u00e9tudes d\u2019histoire de l\u2019architecture\u00a0; il th\u00e9orise une troisi\u00e8me voie entre Viollet-le-Duc et Ruskin. \u00c0 Milan, il fr\u00e9quente le salon de la c\u00e9l\u00e8bre comtesse Maffei, o\u00f9 se r\u00e9unissent les Scapigliati \u2013 litt\u00e9ralement, les \u00ab\u00a0\u00e9chevel\u00e9s\u00a0\u00bb. Ces jeunes peintres, \u00e9crivains et musiciens, parmi lesquels se comptent Arrigo Boito, Iginio Ugo Tarchetti, Carlo Dossi, Emilio Praga et Puccini, entendent lutter contre le conformisme de m\u0153urs de leur \u00e9poque. Ils se r\u00e9clament de Baudelaire, de Poe ou de Hoffmann, mais aussi de Proudhon, et leurs habitudes de vie \u2013 pauvret\u00e9, boh\u00e8me, recours aux drogues et \u00e0 l\u2019alcool \u2013 font scandale.<\/p>\n<p style=\"text-align: justify;\">1862\u00a0: Camillo Boito \u00e9pouse sa cousine Cecilia de Guillaume. Le mariage n\u2019est pas heureux et le couple se s\u00e9pare peu apr\u00e8s, suite \u00e0 la mort de leur fils unique.<\/p>\n<p style=\"text-align: justify;\">1870\u00a0: Publication de la nouvelle <i>Un corpo<\/i> (<i>Un corps<\/i>).<\/p>\n<p style=\"text-align: justify;\">1876\u00a0: Il publie <i>Storielle vane<\/i> (<i>Histoires vaines<\/i>), son premier recueil de nouvelles.<\/p>\n<p style=\"text-align: justify;\">1880\u00a0: <i>L\u2019Architettura del Medioevo in Italia<\/i>.<\/p>\n<p style=\"text-align: justify;\">1883\u00a0: <i>Leonardo, Michelangelo e Andrea Palladio, Studi artistici<\/i>. Publication de <i>Nuove storielle vane<\/i>. Ce recueil, o\u00f9 figure <i>Senso<\/i>, est son dernier ouvrage litt\u00e9raire, Boito se consacrant par la suite \u00e0 la critique d\u2019art, dans <i>Lo Spettatore<\/i> et <i>Il Pungolo<\/i>.<\/p>\n<p style=\"text-align: justify;\">1884\u00a0: <i>Gite di un artista<\/i>.<\/p>\n<p style=\"text-align: justify;\">1885\u00a0: <i>L\u2019Anima di un pittore<\/i>.<\/p>\n<p style=\"text-align: justify;\">1887\u00a0: Boito \u00e9pouse la marquise Madonnina Malaspina.<\/p>\n<p style=\"text-align: justify;\">1888\u00a0: Publication d\u2019<i>Ornamenti di tutti i stili<\/i>.<\/p>\n<p style=\"text-align: justify;\">1889\u00a0: Restauration du d\u00f4me de Milan.<\/p>\n<p style=\"text-align: justify;\">1893\u00a0: Publication de son ouvrage majeur, <i>Questioni pratiche di belle arti<\/i>, o\u00f9 se trouvent rassembl\u00e9es ses th\u00e8ses sur la restauration.<\/p>\n<p style=\"text-align: justify;\">1902\u00a0: Premi\u00e8re loi italienne sur la conservation des monuments. Cette loi, ainsi que la seconde, en 1909, sont directement inspir\u00e9es par les th\u00e8ses de Boito.<\/p>\n<p style=\"text-align: justify;\">1914\u00a0: Camillo Boito meurt \u00e0 Milan le 28 juin.<\/p>\n<hr \/>\n<h4 style=\"text-align: center;\"><a id=\"biblio\"><\/a>Bibliographie<\/h4>\n<p>&nbsp;<\/p>\n<div class=\"textecourantjustif\">\n<div class=\"textecourantjustif\">\n<p style=\"text-align: justify;\"><i>Senso<\/i> parut pour la premi\u00e8re fois dans <i>Senso\u00a0: nuove storielle vane<\/i>, Milan, Fratelli Treves, 1883. Une deuxi\u00e8me \u00e9dition revue et corrig\u00e9e parut chez le m\u00eame \u00e9diteur en 1899.<\/p>\n<p style=\"text-align: justify;\">Il existe plusieurs \u00e9ditions des nouvelles compl\u00e8tes. On peut citer\u00a0:<br \/>\n <i>Senso e altre storielle vane<\/i>, Piero Nardi (\u00e9d.), Florence, Le Monnier, 1961.<br \/>\n <i>Storielle vane. Tutti i racconti<\/i>, Roberto Bigazzi (\u00e9d.), Florence, Vallecchi, 1971.<br \/>\n <i>Storielle vane<\/i>, Marziano Guglielminetti (\u00e9d.), Rome, Silva, 1971.<br \/>\n <i>Senso e altri racconti<\/i>, Matilde Dillon Wanke (\u00e9d.), Milan, Mondadori, 1994.<\/p>\n<p style=\"text-align: justify;\"><em>Senso<\/em> fut adapt\u00e9 pour le cin\u00e9ma par Luchino Visconti en 1954.<\/p>\n<div class=\"auteurtitre\" style=\"text-align: justify;\">\n<p><strong>Traductions de <i>Senso<\/i><\/strong><\/p>\n<\/div>\n<div class=\"textecourantjustif\">\n<div class=\"textecourantjustif\">\n<p style=\"text-align: justify;\"><i>Senso. Carnet secret de la comtesse Livia<\/i>, trad. par Jacques Parsi, Arles, Actes Sud, 1983.<br \/>\n <i>Senso. Carnet secret de la comtesse Livia<\/i>, trad. par Monique Baccelli, Paris, Fayard, Mille et une nuits, 1998.<\/p>\n<div class=\"auteurtitre\">\n<p><strong>\u0152uvres traduites en fran\u00e7ais<\/strong><\/p>\n<\/div>\n<div class=\"textecourantjustif\">\n<div class=\"textecourantjustif\">\n<p style=\"text-align: justify;\"><i>La Basilique de Saint-Marc \u00e0 Venise, \u00e9tudi\u00e9e au double point de vue de l\u2019art et de l\u2019histoire<\/i>, Camillo Boito (\u00e9d.), trad. par Alfred Cruvelli\u00e9, Venise, F. Ongania, 1889-1890, 3 tomes.<br \/>\n <i>Un corps<\/i> [extrait de <i>Storielle vane<\/i>], trad. par Isabel Violante Picon, Paris, Alfil, 1995.<br \/>\n <i>Histoires vaines<\/i> [extraits de <i>Storielle vane<\/i> et de <i>Senso\u00a0: nuove storielle vane<\/i>], trad. par Karin Dubois, Toulouse, Ombres, 1999.<br \/>\n <i>Conserver ou restaurer\u00a0: les dilemmes du patrimoine<\/i>, trad. par Jean-Marc Mandosio, Besan\u00e7on, \u00c9ditions de l\u2019Imprimerie, 2000.<\/p>\n<div class=\"auteurtitre\">\n<p><strong>Ouvrages critiques<\/strong><\/p>\n<\/div>\n<div class=\"textecourantjustif\">\n<div class=\"textecourantjustif\">\n<p style=\"text-align: justify;\"><i>Camillo Boito, a cura del Comitato per le onoranze alla sua memori<\/i>, Milan, Allegretti, 1916.<br \/>\n Nardi Piero, <i>Vita di Arrigo Boito<\/i>, Milan, Mondadori, 1942.<br \/>\n Grassi Liliana, <i>Camillo Boito<\/i>, Milan, Il Balcone, 1959.<br \/>\n Partridge Colin J., <i>Senso\u00a0: Visconti\u2019s film and Boito\u2019s novella\u00a0: a case study in the relation between literature and film<\/i>, Lewiston (N.Y.), Edwin Mellen, 1991.<br \/>\n Maderna Marco (\u00e9d.), <i>Pensieri di un architetto\u00a0: documenti e frammenti per una biografia intellettuale di Camillo Boito critico militante e architetto<\/i>, Milan, Archinto, 1998.<br \/>\n Zucconi Guido, Castellani Francesca (\u00e9d.), <i>Camillo Boito\u00a0: un\u2019 architettura per l\u2019Italia unita<\/i> [Exposition\u00a0; Padoue, Museo civico, 2000], Venise, Marsilio, 2000.<br \/>\n Agosti Giacomo, Mangione Costanza (\u00e9d.), <i>Camillo Boito e il sistema delle arti\u00a0: dallo storicismo ottocentesco al melodramma cinematografico di Luchino Visconti\u00a0: atti degli incontri di studio promossi dall\u2019Accademia di Brera<\/i>, Padoue, Il Poligrafo, 2002.<br \/>\n Zucconi Guido, Serena Tiziana (\u00e9d.), <i>Camillo Boito\u00a0: un protagonista dell\u2019Ottocento italiano<\/i>, Venise, Istituto veneto di scienze, lettere ed arti, 2002.<\/p>\n<p style=\"text-align: justify;\"><strong>Liens<\/strong><\/p>\n<p style=\"text-align: justify;\"><a href=\"http:\/\/sfiic.free.fr\/core\/core14_boito.htm\" target=\"_blank\">Un portrait de Boito par Georges Brunel sur le site de la revue <i>Cor\u00e9<\/i>.<\/a><\/p>\n<\/div>\n<\/div>\n<\/div>\n<\/div>\n<div class=\"auteurtitre\">\u00a0<\/div>\n<\/div>\n<\/div>\n<\/div>\n<\/div>\n","protected":false},"excerpt":{"rendered":"<p>Camillo Boito aux \u00e9ditions Sillage : Senso 1836\u00a0: Le 30 octobre, \u00e0 Rome, naissance de Camillo Boito. Le p\u00e8re, Silvestro, est un peintre d\u2019origine modeste. La m\u00e8re, Giuseppina Rodolinska, est une comtesse polonaise. 1842\u00a0: En f\u00e9vrier, naissance de son fr\u00e8re Arrigo Boito, compositeur et \u00e9crivain, qui deviendra librettiste de Verdi. La famille habite Venise, voyage [&hellip;]<\/p>\n","protected":false},"author":1,"featured_media":0,"parent":0,"menu_order":0,"comment_status":"closed","ping_status":"closed","template":"","meta":{"footnotes":""},"class_list":["post-797","page","type-page","status-publish","hentry"],"_links":{"self":[{"href":"https:\/\/editions-sillage.fr\/index.php?rest_route=\/wp\/v2\/pages\/797","targetHints":{"allow":["GET"]}}],"collection":[{"href":"https:\/\/editions-sillage.fr\/index.php?rest_route=\/wp\/v2\/pages"}],"about":[{"href":"https:\/\/editions-sillage.fr\/index.php?rest_route=\/wp\/v2\/types\/page"}],"author":[{"embeddable":true,"href":"https:\/\/editions-sillage.fr\/index.php?rest_route=\/wp\/v2\/users\/1"}],"replies":[{"embeddable":true,"href":"https:\/\/editions-sillage.fr\/index.php?rest_route=%2Fwp%2Fv2%2Fcomments&post=797"}],"version-history":[{"count":4,"href":"https:\/\/editions-sillage.fr\/index.php?rest_route=\/wp\/v2\/pages\/797\/revisions"}],"predecessor-version":[{"id":1291,"href":"https:\/\/editions-sillage.fr\/index.php?rest_route=\/wp\/v2\/pages\/797\/revisions\/1291"}],"wp:attachment":[{"href":"https:\/\/editions-sillage.fr\/index.php?rest_route=%2Fwp%2Fv2%2Fmedia&parent=797"}],"curies":[{"name":"wp","href":"https:\/\/api.w.org\/{rel}","templated":true}]}}