{"id":713,"date":"2016-08-18T12:01:28","date_gmt":"2016-08-18T10:01:28","guid":{"rendered":"http:\/\/editions-sillage.fr\/?page_id=713"},"modified":"2017-07-20T18:09:29","modified_gmt":"2017-07-20T16:09:29","slug":"octave-mirbeau-1848-1917","status":"publish","type":"page","link":"https:\/\/editions-sillage.fr\/?page_id=713","title":{"rendered":"Octave Mirbeau"},"content":{"rendered":"<div class=\"textecourantjustif\">\n<blockquote>\n<p style=\"text-align: justify;\">Octave Mirbeau aux \u00e9ditions Sillage :<\/p>\n<ul>\n<li style=\"text-align: justify;\"><a href=\"http:\/\/editions-sillage.fr\/?p=523\"><em>La Mort de Balzac<\/em><\/a><\/li>\n<\/ul>\n<\/blockquote>\n<p style=\"text-align: justify;\"><img loading=\"lazy\" decoding=\"async\" class=\"alignright size-full wp-image-714\" src=\"http:\/\/editions-sillage.fr\/wp-content\/uploads\/2016\/08\/mirbeau-1.jpg\" alt=\"mirbeau\" width=\"150\" height=\"195\" srcset=\"https:\/\/editions-sillage.fr\/wp-content\/uploads\/2016\/08\/mirbeau-1.jpg 150w, https:\/\/editions-sillage.fr\/wp-content\/uploads\/2016\/08\/mirbeau-1-115x150.jpg 115w\" sizes=\"auto, (max-width: 150px) 100vw, 150px\" \/>1848\u00a0: Le 16 f\u00e9vrier, naissance d\u2019Octave Mirbeau \u00e0 Tr\u00e9vi\u00e8res (Calvados), au sein d\u2019une famille bourgeoise. Son p\u00e8re est m\u00e9decin et a pour client\u00e8le la bonne soci\u00e9t\u00e9 locale.<\/p>\n<p style=\"text-align: justify;\">1859\u00a0: Apr\u00e8s avoir pass\u00e9 son enfance \u00e0 R\u00e9malard, qu\u2019il \u00e9voquera dans nombre de ses \u0153uvres, il entre au coll\u00e8ge des j\u00e9suites de Vannes. Il en est renvoy\u00e9 en 1863 dans des circonstances suspectes. Ce passage de sa vie inspirera tr\u00e8s certainement l\u2019\u00e9criture de <i>S\u00e9bastien Roch<\/i> (1890).<\/p>\n<p style=\"text-align: justify;\">1866\u00a0: Le 7 mars, Mirbeau obtient, apr\u00e8s trois essais, son baccalaur\u00e9at de lettres. Il entame des \u00e9tudes \u00e0 la Facult\u00e9 de Droit de Paris, qu\u2019il abandonnera rapidement pour retourner dans son village d\u2019enfance, o\u00f9 il travaille chez un notaire.<\/p>\n<p style=\"text-align: justify;\">1870\u00a0: Mort de sa m\u00e8re \u00e0 la veille de la guerre contre la Prusse. Mirbeau est mobilis\u00e9 dans l\u2019arm\u00e9e de la Loire. Il rendra compte de cet \u00e9pisode douloureux et plus particuli\u00e8rement de celui de la d\u00e9b\u00e2cle de 1870 dans divers contes et dans des chapitres de son roman <i>Le Calvaire<\/i>.<\/p>\n<p style=\"text-align: justify;\">1872\u00a0: Il se rend \u00e0 Paris o\u00f9 un voisin et client de son p\u00e8re, Henri Dugu\u00e9 de la Fauconnerie, ancien d\u00e9put\u00e9 bonapartiste devenu directeur du journal antir\u00e9publicain <i>L\u2019Ordre<\/i>, l\u2019embauche comme secr\u00e9taire particulier.<\/p>\n<p style=\"text-align: justify;\">1875\u00a0: Il \u00e9crit son premier article \u00e0 <i>L\u2019Ordre<\/i>.<\/p>\n<p style=\"text-align: justify;\">1876\u00a0: Il est charg\u00e9 de la chronique th\u00e9\u00e2trale de <i>L\u2019Ordre<\/i>.<\/p>\n<p style=\"text-align: justify;\">1877\u00a0: Il collabore anonymement \u00e0 <i>L\u2019Ari\u00e9geois<\/i>, journal bonapartiste dont il prend la direction l\u2019ann\u00e9e suivante.<\/p>\n<p style=\"text-align: justify;\">1879\u00a0: Il rentre \u00e0 Paris et devient secr\u00e9taire du nouveau directeur du <i>Gaulois<\/i>, quotidien monarchiste.<\/p>\n<p style=\"text-align: justify;\">1880\u00a0: Il signe \u00ab\u00a0Tout-Paris\u00a0\u00bb une chronique quotidienne du <i>Gaulois<\/i>, <i>La Journ\u00e9e Parisienne<\/i>. D\u00e9but d\u2019une relation mouvement\u00e9e avec Judith Vimmer.<\/p>\n<p style=\"text-align: justify;\">1882\u00a0: En plus de difficult\u00e9s financi\u00e8res, il souffre de son statut de \u00ab\u00a0prol\u00e9taire des lettres\u00a0\u00bb et \u00e9crit <i>Un rat\u00e9<\/i>. Il travaille quelques mois pour <i>Le Figaro<\/i> mais son pamphlet <i>Le Com\u00e9dien<\/i> scandalise, et il est renvoy\u00e9.<\/p>\n<p style=\"text-align: justify;\">1883\u00a0: Il dirige pendant six mois <i>Les Grimaces<\/i>, hebdomadaire satirique, politiquement tourn\u00e9 vers les extr\u00eames et antis\u00e9mite. Il reniera cet antis\u00e9mitisme deux ans plus tard et n\u2019aura de cesse de le regretter. <i>M\u00e9nages parisiens<\/i>, <i>La Mar\u00e9chale<\/i> et <i>Noces parisiennes<\/i> sont publi\u00e9s sous pseudonyme.<\/p>\n<p style=\"text-align: justify;\">1884\u00a0: D\u00e9truit par sa liaison avec Judith Vimmer et douze ann\u00e9es pass\u00e9es \u00e0 des travaux litt\u00e9raires ou journalistiques sans int\u00e9r\u00eat, il d\u00e9cide de se retirer en Bretagne afin de faire le bilan de sa vie et d\u2019entamer sa \u00ab\u00a0r\u00e9demption\u00a0\u00bb.<\/p>\n<p style=\"text-align: justify;\">1885\u00a0: De nouveau \u00e0 Paris, il s\u2019engage dans des combats politiques et se fait le d\u00e9fenseur des avant-gardes artistiques. Il devient pour longtemps l\u2019ami de Monet, de Rodin ou de Pissaro. Parution de son premier r\u00e9cit\u00a0: <i>Lettre de ma chaumi\u00e8re<\/i>.<\/p>\n<p style=\"text-align: justify;\">1886\u00a0: Parution de <i>Le Calvaire<\/i>, roman en grande partie autobiographique, dans lequel l\u2019\u00e9crivain transcrit sa douloureuse liaison avec Judith Vimmer. Le chapitre consacr\u00e9 \u00e0 la d\u00e9b\u00e2cle fran\u00e7aise de 1870 d\u00e9pla\u00eet fortement aux milieux nationalistes.<\/p>\n<p style=\"text-align: justify;\">1887\u00a0: Mariage discret \u00e0 Londres avec l\u2019ancienne actrice Alice Regnault.<\/p>\n<p style=\"text-align: justify;\">1890\u00a0: Publication fin avril de <i>S\u00e9bastien Roch<\/i>. Ce roman, inspir\u00e9 des souvenirs de sa jeunesse en Normandie, est victime du silence de la critique officielle\u00a0: le sujet principal en est le viol d\u2019un adolescent par un j\u00e9suite.<\/p>\n<p style=\"text-align: justify;\">1891\u00a0: Parution de la premi\u00e8re version du <i>Journal d\u2019une femme de chambre<\/i> dans l\u2019<i>\u00c9cho de Paris<\/i>. Les ann\u00e9es qui suivent sont pour Mirbeau une p\u00e9riode de crise profonde. Marqu\u00e9 par les difficult\u00e9s qu\u2019il conna\u00eet dans son mariage et un certain pessimisme, il \u00e9prouve de grandes difficult\u00e9s \u00e0 cr\u00e9er et des doutes persistants quant \u00e0 l\u2019utilit\u00e9 de son activit\u00e9 litt\u00e9raire.<\/p>\n<p style=\"text-align: justify;\">1892-1893\u00a0: Parution en feuilleton du roman <i>Dans le ciel<\/i>, reflet de la p\u00e9riode d\u2019incertitude et d\u2019absolu d\u00e9faitisme qu\u2019il traverse. Les personnages principaux en sont un \u00e9crivain rat\u00e9 et son ami peintre, qui finira par se suicider pour n\u2019avoir pas su atteindre son id\u00e9al.<\/p>\n<p style=\"text-align: justify;\">1898\u00a0: Il prend parti pour Dreyfus, s\u2019implique, assiste au proc\u00e8s de Zola et participe \u00e0 de nombreux meetings.<\/p>\n<p style=\"text-align: justify;\">1899\u00a0: Parution du <i>Jardin des supplices<\/i>, \u0153uvre surprenante constitu\u00e9e de textes de natures diverses et ind\u00e9pendants les uns des autres. F\u00e9rocement anticolonialiste, anarchiste avant la lettre, le livre fait scandale, notamment en raison de la crudit\u00e9 et de la violence de certaines sc\u00e8nes.<\/p>\n<p style=\"text-align: justify;\">1900\u00a0: Parution du <i>Journal d\u2019une femme de chambre<\/i>. Le livre remporte un grand succ\u00e8s. Mirbeau est \u00e9lu \u00e0 l\u2019Acad\u00e9mie Goncourt. Cela lui donnera une visibilit\u00e9 suppl\u00e9mentaire pour d\u00e9fendre les \u00e9crivains qu\u2019il appr\u00e9cie\u00a0: R\u00e9my de Gourmont, Marcel Schwob, Jules Renard, puis Alfred Jarry, Paul L\u00e9autaud, Valery Larbaud ou L\u00e9on Werth.<\/p>\n<p style=\"text-align: justify;\">1903\u00a0: Il conna\u00eet un triomphe international au th\u00e9\u00e2tre avec <i>Les affaires sont les affaires<\/i>.<\/p>\n<p style=\"text-align: justify;\">1904\u00a0: Collabore \u00e0 l\u2019Humanit\u00e9 et s\u2019engage politiquement (n\u2019h\u00e9sitant pas par exemple \u00e0 apporter son soutien \u00e0 la R\u00e9volution russe de 1905).<\/p>\n<p style=\"text-align: justify;\">1907\u00a0: Il publie <i>La<\/i> <i>628-E8<\/i>, roman inclassable construit autour d\u2019un voyage en automobile.<\/p>\n<p style=\"text-align: justify;\">1908\u00a0: La Com\u00e9die Fran\u00e7aise accepte, suite \u00e0 une d\u00e9cision de justice, de repr\u00e9senter <i>Le Foyer<\/i>, pi\u00e8ce dans laquelle il attaque violemment le clerg\u00e9 catholique et le gouvernement r\u00e9publicain. En une dizaine d\u2019ann\u00e9es, sa notori\u00e9t\u00e9 est devenue europ\u00e9enne\u00a0; on publie ses <i>\u0152uvres compl\u00e8tes<\/i> en Russie.<\/p>\n<p style=\"text-align: justify;\">1911\u00a0: Tr\u00e8s affaibli, il est presque inapte \u00e0 \u00e9crire. N\u00e9anmoins il r\u00e9digera ces ann\u00e9es-l\u00e0 <i>L\u2019Amour de la femme v\u00e9nale<\/i>, r\u00e9cit sur la prostitution. En 1913, c\u2019est son ami L\u00e9on Werth, alors \u00e2g\u00e9 d\u2019une trentaine d\u2019ann\u00e9es, qui termine et publie son roman <i>Dingo<\/i>.<\/p>\n<p style=\"text-align: justify;\">1914\u00a0: Exasp\u00e9r\u00e9 et profond\u00e9ment meurtri par la guerre, il d\u00e9cide de se retirer \u00e0 Triel.<\/p>\n<p style=\"text-align: justify;\">1917\u00a0: Il meurt le 16 f\u00e9vrier, le jour de ses 69 ans.<\/p>\n<hr \/>\n<div class=\"auteurtitre\" style=\"text-align: justify;\">\n<p style=\"text-align: center;\"><strong><a id=\"biblio\"><\/a>Rep\u00e8res bibliographiques<\/strong><\/p>\n<p><strong>Sur \u00ab\u00a0La Mort de Balzac\u00a0\u00bb<\/strong><\/p>\n<\/div>\n<div class=\"textecourantjustif\">\n<p style=\"text-align: justify;\">En novembre 1907, Octave Mirbeau fait para\u00eetre chez l\u2019\u00e9diteur Fasquelle <i>La 628-E8<\/i>, r\u00e9cit tr\u00e8s personnel d\u2019un voyage en automobile. L\u2019ouvrage, entre autres digressions, contient trois sous-chapitres consacr\u00e9s \u00e0 Balzac. Le premier, \u00ab\u00a0Avec Balzac\u00a0\u00bb, relate bri\u00e8vement une partie de la carri\u00e8re litt\u00e9raire de l\u2019\u00e9crivain, alors que le second, \u00ab\u00a0La femme de Balzac\u00a0\u00bb, est consacr\u00e9 \u00e0 Ewelina Hanska, \u00e0 sa relation avec le romancier et au terrible \u00e9chec de leur mariage. Mais c\u2019est un troisi\u00e8me sous-chapitre, intitul\u00e9 \u00ab\u00a0La Mort de Balzac\u00a0\u00bb, qui provoque un scandale. Il y est question des confidences qu\u2019aurait faites \u00e0 Mirbeau le peintre Jean Gigoux, amant de Mme Hanska, concernant la fa\u00e7on dont s\u2019est d\u00e9roul\u00e9e la derni\u00e8re nuit de Balzac, le 18 ao\u00fbt 1850. L\u2019\u00e9pouse et son amant laissent le romancier vivre seul les derniers moments d\u2019une agonie affreuse. Sous la plume de Mirbeau, cet \u00e9pisode prend une teinte presque fantasmagorique\u00a0; Mme Hanska et Jean Gigoux n\u2019en sortent pas grandis.<\/p>\n<p style=\"text-align: justify;\">Le texte provoque une vive r\u00e9action de la fille issue du premier mariage de Mme Hanska, Anna Mniszech. Elle quitte sa retraite du couvent des dames de la Croix pour exiger que Mirbeau \u00ab\u00a0efface ces pages de [son] oeuvre\u00a0\u00bb, sous peine d\u2019\u00eatre poursuivi en diffamation.<\/p>\n<p style=\"text-align: justify;\">Mirbeau accepte la suppression du texte incrimin\u00e9 \u2013 selon Pierre Michel<a id=\"noteretour\" name=\"noteretour\"><\/a><sup><a href=\"http:\/\/editions.sillage.free.fr\/auteurs\/mirbeau.html#note\">1<\/a><\/sup>, il s\u2019agit plus du respect de la volont\u00e9 d\u2019une dame \u00e2g\u00e9e, d\u2019une certaine lassitude \u00e9galement, que des craintes de complications judiciaires. <i>La 628-E8<\/i> \u00e9tait d\u00e9j\u00e0 imprim\u00e9, pr\u00eat \u00e0 \u00eatre mis en vente. Fasquelle est donc contraint de d\u00e9brocher \u00e0 la h\u00e2te les trois sous-chapitres, qui ne paraissent finalement qu\u2019en 1918, un an apr\u00e8s la mort de l\u2019auteur, \u00e0 tirage limit\u00e9, sous le titre <i>La Mort de Balzac<\/i> et \u00e0 l\u2019initiative d\u2019un myst\u00e9rieux \u00ab\u00a0amateur\u00a0\u00bb.<\/p>\n<p style=\"text-align: justify;\">Ils sont publi\u00e9s \u00e0 nouveau en 1989, aux \u00c9ditions du L\u00e9rot, par Jean-Fran\u00e7ois Nivet et Pierre Michel, \u00e9dition reprise ensuite en 1999 aux \u00c9ditions du F\u00e9lin. Un an plus tard, ils sont ins\u00e9r\u00e9s \u00e0 leur emplacement originel dans l\u2019\u00e9dition compl\u00e8te de l\u2019<i>\u0152uvre romanesque<\/i> de Mirbeau aux \u00c9ditions Buchet-Chastel.<\/p>\n<p style=\"text-align: justify;\"><a id=\"note\" name=\"note\"><\/a><a href=\"http:\/\/editions.sillage.free.fr\/auteurs\/mirbeau.html#noteretour\">1.<\/a> Cf. l\u2019introduction de Pierre Michel \u00e0 La 628-E8, in <i>\u0152uvre romanesque<\/i>, Volume 3, Paris, Buchet\/Chastel \u2013 Soci\u00e9t\u00e9 Octave Mirbeau, 2001.<\/p>\n<div class=\"auteurtitre\" style=\"text-align: justify;\">\n<p><strong>Romans d\u2019Octave Mirbeau<\/strong><\/p>\n<\/div>\n<div class=\"textecourantjustif\">\n<p style=\"text-align: justify;\"><i>\u0152uvre romanesque<\/i>, Paris, Buchet-Chastel \u2013 Soci\u00e9t\u00e9 Octave Mirbeau, 2000-2001, 3 volumes.<br \/>\n \u2013 Volume 1\u00a0: <i>Le Calvaire<\/i> (Ollendorff, 1886), <i>L\u2019Abb\u00e9 Jules <\/i>(Ollendorff, 1888), <i>S\u00e9bastien Roch<\/i> (Charpentier, 1890).<br \/>\n \u2013 Volume 2\u00a0: <i>Dans le ciel<\/i> (en feuilleton dans <i>L\u2019\u00c9cho de Paris<\/i>, 1892-1893), <i>Le Jardin des supplices <\/i>(Fasquelle, 1899), <i>Le Journal d\u2019une femme de chambre<\/i> (Fasquelle, 1900).<br \/>\n \u2013 Volume 3\u00a0: <i>Les 21 jours d\u2019un neurasth\u00e9nique<\/i> (Fasquelle, 1901), <i>La 628-E8<\/i> (Fasquelle, 1907), <i>Dingo<\/i> (Fasquelle, 1913), <i>Un gentilhomme<\/i> (roman inachev\u00e9, Flammarion, 1920).<\/p>\n<p style=\"text-align: justify;\">Cinq romans \u00e9crits sous pseudonyme sont reproduits en annexe\u00a0: <i>L\u2019\u00c9cuy\u00e8re<\/i>, sous le pseudonyme d\u2019Alain Bauquenne (Ollendorff, 1882) (Vol. 1)\u00a0; <i>La Mar\u00e9chale<\/i>, sous le pseudonyme d\u2019Alain Bauquenne (Ollendorff, 1883) (Vol. 1)\u00a0; <i>La Belle Madame Le Vassart<\/i>, sous le pseudonyme d\u2019Alain Bauquenne (Ollendorff, 1884) (Vol. 2)\u00a0; <i>Dans la vieille rue<\/i>, sous le pseudonyme de Forsan (Ollendorff, 1885) (Vol. 2)\u00a0; <i>La Duchesse Ghislaine<\/i>, sous le pseudonyme de Forsan (Ollendorff, 1885) (Vol. 3).<\/p>\n<div class=\"auteurtitre\" style=\"text-align: justify;\">\n<p><strong>Romans \u00e0 la paternit\u00e9 incertaine<\/strong><\/p>\n<\/div>\n<div class=\"textecourantjustif\" style=\"text-align: justify;\">\n<p><i>Jean Marcellin<\/i>, double signature d\u2019Octave Mirbeau et d\u2019Albert Miroux, Paris, Ollendorff, 1885.<\/p>\n<p>Sous le pseudonyme d\u2019Alain Bauquenne ou de Forsan\u00a0:<br \/>\n <i>L\u2019Amoureuse de Ma\u00eetre Wilhelm<\/i>, Paris, Ollendorff, 1880.<br \/>\n <i>Les Incertitudes de Livia<\/i>, Paris, Ollendorff, 1884.<br \/>\n <i>Expiation<\/i>, Paris, Calmann-L\u00e9vy, 1881.<\/p>\n<p><i>Marthe de Thiennes<\/i>, Paris, Calmann-L\u00e9vy, 1882.<br \/>\n <i>M\u00e9nages parisiens<\/i>, Paris, Ollendorff, 1883.<\/p>\n<p>Sign\u00e9s Jeanne Mairet (l\u2019utilisation de ce pseudonyme est une hypoth\u00e8se)\u00a0:<br \/>\n <i>Marca<\/i>, Paris, Ollendorff, 1882.<br \/>\n <i>Jean M\u00e9ronde<\/i>, Paris, Ollendorff, 1885.<br \/>\n <i>Une folie<\/i>, Paris, Ollendorff, 1886.<\/p>\n<\/div>\n<div class=\"auteurtitre\" style=\"text-align: justify;\">\n<p><strong>Th\u00e9\u00e2tre<\/strong><\/p>\n<\/div>\n<div class=\"textecourantjustif\" style=\"text-align: justify;\">\n<p>Th\u00e9\u00e2tre complet, Cazaubon, Eur\u00e9dit, 2003, 4 volumes. \u00c9dition \u00e9tablie et pr\u00e9sent\u00e9e par Pierre Michel.<br \/>\n \u2013 Volume 1\u00a0: <i>Les Mauvais Bergers<\/i> (Fasquelle, 1898).<br \/>\n \u2013 Volume 2\u00a0: <i>Les Affaires sont les affaires<\/i> (Fasquelle, 1903).<br \/>\n \u2013 Volume 3\u00a0: <i>Le Foyer<\/i> (Fasquelle, 1908).<br \/>\n \u2013 Volume 4\u00a0: <i>Farces et moralit\u00e9s<\/i> (Fasquelle, 1904 \u2013 recueil de six pi\u00e8ces en un acte\u00a0: <i>L\u2019\u00c9pid\u00e9mie <\/i>(1898), <i>Vieux m\u00e9nages<\/i> (1900), <i>Les Amants<\/i> (1901), <i>Le Portefeuille<\/i> (1902), <i>Scrupules<\/i> (1902), <i>Interview<\/i> (1904)).<\/p>\n<\/div>\n<div class=\"auteurtitre\" style=\"text-align: justify;\">\n<p><strong>Critique litt\u00e9raire et artistique<\/strong><\/p>\n<\/div>\n<div class=\"textecourantjustif\" style=\"text-align: justify;\">\n<p><i>Combats esth\u00e9tiques<\/i>, Paris, S\u00e9guier, 1993, 2 volumes. \u00c9dition \u00e9tablie par Pierre Michel et Jean-Fran\u00e7ois Nivet.<br \/>\n <i>Combats litt\u00e9raires<\/i>, Paris, L\u2019\u00c2ge d\u2019homme, 2006. \u00c9dition \u00e9tablie par Pierre Michel et Jean-Fran\u00e7ois Nivet.<\/p>\n<\/div>\n<div class=\"auteurtitre\" style=\"text-align: justify;\">\n<p><strong>Contes<\/strong><\/p>\n<\/div>\n<div class=\"textecourantjustif\" style=\"text-align: justify;\">\n<div class=\"auteurtitre\"><i>Contes Cruels<\/i>, Paris, S\u00e9guier, 1990, 2 volumes. \u00c9dition \u00e9tablie et pr\u00e9sent\u00e9e par Pierre Michel et Jean-Fran\u00e7ois Nivet.<\/div>\n<\/div>\n<div class=\"auteurtitre\" style=\"text-align: justify;\">\n<p><strong>\u00c9crits politiques<\/strong><\/p>\n<\/div>\n<div class=\"textecourantjustif\" style=\"text-align: justify;\">\n<p><i>Combats politiques<\/i>, Paris, S\u00e9guier, 1990. \u00c9dition \u00e9tablie et pr\u00e9sent\u00e9e par Pierre Michel et Jean-Fran\u00e7ois Nivet. Anthologie des textes politiques \u00e9crits par Octave Mirbeau.<br \/>\n <i>L\u2019Affaire Dreyfus<\/i>, Paris, S\u00e9guier, 1991. \u00c9dition \u00e9tablie et pr\u00e9sent\u00e9e par Pierre Michel et Jean-Fran\u00e7ois Nivet. Recueil des textes relatifs \u00e0 l\u2019affaire Dreyfus, extraits pour la plupart de <i>L\u2019Aurore<\/i>, du <i>Journal<\/i> et du <i>Journal du peuple<\/i>, 1897-1899.<\/p>\n<\/div>\n<div class=\"auteurtitre\" style=\"text-align: justify;\">\n<p><strong>Correspondance<\/strong><\/p>\n<\/div>\n<div class=\"textecourantjustif\" style=\"text-align: justify;\">\n<p><i>Correspondance g\u00e9n\u00e9rale<\/i>, Paris, L\u2019\u00c2ge d\u2019homme, 2002-2009, 3 volumes. \u00c9dition \u00e9tablie et pr\u00e9sent\u00e9e par Pierre Michel.<\/p>\n<\/div>\n<div class=\"textecourantjustif\">\n<p style=\"text-align: justify;\">BARON Philippe, <i>La Technique dramatique d\u2019Octave Mirbeau<\/i>, Angers, Actes du colloque d\u2019Angers, Presses de l\u2019Universit\u00e9 d\u2019Angers, 1992.<br \/>\n BAU\u00cbR G\u00e9rard, \u00ab\u00a0Octave Mirbeau, h\u00e9ros de son th\u00e9\u00e2tre\u00a0\u00bb, <i>Les Annales-Conferencia<\/i> n\u00b0 106, ao\u00fbt 1959.<br \/>\n BERNARD Tristan, <i>Mirbeau et la post\u00e9rit\u00e9<\/i>, Paris, Les Cahiers d\u2019aujourd\u2019hui, 1922.<br \/>\n HERZFELD Claude, <i>Le Monde imaginaire d\u2019Octave Mirbeau<\/i>, Angers, Presses de l\u2019Universit\u00e9 d\u2019Angers, 2001.<br \/>\n HERZFELD Claude, <i>La figure de M\u00e9duse dans l\u2019\u0153uvre d\u2019Octave Mirbeau<\/i>, Paris, Nizet, 1992.<br \/>\n HIMY-PI\u00c9RI Laure et POULOIN G\u00e9rard (dir.), <i>Octave Mirbeau\u00a0: passions et anath\u00e8mes<\/i>, Caen, Colloque de Cerisy-la-Salle, Universit\u00e9 de Caen, 2007.<br \/>\n LAIR Samuel, <i>Mirbeau et le mythe de la nature<\/i>, Rennes, Presses Universitaires de Rennes, 2004.<br \/>\n LLOYD Christopher, <i>Mirbeau\u2019s fictions<\/i>, Durham, University of Durham, 1996.<br \/>\n MCCAFFREY Enda, <i>Octave Mirbeau\u2019s litterary and intellectual evolution as a French writer<\/i>, 1880-1914, Lewiston (N.Y.), E. Mellen, 2000.<br \/>\n MICHEL Pierre, NIVET Jean-Fran\u00e7ois, <i>Octave Mirbeau\u00a0: l\u2019impr\u00e9cateur au coeur fid\u00e8le<\/i>, Paris, S\u00e9guier, 1990.<br \/>\n MICHEL Pierre, <i>Octave Mirbeau et le roman<\/i>, \u00c9d. du Boucher, 2005.<br \/>\n MICHEL Pierre, <i>Mirbeau et la \u00ab\u00a0n\u00e9gritude\u00a0\u00bb<\/i>, \u00c9d. du Boucher, 2004.<br \/>\n MICHEL Pierre, <i>Lucidit\u00e9, d\u00e9sespoir et \u00e9criture<\/i>, Angers, Presses de l\u2019Universit\u00e9 d\u2019Angers, 2001.<br \/>\n MICHEL Pierre, <i>Les combats d\u2019Octave Mirbeau<\/i>, Paris, Les Belles Lettres, 1995.<br \/>\n MICHEL Pierre, CHALINE Anne, Paris, <i>Colloque Octave Mirbeau<\/i>, \u00c9d. du Demi-cercle, 1994.<br \/>\n THI\u00c9BLEMONT-DOLLET Sylvie, <i>Octave Mirbeau, un journaliste faiseur d\u2019opinion<\/i>, Nancy, Presses Universitaires de Nancy, 2001.<\/p>\n<p style=\"text-align: justify;\">On pourra \u00e9galement consulter les Cahiers <i>Octave Mirbeau<\/i>, Angers, Soci\u00e9t\u00e9 Octave Mirbeau, 1994-2010, 17 num\u00e9ros.<\/p>\n<\/div>\n<\/div>\n<\/div>\n<\/div>\n","protected":false},"excerpt":{"rendered":"<p>Octave Mirbeau aux \u00e9ditions Sillage : La Mort de Balzac 1848\u00a0: Le 16 f\u00e9vrier, naissance d\u2019Octave Mirbeau \u00e0 Tr\u00e9vi\u00e8res (Calvados), au sein d\u2019une famille bourgeoise. Son p\u00e8re est m\u00e9decin et a pour client\u00e8le la bonne soci\u00e9t\u00e9 locale. 1859\u00a0: Apr\u00e8s avoir pass\u00e9 son enfance \u00e0 R\u00e9malard, qu\u2019il \u00e9voquera dans nombre de ses \u0153uvres, il entre au [&hellip;]<\/p>\n","protected":false},"author":1,"featured_media":0,"parent":0,"menu_order":0,"comment_status":"closed","ping_status":"closed","template":"","meta":{"footnotes":""},"class_list":["post-713","page","type-page","status-publish","hentry"],"_links":{"self":[{"href":"https:\/\/editions-sillage.fr\/index.php?rest_route=\/wp\/v2\/pages\/713","targetHints":{"allow":["GET"]}}],"collection":[{"href":"https:\/\/editions-sillage.fr\/index.php?rest_route=\/wp\/v2\/pages"}],"about":[{"href":"https:\/\/editions-sillage.fr\/index.php?rest_route=\/wp\/v2\/types\/page"}],"author":[{"embeddable":true,"href":"https:\/\/editions-sillage.fr\/index.php?rest_route=\/wp\/v2\/users\/1"}],"replies":[{"embeddable":true,"href":"https:\/\/editions-sillage.fr\/index.php?rest_route=%2Fwp%2Fv2%2Fcomments&post=713"}],"version-history":[{"count":7,"href":"https:\/\/editions-sillage.fr\/index.php?rest_route=\/wp\/v2\/pages\/713\/revisions"}],"predecessor-version":[{"id":1831,"href":"https:\/\/editions-sillage.fr\/index.php?rest_route=\/wp\/v2\/pages\/713\/revisions\/1831"}],"wp:attachment":[{"href":"https:\/\/editions-sillage.fr\/index.php?rest_route=%2Fwp%2Fv2%2Fmedia&parent=713"}],"curies":[{"name":"wp","href":"https:\/\/api.w.org\/{rel}","templated":true}]}}