{"id":706,"date":"2016-08-18T11:31:59","date_gmt":"2016-08-18T09:31:59","guid":{"rendered":"http:\/\/editions-sillage.fr\/?page_id=706"},"modified":"2017-07-20T18:40:02","modified_gmt":"2017-07-20T16:40:02","slug":"victor-segalen-2","status":"publish","type":"page","link":"https:\/\/editions-sillage.fr\/?page_id=706","title":{"rendered":"Victor Segalen"},"content":{"rendered":"<div class=\"textecourantjustif\">\n<blockquote>\n<p style=\"text-align: justify;\">Victor Segalen aux \u00e9ditions Sillage :<\/p>\n<ul>\n<li style=\"text-align: justify;\"><em><a href=\"http:\/\/editions-sillage.fr\/?p=504\">Un grand fleuve<\/a><\/em><\/li>\n<\/ul>\n<\/blockquote>\n<p style=\"text-align: justify;\"><img loading=\"lazy\" decoding=\"async\" class=\"size-full wp-image-1866 alignright\" src=\"http:\/\/editions-sillage.fr\/wp-content\/uploads\/2016\/08\/segalen.png\" alt=\"\" width=\"143\" height=\"201\" srcset=\"https:\/\/editions-sillage.fr\/wp-content\/uploads\/2016\/08\/segalen.png 143w, https:\/\/editions-sillage.fr\/wp-content\/uploads\/2016\/08\/segalen-107x150.png 107w\" sizes=\"auto, (max-width: 143px) 100vw, 143px\" \/>Victor Segalen na\u00eet \u00e0 Brest en 1878. M\u00e9decin de la Marine en 1902, il part pour Tahiti o\u00f9 il recueille les derni\u00e8res \u0153uvres de Gauguin apr\u00e8s la mort de celui-ci. C\u2019est au cours de ce s\u00e9jour qu\u2019il \u00e9crit les <i>Imm\u00e9moriaux<\/i>, publi\u00e9s en 1907. Il commence l\u2019\u00e9tude du chinois en 1908. Re\u00e7u \u00e0 l\u2019examen d\u2019\u00e9l\u00e8ve interpr\u00e8te, il obtient un d\u00e9tachement en Chine, o\u00f9 il reste cinq ans. Il s\u2019installe \u00e0 P\u00e9kin avec sa famille, voyage \u00e0 travers le pays et au Japon, et participe \u00e0 la lutte contre l\u2019\u00e9pid\u00e9mie de peste en Mandchourie en 1911. Il publie <i>St\u00e8les<\/i> en 1913, et dirige une exp\u00e9dition arch\u00e9ologique qui part de P\u00e9kin d\u00e9but 1914. La mission est interrompue par l\u2019annonce de la guerre\u00a0: Segalen revient en France o\u00f9 il est affect\u00e9 \u00e0 l\u2019h\u00f4pital de Brest, puis, \u00e0 sa demande, sur la ligne de front, pr\u00e8s de Dunkerque. Malade, il doit retourner \u00e0 l\u2019arri\u00e8re pour y \u00eatre hospitalis\u00e9. Apr\u00e8s avoir publi\u00e9 <i>Peintures<\/i> en 1916, il retourne en Chine l\u2019ann\u00e9e suivante pour y recruter des travailleurs\u00a0; c\u2019est l\u2019occasion pour lui de s\u2019atteler \u00e0 de nouvelles recherches arch\u00e9ologiques. Rentr\u00e9 en France en 1918, il travaille au po\u00e8me <i>Thibet<\/i>, et envisage apr\u00e8s l\u2019armistice de quitter la Marine pour se consacrer \u00e0 l\u2019arch\u00e9ologie et \u00e0 son projet d\u2019un Institut de Sinologie. Son \u00e9tat de sant\u00e9 se d\u00e9t\u00e9riore consid\u00e9rablement, bien qu\u2019il ait selon ses dires renonc\u00e9 \u00e0 l\u2019opium depuis fin 1916. Il obtient plusieurs cong\u00e9s de convalescence, souffre d\u2019\u00e9tats d\u00e9pressifs et d\u2019un \u00e9puisement physique total. On d\u00e9couvre son corps le 23 mai 1919 dans la for\u00eat de Huelgoat, avec une profonde blessure au talon et un garrot de fortune.<\/p>\n<\/div>\n<div class=\"textecourantjustif\">\n<p style=\"text-align: justify;\">La majeure partie de son \u0153uvre sera publi\u00e9e \u00e0 titre posthume.<\/p>\n<hr \/>\n<div class=\"soustitre\" style=\"text-align: justify;\">\n<div align=\"center\">\n<p><strong><a id=\"note\"><\/a>Note sur le texte<\/strong><\/p>\n<\/div>\n<\/div>\n<div class=\"textecourantjustif\">\n<p style=\"text-align: justify;\">En d\u00e9cembre 1909, Victor Segalen, arriv\u00e9 en Chine depuis six mois, s\u2019embarque sur une jonque qui le conduit de Tchong-king \u00e0 Yi-tchang, tout le long du fleuve Yang-tseu. De ce voyage na\u00eetra <i>Un grand fleuve<\/i>, texte \u00e9crit et retravaill\u00e9 entre 1910 et 1912.<\/p>\n<p style=\"text-align: justify;\">Un grand fleuve fut publi\u00e9 pour la premi\u00e8re fois dans la revue <i>Lettres Nouvelles<\/i> en janvier 1956, puis repris dans le recueil <i>Imaginaires<\/i>, aux \u00e9ditions de La Rougerie, en 1972.<\/p>\n<p style=\"text-align: justify;\"><i>Le Philosophe dans la vie<\/i> appartient \u00e0 un ensemble de textes et d\u2019\u00e9bauches auxquels Segalen n\u2019eut pas le temps de faire prendre leur forme d\u00e9finitive\u00a0: il parut pour la premi\u00e8re fois dans le recueil <i>Imaginaires<\/i> (La Rougerie, 1972).<\/p>\n<\/div>\n<\/div>\n","protected":false},"excerpt":{"rendered":"<p>Victor Segalen aux \u00e9ditions Sillage : Un grand fleuve Victor Segalen na\u00eet \u00e0 Brest en 1878. M\u00e9decin de la Marine en 1902, il part pour Tahiti o\u00f9 il recueille les derni\u00e8res \u0153uvres de Gauguin apr\u00e8s la mort de celui-ci. C\u2019est au cours de ce s\u00e9jour qu\u2019il \u00e9crit les Imm\u00e9moriaux, publi\u00e9s en 1907. Il commence l\u2019\u00e9tude [&hellip;]<\/p>\n","protected":false},"author":1,"featured_media":0,"parent":0,"menu_order":0,"comment_status":"closed","ping_status":"closed","template":"","meta":{"footnotes":""},"class_list":["post-706","page","type-page","status-publish","hentry"],"_links":{"self":[{"href":"https:\/\/editions-sillage.fr\/index.php?rest_route=\/wp\/v2\/pages\/706","targetHints":{"allow":["GET"]}}],"collection":[{"href":"https:\/\/editions-sillage.fr\/index.php?rest_route=\/wp\/v2\/pages"}],"about":[{"href":"https:\/\/editions-sillage.fr\/index.php?rest_route=\/wp\/v2\/types\/page"}],"author":[{"embeddable":true,"href":"https:\/\/editions-sillage.fr\/index.php?rest_route=\/wp\/v2\/users\/1"}],"replies":[{"embeddable":true,"href":"https:\/\/editions-sillage.fr\/index.php?rest_route=%2Fwp%2Fv2%2Fcomments&post=706"}],"version-history":[{"count":5,"href":"https:\/\/editions-sillage.fr\/index.php?rest_route=\/wp\/v2\/pages\/706\/revisions"}],"predecessor-version":[{"id":1867,"href":"https:\/\/editions-sillage.fr\/index.php?rest_route=\/wp\/v2\/pages\/706\/revisions\/1867"}],"wp:attachment":[{"href":"https:\/\/editions-sillage.fr\/index.php?rest_route=%2Fwp%2Fv2%2Fmedia&parent=706"}],"curies":[{"name":"wp","href":"https:\/\/api.w.org\/{rel}","templated":true}]}}