{"id":680,"date":"2016-08-17T17:15:23","date_gmt":"2016-08-17T15:15:23","guid":{"rendered":"http:\/\/editions-sillage.fr\/?page_id=680"},"modified":"2017-07-20T18:08:54","modified_gmt":"2017-07-20T16:08:54","slug":"nathaniel-hawthorne","status":"publish","type":"page","link":"https:\/\/editions-sillage.fr\/?page_id=680","title":{"rendered":"Nathaniel Hawthorne"},"content":{"rendered":"<blockquote>\n<p style=\"text-align: justify;\">Nathaniel Hawthorne aux \u00e9ditions Sillage :<\/p>\n<ul>\n<li style=\"text-align: justify;\"><a href=\"http:\/\/editions-sillage.fr\/?p=490\"><em>L&rsquo;Exp\u00e9rience du docteur Heidegger<\/em><\/a><\/li>\n<\/ul>\n<\/blockquote>\n<p style=\"text-align: justify;\"><img loading=\"lazy\" decoding=\"async\" class=\"alignright size-full wp-image-681\" src=\"http:\/\/editions-sillage.fr\/wp-content\/uploads\/2016\/08\/hawthorne-1.jpg\" alt=\"hawthorne\" width=\"154\" height=\"205\" srcset=\"https:\/\/editions-sillage.fr\/wp-content\/uploads\/2016\/08\/hawthorne-1.jpg 154w, https:\/\/editions-sillage.fr\/wp-content\/uploads\/2016\/08\/hawthorne-1-113x150.jpg 113w\" sizes=\"auto, (max-width: 154px) 100vw, 154px\" \/>Nathaniel Hawthorne na\u00eet le 4 juillet 1804 \u00e0 Salem dans le Massachusetts. Il est le fils d\u2019un capitaine de la marine marchande, et le descendant d\u2019une famille de juges puritains impliqu\u00e9s dans des pers\u00e9cutions de Quakers et dans le proc\u00e8s des sorci\u00e8res de Salem. Orphelin de p\u00e8re \u00e0 quatre ans, il est \u00e9lev\u00e9 par sa m\u00e8re, loin du monde, dans une maison qu\u2019il s\u2019imagine hant\u00e9e.<\/p>\n<p style=\"text-align: justify;\">En 1821, il entre au Bowdoin College de Brunswick, dans le Maine, o\u00f9 il se lie d\u2019amiti\u00e9 avec Franklin Pierce, qui sera \u00e9lu en 1853 quatorzi\u00e8me pr\u00e9sident des \u00c9tats-Unis. Quatre ans plus tard, il retourne \u00e0 Salem avec la r\u00e9solution de devenir \u00e9crivain. Il passera l\u00e0 une dizaine d\u2019ann\u00e9es dans l\u2019isolement, nourri de vastes lectures. Il publie en 1828 un premier roman, qu\u2019il reniera, et un premier conte en 1830. Jusqu\u2019en 1837, il en \u00e9crit plus de soixante-dix, dans lesquels, le premier, il utilise l\u2019histoire de son continent comme mat\u00e9riau litt\u00e9raire, situant la plupart de ses r\u00e9cits dans les colonies puritaines des XVIIe et XVIIIe si\u00e8cles.<\/p>\n<p style=\"text-align: justify;\">Il sort de sa retraite en 1836 pour occuper un poste de r\u00e9dacteur en chef dans un journal \u00e0 Boston. L\u2019ann\u00e9e suivante voit la publication de son premier recueil de contes, les <i>Twice-Told Tales<\/i>. Il fr\u00e9quente le cercle de la famille Peabody, proche des transcendantalistes.<\/p>\n<p style=\"text-align: justify;\">En 1839, Hawthorne devient inspecteur des douanes \u00e0 Boston, emploi dont il d\u00e9missionne le 1er janvier 1841 pour se consacrer \u00e0 l\u2019\u00e9criture. Il s\u2019installe alors dans une communaut\u00e9 d\u2019inspiration fouri\u00e9riste, mais, d\u00e9\u00e7u, la quitte apr\u00e8s six mois. En 1842, il \u00e9pouse Sophia Peabody, et le couple s\u2019installe dans le <i>Old Manse<\/i> (\u00ab\u00a0Vieux presbyt\u00e8re\u00a0\u00bb) de Concord, Massachusetts, propri\u00e9t\u00e9 qu\u2019il loue \u00e0 la famille de Ralph Waldo Emerson. Jusqu\u2019en 1845, Hawthorne \u00e9crit une vingtaine de nouveaux contes, qui seront recueillis en 1846 dans <i>Mosses from an Old Manse<\/i>.<\/p>\n<p style=\"text-align: justify;\">Sa fille Una na\u00eet en 1844, et les Hawthorne retournent \u00e0 Salem, o\u00f9 l\u2019\u00e9crivain a obtenu un poste aux douanes. Il perd son emploi apr\u00e8s le changement de majorit\u00e9 \u00e9lectorale de 1849. La m\u00eame ann\u00e9e voit la naissance de son fils Julian et le d\u00e9c\u00e8s de sa m\u00e8re. Hawthorne commence alors la r\u00e9daction de la <i>Lettre \u00e9carlate<\/i>, qui sort l\u2019ann\u00e9e suivante et installe sa famille \u00e0 Lenox, dans le Massachusetts. Il se lie avec Herman Melville qui, dans un article \u00e9logieux, le salue comme un nouveau Messie.<\/p>\n<p style=\"text-align: justify;\">Apr\u00e8s <i>La Lettre \u00e9carlate<\/i>, Hawthorne publie <i>The Snow Image and Other Twice-Told Tales<\/i>, le recueil de ses derniers contes \u2013 \u00e0 l\u2019exception de textes destin\u00e9s \u00e0 la jeunesse \u2013 et se consacre \u00e0 des romans\u00a0: <i>La Maison aux sept pignons<\/i> (1851) et <i>Valjoie<\/i> (1852). En 1851 na\u00eet Rose, son dernier enfant.<\/p>\n<p style=\"text-align: justify;\">En 1853, suite \u00e0 l\u2019\u00e9lection de Franklin Pierce \u00e0 la pr\u00e9sidence des \u00c9tats-Unis, Hawthorne obtient un poste de consul \u00e0 Liverpool, qu\u2019il occupera quatre ans, sans \u00e9crire. De 1857 \u00e0 1859, il voyage en Italie et en France, puis revient en Am\u00e9rique pour r\u00e9diger <i>Le Faune de marbre<\/i>, qui para\u00eet en 1860. Il publie en 1863 son dernier ouvrage, <i>Our Old Home<\/i>, r\u00e9cit de son s\u00e9jour en Angleterre.<\/p>\n<p style=\"text-align: justify;\">Il meurt le 19 mai 1864 \u00e0 Plymouth, New Hampshire, lors d\u2019un s\u00e9jour qu\u2019il y effectuait en compagnie de Franklin Pierce.<\/p>\n<hr \/>\n<p style=\"text-align: justify;\"><strong><a id=\"note\"><\/a>Note de l&rsquo;auteur (septembre 1860)<\/strong><\/p>\n<p style=\"text-align: justify;\">Il y a quelque temps, une revue anglaise m\u2019a accus\u00e9 d\u2019avoir plagi\u00e9, dans cette intrigue, un chapitre d\u2019un roman d\u2019Alexandre Dumas [<i>Joseph Balsamo<\/i>]. Assur\u00e9ment, l\u2019un de nous deux a plagi\u00e9 l\u2019autre\u00a0; mais comme mon histoire a \u00e9t\u00e9 \u00e9crite voil\u00e0 plus de vingt ans, et que ce roman a \u00e9t\u00e9 publi\u00e9 \u00e0 une date bien plus r\u00e9cente, je me plais \u00e0 penser que M.\u00a0Dumas m\u2019a fait l\u2019honneur de s\u2019approprier l\u2019une des id\u00e9es fantasques de ma jeunesse. Bien s\u00fbr, il en est tout \u00e0 fait libre. Ce n\u2019est d\u2019ailleurs pas l\u2019unique occasion, et de loin, o\u00f9 l\u2019on a vu le grand romancier fran\u00e7ais exercer le privil\u00e8ge des plus \u00e9minents g\u00e9nies en confisquant la propri\u00e9t\u00e9 intellectuelle d\u2019auteurs moins c\u00e9l\u00e8bres, la d\u00e9tournant \u00e0 son usage et profit.<\/p>\n","protected":false},"excerpt":{"rendered":"<p>Nathaniel Hawthorne aux \u00e9ditions Sillage : L&rsquo;Exp\u00e9rience du docteur Heidegger Nathaniel Hawthorne na\u00eet le 4 juillet 1804 \u00e0 Salem dans le Massachusetts. Il est le fils d\u2019un capitaine de la marine marchande, et le descendant d\u2019une famille de juges puritains impliqu\u00e9s dans des pers\u00e9cutions de Quakers et dans le proc\u00e8s des sorci\u00e8res de Salem. Orphelin [&hellip;]<\/p>\n","protected":false},"author":1,"featured_media":0,"parent":0,"menu_order":0,"comment_status":"closed","ping_status":"closed","template":"","meta":{"footnotes":""},"class_list":["post-680","page","type-page","status-publish","hentry"],"_links":{"self":[{"href":"https:\/\/editions-sillage.fr\/index.php?rest_route=\/wp\/v2\/pages\/680","targetHints":{"allow":["GET"]}}],"collection":[{"href":"https:\/\/editions-sillage.fr\/index.php?rest_route=\/wp\/v2\/pages"}],"about":[{"href":"https:\/\/editions-sillage.fr\/index.php?rest_route=\/wp\/v2\/types\/page"}],"author":[{"embeddable":true,"href":"https:\/\/editions-sillage.fr\/index.php?rest_route=\/wp\/v2\/users\/1"}],"replies":[{"embeddable":true,"href":"https:\/\/editions-sillage.fr\/index.php?rest_route=%2Fwp%2Fv2%2Fcomments&post=680"}],"version-history":[{"count":4,"href":"https:\/\/editions-sillage.fr\/index.php?rest_route=\/wp\/v2\/pages\/680\/revisions"}],"predecessor-version":[{"id":1829,"href":"https:\/\/editions-sillage.fr\/index.php?rest_route=\/wp\/v2\/pages\/680\/revisions\/1829"}],"wp:attachment":[{"href":"https:\/\/editions-sillage.fr\/index.php?rest_route=%2Fwp%2Fv2%2Fmedia&parent=680"}],"curies":[{"name":"wp","href":"https:\/\/api.w.org\/{rel}","templated":true}]}}