{"id":666,"date":"2016-08-17T15:50:33","date_gmt":"2016-08-17T13:50:33","guid":{"rendered":"http:\/\/editions-sillage.fr\/?page_id=666"},"modified":"2017-07-25T16:01:39","modified_gmt":"2017-07-25T14:01:39","slug":"sir-arthur-conan-doyle-1859-1930","status":"publish","type":"page","link":"https:\/\/editions-sillage.fr\/?page_id=666","title":{"rendered":"Arthur Conan Doyle"},"content":{"rendered":"<div class=\"textecourantjustif\">\n<blockquote>\n<p style=\"text-align: justify;\">Arthur Conan Doyle aux \u00e9ditions Sillage :<\/p>\n<ul>\n<li style=\"text-align: justify;\"><a href=\"http:\/\/editions-sillage.fr\/?p=477\"><em>La Ligue des rouquins<\/em><\/a><\/li>\n<\/ul>\n<\/blockquote>\n<p style=\"text-align: justify;\"><img loading=\"lazy\" decoding=\"async\" class=\"alignright size-full wp-image-667\" src=\"http:\/\/editions-sillage.fr\/wp-content\/uploads\/2016\/08\/doyle-1.jpg\" alt=\"doyle\" width=\"152\" height=\"148\" srcset=\"https:\/\/editions-sillage.fr\/wp-content\/uploads\/2016\/08\/doyle-1.jpg 152w, https:\/\/editions-sillage.fr\/wp-content\/uploads\/2016\/08\/doyle-1-150x146.jpg 150w\" sizes=\"auto, (max-width: 152px) 100vw, 152px\" \/>Arthur Ignatius Conan Doyle na\u00eet le 22 mai 1859 \u00e0 \u00c9dimbourg, dans une famille d\u2019origine irlandaise. Son p\u00e8re est un artiste peintre alcoolique qui n\u2019a jamais connu le succ\u00e8s. Le jeune Arthur est tr\u00e8s proche de sa m\u00e8re. \u00c0 l\u2019\u00e2ge de neuf ans, l\u2019enfant est envoy\u00e9 en Angleterre pour suivre l\u2019enseignement d\u2019une \u00e9cole j\u00e9suite, o\u00f9 il perdra la foi.<\/p>\n<p style=\"text-align: justify;\">En 1876, Arthur Doyle entre \u00e0 l\u2019universit\u00e9 d\u2019\u00c9dimbourg o\u00f9 il pr\u00e9pare sa m\u00e9decine \u2013 les m\u00e9thodes de son professeur Joseph Bell inspireront le personnage de Sherlock Holmes. C\u2019est \u00e0 cette \u00e9poque qu\u2019il publie ses premi\u00e8res nouvelles.<\/p>\n<p style=\"text-align: justify;\">Le jeune homme s\u2019embarque en 1879 comme m\u00e9decin de bord sur un baleinier. De retour \u00e0 l\u2019universit\u00e9, il obtient son dipl\u00f4me en 1881 et prend de nouveau la mer, sur un navire en partance pour la c\u00f4te ouest de l\u2019Afrique. D\u00e9\u00e7u par cette exp\u00e9rience, il ouvre un cabinet avec un ancien condisciple, mais leur association tourne mal et le m\u00e8ne \u00e0 une ruine quasi compl\u00e8te. Il s\u2019installe alors \u00e0 Portsmouth, o\u00f9 il \u00e9pouse en 1885 une certaine Louisa Hawkins. De leur union na\u00eetront deux enfants.<\/p>\n<p style=\"text-align: justify;\">C\u2019est en 1888 qu\u2019est publi\u00e9 le roman <i>Une \u00e9tude en rouge<\/i>, o\u00f9 Sherlock Holmes et le docteur Watson font leur apparition, et qui conna\u00eet un grand succ\u00e8s. En 1890, Arthur Conan Doyle publie un nouveau roman centr\u00e9 autour du d\u00e9tective, <i>Le Signe des Quatre<\/i>, et part \u00e9tudier l\u2019ophtalmologie \u00e0 Vienne. Il ouvre un cabinet l\u2019ann\u00e9e suivante \u00e0 Londres, mais il est tr\u00e8s peu fr\u00e9quent\u00e9. Son agent le convainc d\u2019\u00e9crire des nouvelles autour du personnage de Sherlock Holmes et lui obtient un contrat avec le <i>Strand<\/i>, ce qui lui permet d\u2019abandonner la m\u00e9decine. Mais en 1893, consid\u00e9rant que l\u2019\u00e9criture des aventures de Sherlock Holmes, simple divertissement, l\u2019\u00e9loigne d\u2019\u0153uvres plus s\u00e9rieuses, Arthur fait mourir son h\u00e9ros vedette en le pr\u00e9cipitant du haut des chutes du Reichenbach, en Suisse, lors d\u2019une lutte contre son ennemi jur\u00e9, le professeur Moriarty \u2013 et le <i>Strand <\/i>perd vingt mille abonn\u00e9. Le magazine publiera dans les ann\u00e9es suivantes les aventure du Brigadier G\u00e9rard qui rencontreront un certain succ\u00e8s.<\/p>\n<p style=\"text-align: justify;\">1901 voit la publication du roman <i>Le<\/i> <i>Chien des Baskerville<\/i>, nouvelle enqu\u00eate de Holmes. L\u2019ann\u00e9e suivante, l\u2019auteur est anobli pour services rendus pendant la guerre des Boers \u2013 il s\u2019\u00e9tait engag\u00e9 comme m\u00e9decin volontaire en 1900 et avait publi\u00e9 une chronique des combats. En 1903 para\u00eet <i>La Maison vide<\/i>, qui marque le retour de Sherlock Holmes, ayant surv\u00e9cu aux cons\u00e9quences du combat contre le professeur Moriarty. Durant les premi\u00e8res ann\u00e9es de la d\u00e9cennie, Doyle se lance dans la politique, briguant \u00e0 deux reprises un si\u00e8ge de d\u00e9put\u00e9 \u00e0 \u00c9dimbourg, sans jamais l\u2019obtenir.<\/p>\n<p style=\"text-align: justify;\">Louisa Doyle meurt de tuberculose en 1906. La m\u00eame ann\u00e9e, l\u2019auteur m\u00e8ne l\u2019enqu\u00eate sur une affaire class\u00e9e par Scotland Yard et obtient la r\u00e9paration d\u2019une erreur judiciaire, exp\u00e9rience qu\u2019il r\u00e9it\u00e9rera en deux ans plus tard. En 1907, il se marie avec Jean Leckie, qui lui donnera trois enfants. Apr\u00e8s avoir t\u00e2t\u00e9 du th\u00e9\u00e2tre, Doyle publie en 1912 <i>Le Monde perdu<\/i>, r\u00e9cit de science-fiction avant l\u2019heure, o\u00f9 appara\u00eet pour la premi\u00e8re fois le Professeur Challenger.<\/p>\n<p style=\"text-align: justify;\">Apr\u00e8s la Premi\u00e8re Guerre mondiale \u2013 durant laquelle il a perdu un fils, un fr\u00e8re et deux beaux-fr\u00e8res \u2013 Arthur Conan Doyle d\u00e9laisse peu \u00e0 peu la fiction au profit de recherches sur l\u2019occultisme, dans lesquelles il engloutira plusieurs millions de livres. Il publiera en 1926 une <i>Histoire du spiritualisme<\/i>.<\/p>\n<p style=\"text-align: justify;\">1928 voit la publication du dernier recueil d\u2019aventures de Sherlock Holmes, <i>Les Archives de Sherlock Holmes<\/i>. L\u2019auteur succombe \u00e0 une attaque cardiaque le 7 juillet 1930. Outre les quatre romans et les cinquante-six nouvelles constituant le canon de Sherlock Holmes, il laisse une vingtaine de romans et plusieurs dizaines de contes et nouvelles.<\/p>\n<\/div>\n","protected":false},"excerpt":{"rendered":"<p>Arthur Conan Doyle aux \u00e9ditions Sillage : La Ligue des rouquins Arthur Ignatius Conan Doyle na\u00eet le 22 mai 1859 \u00e0 \u00c9dimbourg, dans une famille d\u2019origine irlandaise. Son p\u00e8re est un artiste peintre alcoolique qui n\u2019a jamais connu le succ\u00e8s. Le jeune Arthur est tr\u00e8s proche de sa m\u00e8re. \u00c0 l\u2019\u00e2ge de neuf ans, l\u2019enfant [&hellip;]<\/p>\n","protected":false},"author":1,"featured_media":0,"parent":0,"menu_order":0,"comment_status":"closed","ping_status":"closed","template":"","meta":{"footnotes":""},"class_list":["post-666","page","type-page","status-publish","hentry"],"_links":{"self":[{"href":"https:\/\/editions-sillage.fr\/index.php?rest_route=\/wp\/v2\/pages\/666","targetHints":{"allow":["GET"]}}],"collection":[{"href":"https:\/\/editions-sillage.fr\/index.php?rest_route=\/wp\/v2\/pages"}],"about":[{"href":"https:\/\/editions-sillage.fr\/index.php?rest_route=\/wp\/v2\/types\/page"}],"author":[{"embeddable":true,"href":"https:\/\/editions-sillage.fr\/index.php?rest_route=\/wp\/v2\/users\/1"}],"replies":[{"embeddable":true,"href":"https:\/\/editions-sillage.fr\/index.php?rest_route=%2Fwp%2Fv2%2Fcomments&post=666"}],"version-history":[{"count":3,"href":"https:\/\/editions-sillage.fr\/index.php?rest_route=\/wp\/v2\/pages\/666\/revisions"}],"predecessor-version":[{"id":2190,"href":"https:\/\/editions-sillage.fr\/index.php?rest_route=\/wp\/v2\/pages\/666\/revisions\/2190"}],"wp:attachment":[{"href":"https:\/\/editions-sillage.fr\/index.php?rest_route=%2Fwp%2Fv2%2Fmedia&parent=666"}],"curies":[{"name":"wp","href":"https:\/\/api.w.org\/{rel}","templated":true}]}}