{"id":629,"date":"2016-08-11T16:54:51","date_gmt":"2016-08-11T14:54:51","guid":{"rendered":"http:\/\/editions-sillage.fr\/?page_id=629"},"modified":"2016-10-17T18:33:54","modified_gmt":"2016-10-17T16:33:54","slug":"lucien-de-samosate","status":"publish","type":"page","link":"https:\/\/editions-sillage.fr\/?page_id=629","title":{"rendered":"Lucien de Samosate"},"content":{"rendered":"<blockquote>\n<p style=\"text-align: justify;\">Lucien de Samosate aux \u00e9ditions Sillage :<\/p>\n<ul>\n<li style=\"text-align: justify;\"><a href=\"http:\/\/editions-sillage.fr\/?p=331\">\u00c9loge du parasite<\/a><\/li>\n<li style=\"text-align: justify;\"><a href=\"http:\/\/editions-sillage.fr\/?p=508\">L&rsquo;Ignorant Bibliomane<\/a><\/li>\n<\/ul>\n<\/blockquote>\n<p style=\"text-align: justify;\">Lucien naquit \u00e0 Samosate, ville situ\u00e9e au bord de l\u2019Euphrate en Syrie, vers 125 ap. J.-C. Il fut l\u2019auteur de plus de quatre-vingts \u0153uvres en prose (\u00e9crites en grec) de formes diverses \u2013 essais, discours, lettres, dialogues et histoires, la plupart de ton satirique. Sa langue maternelle \u00e9tait le syriaque, mais il re\u00e7ut une solide formation rh\u00e9torique grecque. Il fut tout d\u2019abord avocat, puis comme nombre de ses contemporains devint conf\u00e9rencier itin\u00e9rant.<\/p>\n<p style=\"text-align: justify;\">Les d\u00e9tails de sa vie ne sont connus que par ce que ses propres ouvrages en r\u00e9v\u00e8lent\u00a0: il voyagea en Asie, en Gr\u00e8ce, en Italie et en Gaule puis se fixa de 165 \u00e0 185 \u00e0 Ath\u00e8nes, o\u00f9 il abandonna la rh\u00e9torique pour la philosophie. C\u2019est peut-\u00eatre alors qu\u2019il se mit \u00e0 \u00e9crire les dialogues qui le rendirent c\u00e9l\u00e8bre, mais il est difficile de dater ses \u0153uvres avec pr\u00e9cision. Elles \u00e9taient influenc\u00e9es par l\u2019Ancienne Com\u00e9die, les dialogues de Platon et plus particuli\u00e8rement les satires du cynique M\u00e9nippe. Il termina sa vie en \u00c9gypte apr\u00e8s y avoir \u00e9t\u00e9 nomm\u00e9 \u00e0 un poste mineur dans l\u2019administration romaine, et mourut vers 192 ap. J.-C.<\/p>\n<p style=\"text-align: justify;\"><i>Le Dialogue des morts<\/i>, <i>Le Songe ou La Vie de Lucien<\/i>, <i>L\u2019Histoire vraie<\/i>, <i>Le Dialogue des Dieux<\/i>, <i>Prom\u00e9th\u00e9e<\/i>, <i>Les Sectes \u00e0 l\u2019encan<\/i>, <i>La Mort de Peregrinus<\/i> sont parmi ses textes les plus c\u00e9l\u00e8bres.<\/p>\n<p style=\"text-align: justify;\">R\u00e9put\u00e9 pour avoir \u00e9crit le grec attique le plus pur de son si\u00e8cle, il fut un des auteurs de pr\u00e9dilection de Voltaire, et il inspira des personnalit\u00e9s aussi diverses qu\u2019\u00c9rasme, F\u00e9nelon, Fontenelle et Paul-Louis Courier.<\/p>\n","protected":false},"excerpt":{"rendered":"<p>Lucien de Samosate aux \u00e9ditions Sillage : \u00c9loge du parasite L&rsquo;Ignorant Bibliomane Lucien naquit \u00e0 Samosate, ville situ\u00e9e au bord de l\u2019Euphrate en Syrie, vers 125 ap. J.-C. Il fut l\u2019auteur de plus de quatre-vingts \u0153uvres en prose (\u00e9crites en grec) de formes diverses \u2013 essais, discours, lettres, dialogues et histoires, la plupart de ton [&hellip;]<\/p>\n","protected":false},"author":1,"featured_media":0,"parent":0,"menu_order":0,"comment_status":"closed","ping_status":"closed","template":"","meta":{"footnotes":""},"class_list":["post-629","page","type-page","status-publish","hentry"],"_links":{"self":[{"href":"https:\/\/editions-sillage.fr\/index.php?rest_route=\/wp\/v2\/pages\/629","targetHints":{"allow":["GET"]}}],"collection":[{"href":"https:\/\/editions-sillage.fr\/index.php?rest_route=\/wp\/v2\/pages"}],"about":[{"href":"https:\/\/editions-sillage.fr\/index.php?rest_route=\/wp\/v2\/types\/page"}],"author":[{"embeddable":true,"href":"https:\/\/editions-sillage.fr\/index.php?rest_route=\/wp\/v2\/users\/1"}],"replies":[{"embeddable":true,"href":"https:\/\/editions-sillage.fr\/index.php?rest_route=%2Fwp%2Fv2%2Fcomments&post=629"}],"version-history":[{"count":3,"href":"https:\/\/editions-sillage.fr\/index.php?rest_route=\/wp\/v2\/pages\/629\/revisions"}],"predecessor-version":[{"id":1310,"href":"https:\/\/editions-sillage.fr\/index.php?rest_route=\/wp\/v2\/pages\/629\/revisions\/1310"}],"wp:attachment":[{"href":"https:\/\/editions-sillage.fr\/index.php?rest_route=%2Fwp%2Fv2%2Fmedia&parent=629"}],"curies":[{"name":"wp","href":"https:\/\/api.w.org\/{rel}","templated":true}]}}