{"id":2764,"date":"2019-08-09T18:16:20","date_gmt":"2019-08-09T16:16:20","guid":{"rendered":"http:\/\/editions-sillage.fr\/?page_id=2764"},"modified":"2019-08-09T18:16:20","modified_gmt":"2019-08-09T16:16:20","slug":"alexandre-pouchkine","status":"publish","type":"page","link":"https:\/\/editions-sillage.fr\/?page_id=2764","title":{"rendered":"Alexandre Pouchkine"},"content":{"rendered":"<blockquote>\n<p style=\"text-align: justify;\">Alexandre Pouchkine aux \u00e9ditions Sillage :<\/p>\n<ul>\n<li><a href=\"http:\/\/editions-sillage.fr\/?p=2717\"><em>Le N\u00e8gre de Pierre le Grand<\/em><\/a><\/li>\n<\/ul>\n<\/blockquote>\n<p style=\"text-align: justify;\">1799\u202f:\u202fLe 26 mai, \u00e0 Moscou, naissance d\u2019Alexandre Sergu\u00e9i\u00e9vitch Pouchkine. Son p\u00e8re, Serge Lvovitch Pouchkine, descend d\u2019une famille d\u2019ancienne noblesse. Sa m\u00e8re, Nadejda Ossipovna Hannibal, est la petite-fille d\u2019Abraham Hannibal (1697-1781), surnomm\u00e9 le \u00ab\u00a0N\u00e8gre de Pierre le Grand\u00a0\u00bb. Alexandre a une s\u0153ur a\u00een\u00e9e, Olga, et un fr\u00e8re cadet, L\u00e9on. Il re\u00e7oit son \u00e9ducation de pr\u00e9cepteurs anglais, fran\u00e7ais, allemand et russe\u00a0; il parle couramment le fran\u00e7ais et se nourrit tr\u00e8s t\u00f4t de litt\u00e9rature fran\u00e7aise.<\/p>\n<p style=\"text-align: justify;\">1811\u202f:\u202fEn octobre, le gar\u00e7on entre au lyc\u00e9e imp\u00e9rial de Tsarsko\u00ef\u00e8 Si\u00e8lo.<\/p>\n<p style=\"text-align: justify;\">1814\u202f:\u202fEn juillet, il publie son premier po\u00e8me dans <em>Le Messager de l\u2019Europe<\/em>.<\/p>\n<p style=\"text-align: justify;\">1817\u202f:\u202fSes \u00e9tudes achev\u00e9es, Pouchkine obtient un poste au minist\u00e8re des Affaires \u00e9trang\u00e8res, \u00e0 P\u00e9tersbourg. Il m\u00e8ne une vie plut\u00f4t dissip\u00e9e, fr\u00e9quente les milieux litt\u00e9raires, compose de nombreux po\u00e8mes.<\/p>\n<p style=\"text-align: justify;\">1819\u202f:\u202fAdh\u00e9sion au cercle litt\u00e9raire La Lampe verte, qui rassemble de futurs d\u00e9cembristes.<\/p>\n<p style=\"text-align: justify;\">1820\u202f:\u202fEn mai, Pouchkine est exil\u00e9 \u00e0 Y\u00e8kat\u00e9rinoslav\u00a0\u2013 mais il a risqu\u00e9 la d\u00e9portation en Sib\u00e9rie\u00a0\u2013 pour avoir fait circuler des po\u00e9sies s\u00e9ditieuses\u00a0; il y entre au service du g\u00e9n\u00e9ral Ivan Inzov. De mai \u00e0 septembre, voyage dans le Caucase et en Crim\u00e9e avec le g\u00e9n\u00e9ral Ra\u00efevski. En ao\u00fbt, parution de <em>Rouslan et Lioudmila<\/em>. En septembre, Pouchkine suit le g\u00e9n\u00e9ral Inzov en Bessarabie \u2013\u00a0il s\u2019\u00e9chappe parfois \u00e0 Odessa et Kamienka, o\u00f9 son entourage, l\u00e0 aussi, est constitu\u00e9 de futurs d\u00e9cembristes.<\/p>\n<p style=\"text-align: justify;\">1821\u202f:\u202fParution de po\u00e8mes dans <em>L\u202f\u2019\u00c9toile polaire<\/em>. \u00c0 Kichiniov (actuelle Chisinau, en Moldavie),\u00a0il fait la connaissance d\u2019Alexandre Ypsilanti, alors \u00e0 la t\u00eate de la soci\u00e9t\u00e9 secr\u00e8te Filiki Eteria, qui lutte pour l\u2019ind\u00e9pendance grecque et dans laquelle Pouchkine envisage de s\u2019engager.<\/p>\n<p style=\"text-align: justify;\">1822\u202f:\u202fEn ao\u00fbt, parution du <em>Prisonnier du Caucase<\/em>.<\/p>\n<p style=\"text-align: justify;\">1823\u202f:\u202fPouchkine entame la r\u00e9daction d\u2019<em>Eug\u00e8ne On\u00e9guine<\/em>. En ao\u00fbt, gr\u00e2ce \u00e0 l\u2019intervention de quelques amis, il obtient d\u2019\u00eatre mut\u00e9 \u00e0 Odessa\u00a0; il entre en poste aupr\u00e8s du comte Vorontzov.<\/p>\n<p style=\"text-align: justify;\">1824\u202f:\u202fEn mars, parution de <em>La Fontaine de Bakhtchi-Sara\u00ef<\/em>. Il entame une liaison avec la femme d\u2019un n\u00e9gociant local et, probablement, une autre avec celle du comte Vorontzov. En juillet, Pouchkine d\u00e9missionne de son poste. Il est astreint \u00e0 r\u00e9sidence \u00e0 Mikha\u00eflovsko\u00ef\u00e8, o\u00f9 vivent ses parents\u00a0; il a en octobre une violente querelle avec son p\u00e8re. Il reste \u00e0 Mikha\u00eflovsko\u00ef\u00e8 jusqu\u2019en septembre 1826, avec pour seule compagnie sa bonne d\u2019enfant Arina Rodionovna, dont il \u00e9coute et transcrit r\u00e9cits et chansons.<\/p>\n<p style=\"text-align: justify;\">1825\u202f:\u202fParution du premier chapitre d\u2019<em>Eug\u00e8ne On\u00e9guine<\/em>\u202f\u2013 les suivants para\u00eetront en revue jusqu\u2019en 1832 et l\u2019\u0153uvre int\u00e9grale sera publi\u00e9e en 1833. En novembre, mort d\u2019Alexandre I<sup>er<\/sup>\u00a0; lors de la prestation de serment des troupes \u00e0 son successeur Nicolas I<sup>er<\/sup>, l\u2019insurrection dite des \u00ab\u00a0d\u00e9cembristes\u00a0\u00bb \u00e9clate. Rest\u00e9 \u00e0 Mikha\u00eflovsko\u00ef\u00e8, Pouchkine apprend l\u2019arrestation de nombre de ses amis\u202f\u2013 lui-m\u00eame a \u00e9t\u00e9 tenu \u00e0 l\u2019\u00e9cart de la conjuration, soit que son entourage l\u2019e\u00fbt jug\u00e9 peu fiable et versatile, soit que la surveillance dont il faisait l\u2019objet e\u00fbt emp\u00each\u00e9 de le tenir inform\u00e9. Il br\u00fble ses papiers.<\/p>\n<p style=\"text-align: justify;\">1826\u202f:\u202fPouchkine, qui a entrepris des d\u00e9marches pour que soit lev\u00e9e son assignation \u00e0 r\u00e9sidence, est re\u00e7u \u00e0 Moscou le 8 septembre par Nicolas I<sup>er<\/sup>. Il obtient satisfaction mais reste sous l\u2019\u00e9troite surveillance de Benkendorf, chef du corps sp\u00e9cial de gendarmerie. Nicolas Ier devient son censeur personnel. Peu apr\u00e8s cette entrevue, il donne lecture de <em>Boris Godounov<\/em> \u00e0 quelques amis, ce qui lui vaut un avertissement, le tsar n\u2019ayant pas encore approuv\u00e9 la pi\u00e8ce. Il est charg\u00e9 par Nicolas I<sup>er<\/sup> de r\u00e9diger une <em>Note sur une \u00e9ducation nationale<\/em>.<\/p>\n<p style=\"text-align: justify;\">1827\u202f:\u202fEn janvier, une sc\u00e8ne de Boris Godounov para\u00eet dans <em>Le Messager de Moscou<\/em>. Mais la pi\u00e8ce, censur\u00e9e, ne peut \u00eatre ni jou\u00e9e ni imprim\u00e9e. Pouchkine s\u00e9journe \u00e0 Moscou, puis P\u00e9tersbourg, et revient en juin \u00e0 Mikha\u00eflovsko\u00ef\u00e8, o\u00f9 il entame la r\u00e9daction du <em>N\u00e8gre de Pierre le Grand<\/em>. Parution des <em>Tsiganes<\/em>, du <em>Comte Nouline<\/em> et d\u2019une sc\u00e8ne de <em>Boris Godounov<\/em>.<\/p>\n<p style=\"text-align: justify;\">1828\u202f:\u202f\u00c0 P\u00e9tersbourg, il fait la connaissance de Nathalie Nikola\u00efevna Gontcharova, \u00e2g\u00e9e de 14 ans. En mai, lecture de <em>Boris Godounov<\/em>\u00a0; Gribo\u00ef\u00e8dov et Mickiewicz sont dans l\u2019assistance.<\/p>\n<p style=\"text-align: justify;\">1829\u202f:\u202fPouchkine multiplie flirts et liaisons. En mai, il demande Nathalie Gontcharova en mariage\u00a0et n\u2019obtient pas de r\u00e9ponse. De mai \u00e0 septembre, il voyage, sans autorisation, au Caucase et en Arm\u00e9nie. Parution d\u2019un fragment du <em>N\u00e8gre de Pierre le Grand<\/em> dans l\u2019almanach <em>Fleurs du nord<\/em>.<\/p>\n<p style=\"text-align: justify;\">1830\u202f:\u202fEn janvier, l\u2019empereur refuse \u00e0 Pouchkine un voyage \u00e0 l\u2019\u00e9tranger. En f\u00e9vrier, Boulgarine, journaliste et agent de Benkendorf, publie un pamphlet contre Pouchkine dans <em>L\u202f\u2019Abeille du Nord<\/em>, l\u2019accusant de se piquer de libre pens\u00e9e mais de ramper devant l\u2019empereur. En mars para\u00eet dans <em>La Gazette litt\u00e9raire<\/em> un fragment du <em>N\u00e8gre de Pierre le Grand<\/em>. En avril, une nouvelle demande en mariage aupr\u00e8s de Nathalie Gontcharova est accept\u00e9e, Benkendorf ayant attest\u00e9 de la bonne conduite de Pouchkine. En septembre, Pouchkine est immobilis\u00e9 \u00e0 Boldino par suite d\u2019une \u00e9pid\u00e9mie de chol\u00e9ra\u00a0; il y reste jusqu\u2019en d\u00e9cembre et y d\u00e9ploie une grande activit\u00e9 litt\u00e9raire. En d\u00e9cembre, publication de <em>Boris Godounov<\/em>.<\/p>\n<p style=\"text-align: justify;\">1831\u202f:\u202fLe 18 f\u00e9vrier, mariage avec Nathalie Gontcharova. Le couple affrontera de continuels soucis d\u2019argent. En mai, les \u00e9poux s\u2019installent \u00e0 Tsarsko\u00ef\u00e8 Si\u00e8lo. Pouchkine se lie avec Gogol, dont il favorise l\u2019entr\u00e9e en litt\u00e9rature. En juillet, il r\u00e9int\u00e8gre le minist\u00e8re des Affaires \u00e9trang\u00e8res. En septembre, il fait para\u00eetre de mani\u00e8re anonyme les <em>R\u00e9cits de feu Ivan P\u00e9trovitch Bielkine<\/em>. En octobre, publication des <em>Po\u00e9sies<\/em> <em>d\u2019Alexandre Pouchkine<\/em>.<\/p>\n<p style=\"text-align: justify;\">1832\u202f:\u202fIl commence \u00e0 travailler sur Pierre le Grand et obtient l\u2019acc\u00e8s \u00e0 la biblioth\u00e8que de Voltaire, \u00e0 l\u2019Ermitage. Le 19 mai, naissance de sa fille Marie.<\/p>\n<p style=\"text-align: justify;\">1833\u202f:\u202fAu printemps, il est \u00e9lu membre de l\u2019Acad\u00e9mie russe. R\u00e9digeant une histoire de la r\u00e9volte d\u2019Emelian Pougatchov, au XVIII<sup>e<\/sup> si\u00e8cle, Pouchkine obtient un droit d\u2019acc\u00e8s aux archives militaires. En juin, naissance de son fils Alexandre. Il passe l\u2019\u00e9t\u00e9 et le d\u00e9but de l\u2019automne \u00e0 Orenbourg et Kazan. En d\u00e9cembre, il est nomm\u00e9 gentilhomme de la Chambre \u2013 un titre r\u00e9serv\u00e9 aux adolescents et qu\u2019il per\u00e7oit comme une humiliation.<\/p>\n<p style=\"text-align: justify;\">1834\u202f:\u202fEn f\u00e9vrier, parution de<em> La Dame de Pique<\/em>. En juin, Pouchkine offre sa d\u00e9mission \u00e0 l\u2019empereur\u00a0; il se ravise le 3 juillet, puis apprend le m\u00eame jour qu\u2019elle est accept\u00e9e mais qu\u2019il perd son acc\u00e8s aux archives. Il \u00e9crit \u00e0 Benkendorf le 6 juillet, qui lui r\u00e9pond que Nicolas Ier lui pardonne. En d\u00e9cembre, parution d\u2019<em>Histoire de la r\u00e9volte de Pougatchov<\/em>, dont le titre a \u00e9t\u00e9 impos\u00e9 par l\u2019empereur.<\/p>\n<p style=\"text-align: justify;\">1835\u202f:\u202fParution des <em>Chants des Slaves occidentaux<\/em>. En mai, naissance de son fils Gr\u00e9goire. En juin, il obtient de l\u2019empereur un cong\u00e9 de six mois. Il se retire \u00e0 Mikha\u00eflovsko\u00ef\u00e8 en septembre, mais revient en octobre \u00e0 P\u00e9tersbourg au chevet de sa m\u00e8re malade.<\/p>\n<p style=\"text-align: justify;\">1836\u202f:\u202fEn avril, parution du premier num\u00e9ro de sa revue <em>Le Contemporain<\/em>. En mai, naissance de sa fille Nathalie. En novembre, Pouchkine re\u00e7oit un texte o\u00f9 il est nomm\u00e9 \u00ab\u00a0historiographe de l\u2019Ordre des cocus\u00a0\u00bb, insinuant que c\u2019est \u00e0 sa femme qu\u2019il doit la faveur dont il jouit aupr\u00e8s du tsar\u00a0; il provoque en duel le baron George Dant\u00e8s, qui courtise sa femme et qu\u2019il soup\u00e7onne d\u2019\u00eatre \u00e0 l\u2019origine de ce libelle. Dant\u00e8s s\u2019\u00e9tant aussit\u00f4t fianc\u00e9 avec la s\u0153ur de Nathalie Gontcharova, le duel n\u2019a pas lieu. En novembre, parution de <em>La Fille du capitaine<\/em> dans <em>Le Contemporain<\/em>.<\/p>\n<p style=\"text-align: justify;\">1837\u202f:\u202fEn janvier, Dant\u00e8s \u00e9pouse la s\u0153ur de Nathalie Gontcharova. Convaincu qu\u2019il poursuit toujours sa femme de ses assiduit\u00e9s, Pouchkine \u00e9crit une lettre injurieuse au baron Haeckeren, p\u00e8re adoptif de Dant\u00e8s. Le baron le provoque en duel. Le 27, Pouchkine est bless\u00e9 \u00e0 l\u2019aine. Il meurt le 29. Il est inhum\u00e9 le 6 f\u00e9vrier pr\u00e8s de Mikha\u00eflovsko\u00ef\u00e8. Haeckeren quitte P\u00e9tersbourg\u00a0; Dant\u00e8s est expuls\u00e9 de Russie. Lermontov publie un po\u00e8me \u00e0 la m\u00e9moire de Pouchkine, qui lui vaudra d\u2019\u00eatre envoy\u00e9 en exil dans le Caucase.<\/p>\n<hr \/>\n<p style=\"text-align: center;\"><strong><a id=\"biblio\"><\/a>Rep\u00e8res bibliographiques<\/strong><\/p>\n<p style=\"text-align: justify;\">Deux \u00e9pisodes du <em>N\u00e8gre de Pierre le Grand<\/em> parurent du vivant de Pouchkine\u00a0: <br \/>\n\u2013\u202f<em>Une assembl\u00e9e sous Pierre Ier<\/em> (en 1829, \u00e0 Saint-P\u00e9tersbourg, dans l\u2019almanach <em>Fleurs du nord<\/em>, chez Delvig).<br \/>\n\u2013\u202f<em>Un d\u00eener chez un bo\u00efar russe<\/em> (en 1830, \u00e0 Saint-P\u00e9tersbourg, dans <em>La Gazette litt\u00e9raire<\/em>). <br \/>\nLa premi\u00e8re publication de l\u2019ensemble, inachev\u00e9, eut lieu en 1837, \u00e0 P\u00e9tersbourg, dans <em>Le Contemporain<\/em>, n\u00b0\u00a06.<\/p>\n<p style=\"text-align: justify;\">Un fragment a \u00e9t\u00e9 traduit en fran\u00e7ais du vivant de l\u2019auteur, par Ferry de Pigny et J. Haquin, et publi\u00e9 sous le titre \u00ab\u00a0Un d\u00eener russe au temps de Pierre le Grand\u00a0\u00bb, dans <em>Les Conteurs russes ou Nouvelles, contes et traditions russes<\/em>, Paris, C.\u00a0Gosselin, 1833 (2 vol.).<\/p>\n<p style=\"text-align: justify;\">L\u202f\u2019\u0153uvre a connu plusieurs traductions fran\u00e7aises\u00a0:<\/p>\n<p style=\"text-align: justify;\">\u2013\u202fpar H\u00e9l\u00e8ne Isvolsky sous le titre \u00ab\u00a0Le Maure de Pierre-le-Grand\u00a0\u00bb, in <em>De Pouchkine \u00e0 Tolsto\u00ef. Contes et nouvelles<\/em>, Paris, \u00c9ditions de la Pl\u00e9iade, 1930.<br \/>\n\u2013\u202fpar Fran\u00e7ois de Roux et Vera Wollman sous le titre \u00ab\u00a0Le N\u00e8gre de Pierre le Grand\u00a0\u00bb, in <em>Doubrowsky, suivi de Kirdjali et de Le N\u00e8gre de Pierre le Grand<\/em>, Paris, Plon, 1937.<br \/>\n\u2013\u202fpar Whyms sous le titre \u00ab\u00a0Le N\u00e8gre de Pierre-le-Grand\u00a0\u00bb, in <em>Doubrovsky et autres contes<\/em>, Bruxelles, \u00c9ditions de la Sixaine, s.d. [vers 1940-1945].<br \/>\n\u2013\u202fpar Rostislav Hofmann sous le titre \u00ab\u00a0Le N\u00e8gre de Pierre le Grand\u00a0\u00bb, in <em>Pouchkine. Romans et nouvelles<\/em>, Paris, \u00c9ditions du Ch\u00eane, 1947 (2 vol.).<br \/>\n\u2013\u202fpar Andr\u00e9 Meynieux sous le titre \u00ab\u00a0Le N\u00e8gre de Pierre le Grand\u00a0\u00bb, in <em>\u0152uvres compl\u00e8tes. 1, Drames, romans, nouvelles<\/em>, Paris, Andr\u00e9 Bonne, 1953.<br \/>\n\u2013\u202fpar Jean-Michel Deramat sous le titre \u00ab\u00a0Le N\u00e8gre de Pierre le Grand\u00a0\u00bb, in <em>La Dame de pique. Deux r\u00e9cits de feu Ivan P\u00e9trovitch Belkine. Le N\u00e8gre de Pierre le Grand<\/em>, Paris, Charpentier, 1964.<br \/>\n\u2013\u202fpar Jean Savant sous le titre \u00ab\u00a0Le N\u00e8gre de Pierre le Grand\u00a0\u00bb, in <em>La Fille du Capitaine et autres nouvelles<\/em>, Gen\u00e8ve, Cercle du bibliophile, 1967.<br \/>\n\u2013\u202fpar Gustave Aucouturier sous le titre \u00ab\u00a0Le N\u00e8gre de Pierre le Grand\u00a0\u00bb, in Pouchkine, Gribo\u00efedov, Lermontov, <em>\u0152uvres<\/em>,\u00a0Paris, Gallimard, \u00ab\u00a0Biblioth\u00e8que de la Pl\u00e9iade\u00a0\u00bb, 1973\u00a0; traduction r\u00e9vis\u00e9e par Simone Sentz-Michel, Paris, Gallimard, 2010 [\u00e9dition bilingue].<br \/>\n\u2013\u202fpar Michel Niqueux sous le titre <em>Le N\u00e8gre de Pierre le Grand<\/em>, Paris, \u00c9ditions de la librairie du Globe, 2000 [\u00e9dition bilingue].<\/p>\n<p style=\"text-align: justify;\">\u0152uvres en fran\u00e7ais<\/p>\n<p style=\"text-align: justify;\">Pouchkine, Gribo\u00efedov, Lermontov, <em>\u0152uvres<\/em>,\u00a0Paris, Gallimard, \u00ab\u00a0Biblioth\u00e8que de la Pl\u00e9iade\u00a0\u00bb, 1973.<br \/>\nAndr\u00e9 Meynieux a entrepris une traduction des \u0153uvres compl\u00e8tes de Pouchkine chez l\u2019\u00e9diteur Andr\u00e9 Bonne, \u00e0 Paris\u00a0:<br \/>\n\u2013\u202ftome 1\u00a0: <em>Drames, romans, nouvelles<\/em>, 1953.<br \/>\n\u2013\u202ftome 3\u00a0: <em>Autobiographie, critique, correspondance<\/em>, 1958.<br \/>\nLe tome 2, consacr\u00e9 \u00e0 la po\u00e9sie, n\u2019a jamais vu le jour.<\/p>\n<p style=\"text-align: justify;\">Les traductions ont \u00e9t\u00e9 reprises dans l\u2019\u00e9dition des \u0153uvres de Pouchkine publi\u00e9es \u00e0 Lausanne, aux \u00e9ditions L\u202f\u2019\u00c2ge d\u2019homme\u00a0:<br \/>\n\u2013\u202ftome 1\u00a0: <em>Drames, romans, nouvelles<\/em>, trad. par Andr\u00e9 Meynieux, 1973.<br \/>\n\u2013\u202ftome 2\u00a0: <em>\u0152uvres po\u00e9tiques<\/em>, publi\u00e9es sous la direction d\u2019Efim Etkind, 1981 (2 vol.).<br \/>\nLes textes du tome 3 de l\u2019\u00e9dition parue chez Andr\u00e9 Bonne n\u2019ont pas \u00e9t\u00e9 inclus dans la s\u00e9rie.<\/p>\n<p style=\"text-align: justify;\">Bibliographie critique<\/p>\n<ul>\n<li style=\"text-align: justify;\">Mirsky Dimitri, <em>Pushkin<\/em>, Londres, Routledge, 1926.<\/li>\n<li style=\"text-align: justify;\">Hofmann Modeste Lioudvigovitch, <em>Pouchkine<\/em>, Paris, Payot, 1931.<\/li>\n<li style=\"text-align: justify;\"><em>Revue de litt\u00e9rature compar\u00e9e<\/em>, \u00ab\u00a0Pouchkine 1799-1837\u00a0\u00bb, Paris, Boivin, janvier-mars 1937.<\/li>\n<li style=\"text-align: justify;\">Troyat Henri, <em>Pouchkine<\/em>, Paris, Albin Michel, 1946 (2 vol.).<\/li>\n<li style=\"text-align: justify;\">Meynieux Andr\u00e9, <em>Pouchkine homme de lettres et la litt\u00e9rature professionnelle en Russie<\/em>, Paris, Librairie des Cinq Continents, 1966.<\/li>\n<li style=\"text-align: justify;\">Magarshack David, <em>Pushkin. A Biography<\/em>, Londres, Chapman\u00a0&amp; Hall, 1967.<\/li>\n<li style=\"text-align: justify;\">Vickery Walter N., <em>Alexander Pushkin<\/em>, Boston, Twayne Publishers, 1970.<\/li>\n<li style=\"text-align: justify;\">Tertz Abram, <em>Promenades avec Pouchkine<\/em>, Paris, \u00c9ditions du Seuil, 1976.<\/li>\n<li style=\"text-align: justify;\">Tsvetaeva Marina, <em>Mon Pouchkine suivi de Pouchkine et Pougatchov<\/em>, trad. par Andr\u00e9 Markowicz, Sauve, Cl\u00e9mence Hiver, 1987.<\/li>\n<li style=\"text-align: justify;\">Etkind Efim (\u00e9d.), <em>Revue des \u00c9tudes slaves<\/em>, tome 59, fascicule 1-2, \u00ab\u00a0Alexandre Pouchkine (1799-1837)\u00a0\u00bb, Paris, 1987.<\/li>\n<li style=\"text-align: justify;\">Gnammankou Dieudonn\u00e9, <em>Abraham Hanibal\u00a0: l\u2019a\u00efeul noir de Pouchkine<\/em>, Paris-Dakar, Pr\u00e9sence africaine, 1996.<\/li>\n<li style=\"text-align: justify;\">Gourdin Henri, <em>Alexandre Sergue\u00efevitch Pouchkine<\/em>, Paris, \u00c9ditions de Paris, 1999.<\/li>\n<li style=\"text-align: justify;\"><em>Pouchkine<\/em>, Paris, Europe, 1999.<\/li>\n<li style=\"text-align: justify;\">Joukovski Vassili, <em>Les Derniers Instants de Pouchkine<\/em>, Toulouse, Ombres, 2000.<\/li>\n<li style=\"text-align: justify;\">Aucouturier Michel, Bonamour Jean (\u00e9ds.), <em>L\u202f\u2019Universalit\u00e9 de Pouchkine\u00a0: colloque international organis\u00e9 par l\u2019Institut d\u2019\u00e9tudes slaves et le Centre de recherches sur les litt\u00e9ratures et civilisations slaves de l\u2019Universit\u00e9 de Paris-Sorbonne<\/em>, Paris, Institut d\u2019\u00e9tudes slaves, 2000.<\/li>\n<li style=\"text-align: justify;\">Enderlein \u00c9velyne, Victoroff Tatiana (\u00e9ds.), <em>Pouchkine, po\u00e8te de l\u2019alt\u00e9rit\u00e9<\/em>, Strasbourg, Presses universitaires de Strasbourg, 2012.<\/li>\n<\/ul>\n","protected":false},"excerpt":{"rendered":"<p>Alexandre Pouchkine aux \u00e9ditions Sillage : Le N\u00e8gre de Pierre le Grand 1799\u202f:\u202fLe 26 mai, \u00e0 Moscou, naissance d\u2019Alexandre Sergu\u00e9i\u00e9vitch Pouchkine. Son p\u00e8re, Serge Lvovitch Pouchkine, descend d\u2019une famille d\u2019ancienne noblesse. Sa m\u00e8re, Nadejda Ossipovna Hannibal, est la petite-fille d\u2019Abraham Hannibal (1697-1781), surnomm\u00e9 le \u00ab\u00a0N\u00e8gre de Pierre le Grand\u00a0\u00bb. Alexandre a une s\u0153ur a\u00een\u00e9e, Olga, [&hellip;]<\/p>\n","protected":false},"author":1,"featured_media":0,"parent":0,"menu_order":0,"comment_status":"closed","ping_status":"closed","template":"","meta":{"footnotes":""},"class_list":["post-2764","page","type-page","status-publish","hentry"],"_links":{"self":[{"href":"https:\/\/editions-sillage.fr\/index.php?rest_route=\/wp\/v2\/pages\/2764","targetHints":{"allow":["GET"]}}],"collection":[{"href":"https:\/\/editions-sillage.fr\/index.php?rest_route=\/wp\/v2\/pages"}],"about":[{"href":"https:\/\/editions-sillage.fr\/index.php?rest_route=\/wp\/v2\/types\/page"}],"author":[{"embeddable":true,"href":"https:\/\/editions-sillage.fr\/index.php?rest_route=\/wp\/v2\/users\/1"}],"replies":[{"embeddable":true,"href":"https:\/\/editions-sillage.fr\/index.php?rest_route=%2Fwp%2Fv2%2Fcomments&post=2764"}],"version-history":[{"count":3,"href":"https:\/\/editions-sillage.fr\/index.php?rest_route=\/wp\/v2\/pages\/2764\/revisions"}],"predecessor-version":[{"id":2767,"href":"https:\/\/editions-sillage.fr\/index.php?rest_route=\/wp\/v2\/pages\/2764\/revisions\/2767"}],"wp:attachment":[{"href":"https:\/\/editions-sillage.fr\/index.php?rest_route=%2Fwp%2Fv2%2Fmedia&parent=2764"}],"curies":[{"name":"wp","href":"https:\/\/api.w.org\/{rel}","templated":true}]}}