{"id":2621,"date":"2018-12-21T11:01:19","date_gmt":"2018-12-21T10:01:19","guid":{"rendered":"http:\/\/editions-sillage.fr\/?page_id=2621"},"modified":"2018-12-21T11:01:19","modified_gmt":"2018-12-21T10:01:19","slug":"tristan-bernard","status":"publish","type":"page","link":"https:\/\/editions-sillage.fr\/?page_id=2621","title":{"rendered":"Tristan Bernard"},"content":{"rendered":"<blockquote>\n<p>Tristan Bernard aux \u00e9ditions Sillage :<\/p>\n<ul>\n<li><a href=\"http:\/\/editions-sillage.fr\/?p=2428\"><em>M\u00e9moires d&rsquo;un jeune homme rang\u00e9<\/em><\/a><\/li>\n<\/ul>\n<\/blockquote>\n<p style=\"text-align: justify;\">1866\u202f: Le 7 septembre, naissance de Paul Bernard \u00e0 Besan\u00e7on, dans la m\u00eame rue qui a vu na\u00eetre Victor Hugo. Sa famille est d\u2019origine juive. Son p\u00e8re Myrthil travaille chez un ma\u00eetre de poste, Simon Ancel, dont il a \u00e9pous\u00e9 la fille, Emma.<\/p>\n<p style=\"text-align: justify;\">1873\u202f: Entr\u00e9e au lyc\u00e9e de Besan\u00e7on. Son p\u00e8re se reconvertit avec succ\u00e8s dans le n\u00e9goce de terrains.<\/p>\n<p style=\"text-align: justify;\">1878\u202f: La famille se rend \u00e0 Paris en juin pour l\u2019Exposition universelle.<\/p>\n<p style=\"text-align: justify;\">1879\u202f: Apr\u00e8s la mort de Simon Ancel, les Bernard s\u2019installent \u00e0 Paris, rue Richer. Ils font la connaissance de la famille Blum\u00a0\u2013 leur fils L\u00e9on a six ans de moins que Paul Bernard.<\/p>\n<p style=\"text-align: justify;\">1880\u202f: \u00c9l\u00e8ve au lyc\u00e9e Fontanes (qui deviendra Condorcet en 1883). Paul a pour professeur \u00c9mile Faguet.<\/p>\n<p style=\"text-align: justify;\">1881\u202f: Myrthil Bernard, qui s\u2019est lanc\u00e9 dans l\u2019immobilier, fait fortune.<\/p>\n<p style=\"text-align: justify;\">1883\u202f: Paul est en classe de rh\u00e9torique. Il se lie avec Alexandre Natanson.<\/p>\n<p style=\"text-align: justify;\">1885\u202f: Ayant obtenu son baccalaur\u00e9at, Paul devance l\u2019appel du service militaire et sert dans les dragons, auxquels le g\u00e9n\u00e9ral Boulanger impose le port de la barbe\u00a0\u2013 lib\u00e9r\u00e9 l\u2019ann\u00e9e suivante de ses obligations militaires, Paul Bernard conservera la barbe toute sa vie.<\/p>\n<p style=\"text-align: justify;\">1886\u202f: Paul \u00e9tudie le droit \u00e0 la Sorbonne. Il pratique de nombreux sports, notamment la boxe et la bicyclette.<\/p>\n<p style=\"text-align: justify;\">1887\u202f: En septembre, mariage avec Suzanne Bomsel, originaire de Belfort.<\/p>\n<p style=\"text-align: justify;\">1888\u202f: En juillet, naissance de son premier fils, Jean-Jacques. Paul entame une carri\u00e8re d\u2019avocat qu\u2019il interrompra l\u2019ann\u00e9e suivante pour devenir administrateur d\u2019une usine appartenant \u00e0 son p\u00e8re.<\/p>\n<p style=\"text-align: justify;\">1890\u202f: Paul donne sa d\u00e9mission \u00e0 son p\u00e8re. Il devient un habitu\u00e9 des biblioth\u00e8ques, des salles de ventes et des caf\u00e9s.<\/p>\n<p style=\"text-align: justify;\">1891\u202f: En octobre, naissance de son fils Raymond. Parution d\u2019un premier article, \u00ab\u00a0Du symbole dans la chanson de caf\u00e9-concert\u00a0\u00bb, dans <em>La Revue blanche<\/em>. Paul se fait d\u00e9sormais appeler Tristan Bernard\u00a0\u2013 Tristan \u00e9tant le nom d\u2019un cheval qui lui a permis de gagner aux courses.<\/p>\n<p style=\"text-align: justify;\">1892\u202f: Tristan Bernard est nomm\u00e9 directeur du v\u00e9lodrome Buffalo, alors en construction \u00e0 Neuilly. Parution de deux num\u00e9ros d\u2019une \u00e9ph\u00e9m\u00e8re revue, <em>Le Chasseur de chevelures<\/em>, dont il r\u00e9dige tous les articles.<\/p>\n<p style=\"text-align: justify;\">1893\u202f: Naissance de son troisi\u00e8me fils, \u00c9tienne. <em>Le Chasseur de chevelures<\/em> para\u00eet \u00e0 nouveau, en tant que suppl\u00e9ment de <em>La Revue Blanche<\/em>. Bernard se lie avec Jules Renard.<\/p>\n<p style=\"text-align: justify;\">1894\u202f: Avec L\u00e9on Blum, Bernard tient la chronique sportive de <em>La Revue Blanche<\/em>. Publication de <em>Vous m\u2019en direz tant\u00a0!<\/em> en collaboration avec son beau-fr\u00e8re Pierre Veber aux \u00e9ditions Flammarion.<\/p>\n<p style=\"text-align: justify;\">1895\u202f: Bernard lance <em>La Revue du v\u00e9locip\u00e9diste<\/em>. En mars, cr\u00e9ation de sa pi\u00e8ce <em>Les Pieds nickel\u00e9s<\/em>, au th\u00e9\u00e2tre de l\u2019\u0152uvre, qui remporte un grand succ\u00e8s. Parution de <em>X\u2026<\/em>, un \u00ab\u00a0roman impromptu\u00a0\u00bb \u00e9crit en collaboration avec Georges Auriol, Georges Courteline, Jules Renard et Pierre Veber.<\/p>\n<p style=\"text-align: justify;\">1897\u202f: Publication des <em>Contes de Pantruche et d\u2019ailleurs<\/em>. Premi\u00e8re des pi\u00e8ces <em>Allez, Messieurs\u00a0!<\/em>, <em>Le Fardeau de la libert\u00e9<\/em>, <em>Antoinette ou le Retour du mari<\/em>, <em>Le Cambrioleur<\/em>. Bernard est d\u00e9j\u00e0 devenu un auteur de th\u00e9\u00e2tre \u00e0 succ\u00e8s. Extr\u00eamement prolifique, il fera jouer jusqu\u2019\u00e0 cinq ou six nouvelles pi\u00e8ces par an jusqu\u2019au d\u00e9but des ann\u00e9es 1930.<\/p>\n<p style=\"text-align: justify;\">1898\u202f: Premi\u00e8re des pi\u00e8ces <em>Le Radeau de la M\u00e9duse<\/em>, <em>Franches Lipp\u00e9es<\/em>, <em>Silv\u00e9rie, ou les Fonds hollandais<\/em>, <em>Le Seul Bandit du village<\/em>, <em>Je vais m\u2019en aller<\/em>, <em>Visite de nuit<\/em>. Parution de <em>Sous toutes r\u00e9serves<\/em>.<\/p>\n<p style=\"text-align: justify;\">1899\u202f: Bernard aurait invent\u00e9 cette ann\u00e9e-l\u00e0 le jeu des \u00ab\u00a0petits chevaux\u00a0\u00bb. Publication de <em>M\u00e9moires d\u2019un jeune homme rang\u00e9<\/em>, aux \u00c9ditions de la Revue Blanche. Premi\u00e8re des pi\u00e8ces <em>Une aimable ling\u00e8re<\/em>, <em>L<\/em><em>\u202f<\/em><em>\u2019Anglais tel qu\u2019on le parle<\/em>, <em>Le Vrai Courage<\/em>, <em>Octave, ou les Projets d\u2019un mari<\/em>, <em>La Mari\u00e9e du Touring<\/em><em>&#8211;<\/em><em>Club<\/em>.<\/p>\n<p style=\"text-align: justify;\">1900\u202f: Tristan Bernard s\u2019\u00e9prend de Marcelle, femme de son ami Sam Aron. Premi\u00e8re des pi\u00e8ces <em>Un n\u00e9gociant de Besan\u00e7on<\/em>, <em>La Petite Femme de Loth<\/em>.<\/p>\n<p style=\"text-align: justify;\">1901\u202f: Suzanne Bernard re\u00e7oit r\u00e9guli\u00e8rement dans son salon Sarah Bernhardt ou Marcel Proust. Tristan d\u00e9jeune chaque jeudi avec les \u00ab\u00a0Mousquetaires\u00a0\u00bb \u2013 Lucien Guitry, Jules Renard, Alfred Capus et parfois Alphonse Allais. Premi\u00e8re de <em>L<\/em><em>\u202f<\/em><em>\u2019Affaire Mathieu<\/em>. Parution d\u2019<em>Un mari pacifique<\/em>.<\/p>\n<p style=\"text-align: justify;\">1902\u202f: Premi\u00e8re des pi\u00e8ces <em>La Bande \u00e0 L\u00e9on<\/em> et <em>Daisy<\/em>.<\/p>\n<p style=\"text-align: justify;\">1903\u202f: Bernard re\u00e7oit la L\u00e9gion d\u2019honneur. Premi\u00e8re des pi\u00e8ces <em>La Famille du brosseur<\/em>, <em>Antoinette, ou le Retour du mari<\/em>, <em>L<\/em><em>\u202f<\/em><em>\u2019Ardent Artilleur<\/em>, <em>Les Coteaux du M\u00e9doc<\/em>.<\/p>\n<p style=\"text-align: justify;\">1905\u202f:\u202fParution d\u2019<em>Amants et voleurs<\/em>.<\/p>\n<p style=\"text-align: justify;\">1906\u202f:\u202fParution de <em>Citoyens, animaux, ph\u00e9nom\u00e8nes<\/em>.<\/p>\n<p style=\"text-align: justify;\">1907\u202f:\u202f<em>L<\/em><em>\u202f<\/em><em>\u2019Anglais tel qu\u2019on le parle<\/em> est jou\u00e9 \u00e0 la Com\u00e9die-Fran\u00e7aise.<\/p>\n<p style=\"text-align: justify;\">1910\u202f:\u202fBernard devient arbitre de boxe \u2013 il arbitrera l\u2019ann\u00e9e suivante un combat de Georges Carpentier.<\/p>\n<p style=\"text-align: justify;\">1911\u202f:\u202fPremi\u00e8re des pi\u00e8ces <em>L<\/em><em>\u202f<\/em><em>\u2019Incident du 7 avril<\/em>, <em>Le Petit Caf\u00e9<\/em>, <em>L<\/em><em>\u202f<\/em><em>\u2019Accord parfait<\/em>. Parution de <em>Nicolas Berg\u00e8re, joies et d\u00e9convenues d\u2019un jeune boxeur<\/em> et de <em>Sur les grands chemins<\/em>.<\/p>\n<p style=\"text-align: justify;\">1913\u202f: Naissance de son premier petit-fils, Fran\u00e7ois Ren\u00e9. Premi\u00e8re des pi\u00e8ces <em>La Gloire ambulanci\u00e8re<\/em>, <em>Les Deux Canards <\/em>et <em>Jeanne Dor\u00e9<\/em>, qui est port\u00e9e \u00e0 l\u2019\u00e9cran par Louis Mercanton avec Sarah Bernhardt dans le r\u00f4le principal.<\/p>\n<p style=\"text-align: justify;\">1914\u202f: Les trois fils de Tristan Bernard sont mobilis\u00e9s en ao\u00fbt. Premi\u00e8re des pi\u00e8ces <em>Du vin dans son eau<\/em>, <em>La Crise minist\u00e9rielle<\/em>, <em>La Force de mentir<\/em>, <em>Un gar\u00e7on de dix<\/em><em>&#8211;<\/em><em>huit ans<\/em>, <em>Le Prince charmant<\/em>.<\/p>\n<p style=\"text-align: justify;\">1915\u202f: Apr\u00e8s avoir tent\u00e9 sans succ\u00e8s de se faire enr\u00f4ler, Bernard lance le journal <em>Le Poil civil<\/em>.<\/p>\n<p style=\"text-align: justify;\">1916\u202f: Mort de son p\u00e8re.<\/p>\n<p style=\"text-align: justify;\">1919\u202f: Parution du <em>Taxi fant\u00f4me<\/em>.<\/p>\n<p style=\"text-align: justify;\">1920\u202f: Premi\u00e8re des pi\u00e8ces <em>Les Petites Curieuses<\/em>, <em>Les Deux Vieillards<\/em>, <em>Le Cordon bleu<\/em>, <em>Le Philanthrope et l\u2019Auvergnat<\/em>.<\/p>\n<p style=\"text-align: justify;\">1921\u202f: Op\u00e9ration de la thyro\u00efde.<\/p>\n<p style=\"text-align: justify;\">1922\u202f: Premi\u00e8re des pi\u00e8ces <em>My love\u2026 mon amour<\/em>, <em>Ce que l\u2019on dit aux femmes<\/em> (dans laquelle joue Arletty). Parution du <em>Jeu de massacre<\/em>. <em>Triplepatte<\/em> est adapt\u00e9 au cin\u00e9ma par son fils Raymond.<\/p>\n<p style=\"text-align: justify;\">1924\u202f: Bernard est membre du comit\u00e9 d\u2019organisation des Jeux olympiques, qui se d\u00e9roulent \u00e0 Paris. Parution de <em>F\u00e9\u00e9rie bourgeoise<\/em>, <em>L<\/em><em>\u202f<\/em><em>\u2019Affaire Larcier<\/em>.<\/p>\n<p style=\"text-align: justify;\">1925\u202f: Re\u00e7u \u00e0 Berlin par Gerhart Hauptmann et Max Reinhardt. Parution d\u2019<em>Autour du ring<\/em> et d\u2019un recueil de mots crois\u00e9s \u2013 introduits en France l\u2019ann\u00e9e pr\u00e9c\u00e9dente.<\/p>\n<p style=\"text-align: justify;\">1926\u202f: Premi\u00e8re des pi\u00e8ces <em>Un perdreau de l\u2019ann\u00e9e<\/em> et <em>Un dramaturge en plein labeur<\/em>.<\/p>\n<p style=\"text-align: justify;\">1927\u202f: Candidat \u00e0 l\u2019Acad\u00e9mie fran\u00e7aise, Bernard se d\u00e9siste le matin de l\u2019\u00e9lection. Premi\u00e8re d\u2019<em>Un homme dans la maison<\/em>. Parution des <em>Moyens du bord<\/em>.<\/p>\n<p style=\"text-align: justify;\">1928\u202f: Le 20 juillet, mort de Suzanne Bernard. Parution du <em>Voyage impr\u00e9vu<\/em>. <em>Embrassez<\/em><em>&#8211;<\/em><em>moi<\/em> est adapt\u00e9 au cin\u00e9ma par Max de Rieux et Robert P\u00e9guy.<\/p>\n<p style=\"text-align: justify;\">1929\u202f: Tristan Bernard \u00e9pouse Marcelle Aron, divorc\u00e9e. Premi\u00e8re des pi\u00e8ces <em>Nouvelles Recrues<\/em>, <em>Jules, Juliette et Julien, ou l\u2019\u00c9cole du sentiment<\/em>. Parution d\u2019<em>Hirondelles de plages<\/em>.<\/p>\n<p style=\"text-align: justify;\">1930\u202f: En d\u00e9cembre, Tristan Bernard ouvre un th\u00e9\u00e2tre\u00a0; il fermera \u00e0 la fin de la saison. Premi\u00e8re des pi\u00e8ces <em>L<\/em><em>\u202f<\/em><em>\u2019\u00c9cole des charlatans<\/em>, <em>Langrevin p\u00e8re &amp; fils<\/em>, <em>Un ami d\u2019Argentine<\/em>, <em>Que le monde est petit<\/em>.<\/p>\n<p style=\"text-align: justify;\">1931\u202f: Premi\u00e8re des pi\u00e8ces <em>Le Sceau du secret<\/em>, <em>La Partie de bridge<\/em>, <em>Le Sauvage<\/em>. <em>C\u0153ur de Lilas<\/em>, <em>Le Cordon bleu<\/em> et <em>La Fortune<\/em> sont adapt\u00e9s au cin\u00e9ma.<\/p>\n<p style=\"text-align: justify;\">1932\u202f: Parution des <em>Parents paresseux<\/em> aux \u00e9ditions des Portiques.<\/p>\n<p style=\"text-align: justify;\">1933\u202f: Le 23 juillet, cr\u00e9ation de l\u2019Association des \u00c9crivains Sportifs, dont Tristan Bernard devient le pr\u00e9sident (en sont membres, notamment, Maurice Genevoix, Abel Hermant, Maurice Leblanc, Pierre Mac Orlan, Jean Giraudoux). Parution d\u2019<em>Aux abois<\/em>, <em>Paris secret<\/em> et <em>Voyageons<\/em>. <em>Les Deux Canards<\/em> est adapt\u00e9 au cin\u00e9ma par Erich Schmidt.<\/p>\n<p style=\"text-align: justify;\">1934\u202f: Bernard suit le Tour de France.<\/p>\n<p style=\"text-align: justify;\">1935\u202f: Parution de <em>Robin des Bois<\/em> et de <em>Compagnon du Tour de France<\/em>. <em>Amants et Voleurs<\/em> est port\u00e9 \u00e0 l\u2019\u00e9cran par Raymond Bernard.<\/p>\n<p style=\"text-align: justify;\">1937\u202f:\u202fVoyage \u00e0 Rome. Tristan Bernard tient un r\u00f4le dans une reprise de <em>Silv\u00e9rie, ou les Fonds hollandais<\/em>. S\u00e9jour \u00e0 Rome. <em>Les Jumeaux de Brighton<\/em> est port\u00e9 \u00e0 l\u2019\u00e9cran par Claude Heymann.<\/p>\n<p style=\"text-align: justify;\">1939\u202f:\u202f<em>Jeunes filles en d\u00e9tresse<\/em> est adapt\u00e9 au cin\u00e9ma par Georg Wilhelm Pabst.<\/p>\n<p style=\"text-align: justify;\">1940\u202f:\u202fApr\u00e8s l\u2019armistice, Tristan Bernard gagne Marseille, puis Cannes, o\u00f9 il s\u2019installe \u00e0 l\u2019h\u00f4tel Windsor. Il d\u00e9cline l\u2019invitation que lui a faite le dramaturge Henry Bernstein de s\u2019installer \u00e0 New York.<\/p>\n<p style=\"text-align: justify;\">1941\u202f: En d\u00e9cembre, arrestation de Jean-Jacques \u2013 il sera lib\u00e9r\u00e9 en mars de l\u2019ann\u00e9e suivante. Premi\u00e8re de la pi\u00e8ce <em>Passions tropicales<\/em>.<\/p>\n<p style=\"text-align: justify;\">1943\u202f:\u202fLe 30 septembre, Tristan et Marcelle sont arr\u00eat\u00e9s \u00e0 Cannes. Ils sont envoy\u00e9s \u00e0 Drancy. Sacha Guitry et Arletty parviennent \u00e0 obtenir leur lib\u00e9ration. Son petit-fils Fran\u00e7ois-Ren\u00e9 mourra au camp de Mauthausen.<\/p>\n<p style=\"text-align: justify;\">1945\u202f:\u202fParution de <em>Soixante ann\u00e9es de lyrisme intermittent<\/em>.<\/p>\n<p style=\"text-align: justify;\">1947\u202f:\u202fLe 7 d\u00e9cembre, \u00e0 Paris, mort de Tristan Bernard.<\/p>\n<p style=\"text-align: justify;\"><a id=\"biblio\"><\/a><strong>Rep\u00e8res bibliographiques<\/strong><\/p>\n<p style=\"text-align: justify;\"><em>M\u00e9moires d\u2019un jeune homme rang\u00e9<\/em> parut \u00e0 Paris, aux \u00c9ditions de la Revue blanche, en 1899.<\/p>\n<p style=\"text-align: justify;\"><strong>\u0152uvres de Tristan Bernard<\/strong><\/p>\n<p style=\"text-align: justify;\">Il n\u2019existe pas d\u2019\u00e9dition des \u0153uvres compl\u00e8tes de Tristan Bernard. Le lecteur qui souhaiterait obtenir un aper\u00e7u de sa production, abondante, pourra se reporter aux ouvrages suivants\u00a0:<\/p>\n<p style=\"text-align: justify;\"><em>Un jeune homme rang\u00e9<\/em>, Paris, Omnibus, 1994 [comprend un choix de romans (<em>M\u00e9moires d\u2019un jeune homme rang\u00e9<\/em>, <em>Un mari pacifique<\/em>, <em>Nicolas Berg\u00e8re<\/em>, <em>Aux abois<\/em>), de chroniques (<em>Contes de Pantruche et d\u2019ailleurs<\/em>, <em>Sous toutes r\u00e9serves<\/em>, <em>Amants et voleurs<\/em>, <em>Auteurs, acteurs, spectateurs<\/em>), de pi\u00e8ces de th\u00e9\u00e2tre (<em>Les Pieds nickel\u00e9s<\/em>, <em>Le Fardeau de la libert\u00e9<\/em>, <em>L<\/em><em>\u202f<\/em><em>\u2019Anglais tel qu\u2019on le parle<\/em>, <em>Daisy<\/em>, <em>Monsieur Codomat<\/em>, <em>Le Danseur inconnu<\/em>, <em>Le Petit Caf\u00e9<\/em>)].<\/p>\n<p style=\"text-align: justify;\"><em>Le Marquis des stades<\/em> [anthologie de textes sur le sport], \u00e9d. par Beno\u00eet Heimermann, B\u00e8gles, Le Castor Astral, 2017.<\/p>\n<p style=\"text-align: justify;\"><em>Mots crois\u00e9s de Tristan Bernard\u00a0: 58 grilles, ao\u00fbt 1925<\/em><em>&#8211;<\/em><em>janvier 1927<\/em>, \u00e9d. par Yves Cunow, Paris, Larousse, 2018.<\/p>\n<p style=\"text-align: justify;\"><strong>Choix d\u2019ouvrages critiques<\/strong><\/p>\n<p style=\"text-align: justify;\">Bernard Jean-Jacques, <em>Mon p\u00e8re, Tristan Bernard<\/em>, Paris, Albin Michel, 1955.<\/p>\n<p style=\"text-align: justify;\">Dufresne Claude, <em>Humeurs et humours de Tristan Bernard<\/em>, Paris, J. Grancher, 1993.<\/p>\n<p style=\"text-align: justify;\">Merlin Olivier, <em>Tristan Bernard ou le Temps de vivre<\/em>, Paris, Calmann-L\u00e9vy, 1989.<\/p>\n","protected":false},"excerpt":{"rendered":"<p>Tristan Bernard aux \u00e9ditions Sillage : M\u00e9moires d&rsquo;un jeune homme rang\u00e9 1866\u202f: Le 7 septembre, naissance de Paul Bernard \u00e0 Besan\u00e7on, dans la m\u00eame rue qui a vu na\u00eetre Victor Hugo. Sa famille est d\u2019origine juive. Son p\u00e8re Myrthil travaille chez un ma\u00eetre de poste, Simon Ancel, dont il a \u00e9pous\u00e9 la fille, Emma. 1873\u202f: [&hellip;]<\/p>\n","protected":false},"author":1,"featured_media":0,"parent":0,"menu_order":0,"comment_status":"closed","ping_status":"closed","template":"","meta":{"footnotes":""},"class_list":["post-2621","page","type-page","status-publish","hentry"],"_links":{"self":[{"href":"https:\/\/editions-sillage.fr\/index.php?rest_route=\/wp\/v2\/pages\/2621","targetHints":{"allow":["GET"]}}],"collection":[{"href":"https:\/\/editions-sillage.fr\/index.php?rest_route=\/wp\/v2\/pages"}],"about":[{"href":"https:\/\/editions-sillage.fr\/index.php?rest_route=\/wp\/v2\/types\/page"}],"author":[{"embeddable":true,"href":"https:\/\/editions-sillage.fr\/index.php?rest_route=\/wp\/v2\/users\/1"}],"replies":[{"embeddable":true,"href":"https:\/\/editions-sillage.fr\/index.php?rest_route=%2Fwp%2Fv2%2Fcomments&post=2621"}],"version-history":[{"count":1,"href":"https:\/\/editions-sillage.fr\/index.php?rest_route=\/wp\/v2\/pages\/2621\/revisions"}],"predecessor-version":[{"id":2622,"href":"https:\/\/editions-sillage.fr\/index.php?rest_route=\/wp\/v2\/pages\/2621\/revisions\/2622"}],"wp:attachment":[{"href":"https:\/\/editions-sillage.fr\/index.php?rest_route=%2Fwp%2Fv2%2Fmedia&parent=2621"}],"curies":[{"name":"wp","href":"https:\/\/api.w.org\/{rel}","templated":true}]}}