{"id":2615,"date":"2018-12-21T10:47:44","date_gmt":"2018-12-21T09:47:44","guid":{"rendered":"http:\/\/editions-sillage.fr\/?page_id=2615"},"modified":"2018-12-21T11:03:45","modified_gmt":"2018-12-21T10:03:45","slug":"jacques-rigaut","status":"publish","type":"page","link":"https:\/\/editions-sillage.fr\/?page_id=2615","title":{"rendered":"Jacques Rigaut"},"content":{"rendered":"<blockquote>\n<p>Jacques Rigaut aux \u00e9ditions Sillage :<\/p>\n<ul>\n<li><a href=\"http:\/\/editions-sillage.fr\/?p=2364\"><em>Agence g\u00e9n\u00e9rale du suicide<\/em><\/a><\/li>\n<\/ul>\n<\/blockquote>\n<p style=\"text-align: justify;\">1898\u202f:\u202fNaissance de Jacques Rigaut le 30 d\u00e9cembre, dans le 7<sup>e<\/sup> arrondissement de Paris, au sein d\u2019une famille bourgeoise. Son p\u00e8re, Georges Maurice Rigaut, occupe un poste d\u2019inspecteur au grand magasin <em>Le Bon March\u00e9<\/em>. Sa m\u00e8re, Madeleine Berthe Pascal, ne travaille pas.<\/p>\n<p style=\"text-align: justify;\">1907<strong>&#8211;<\/strong>1912\u202f:\u202fIl commence ses \u00e9tudes au lyc\u00e9e Montaigne, puis au coll\u00e8ge Stanislas, o\u00f9 il est consid\u00e9r\u00e9 comme un \u00e9l\u00e8ve brillant.<\/p>\n<p style=\"text-align: justify;\">1913\u202f:\u202fIl entre en seconde au prestigieux lyc\u00e9e Louis-le-Grand, o\u00f9 il se montre tr\u00e8s dissip\u00e9. Il se lie avec le futur cin\u00e9aste Ren\u00e9 Clair.<\/p>\n<p style=\"text-align: justify;\">1916\u202f:\u202fEn avril, il quitte Louis-le-Grand, puis obtient son baccalaur\u00e9at en philosophie avec la mention \u00ab\u00a0Passable\u00a0\u00bb. Il s\u2019inscrit \u00e0 la facult\u00e9 de droit. Au mois de d\u00e9cembre, il devance l\u2019appel d\u2019un an et s\u2019engage dans l\u2019arm\u00e9e. Il est dans un premier temps affect\u00e9 au service automobile du 81<sup>e<\/sup> R\u00e9giment d\u2019Artillerie, \u00e0 Paris.<\/p>\n<p style=\"text-align: justify;\">1918\u202f:\u202fAu d\u00e9but de l\u2019ann\u00e9e, il est envoy\u00e9 au front, en Lorraine. Une fois l\u2019armistice sign\u00e9, il reste sous les drapeaux jusqu\u2019\u00e0 la fin de 1919.<\/p>\n<p style=\"text-align: justify;\">1919\u202f:\u202fD\u00e9mobilis\u00e9 avec le grade de sous-lieutenant, de retour \u00e0 Paris, il reprend ses \u00e9tudes de droit, qu\u2019il abandonne l\u2019ann\u00e9e suivante. Il devient le secr\u00e9taire d\u2019Abel Hermant, puis de Jacques-\u00c9mile Blanche. Il rencontre Drieu la Rochelle, dont il devient un proche, mais aussi Cocteau, les dada\u00efstes et les futurs surr\u00e9alistes.<\/p>\n<p style=\"text-align: justify;\">1920\u202f:\u202fParution de ses premiers \u00e9crits, <em>Propos amorphes<\/em>, dans le num\u00e9ro 4 (juillet 1920) de la revue <em>Action<\/em> de Florent Fels. Il se rapproche des dada\u00efstes. Il d\u00e9couvre l\u2019opium, la coca\u00efne et l\u2019h\u00e9ro\u00efne, dont il devient un grand consommateur. Dandy sans grandes ressources, endett\u00e9, il vit au domicile de ses parents. En d\u00e9cembre, il publie \u00ab\u00a0Je serai s\u00e9rieux comme le plaisir\u2026\u00a0\u00bb, court texte sur le th\u00e8me du suicide, dans le num\u00e9ro 17 de la revue <em>Litt\u00e9rature<\/em>, fond\u00e9e par Andr\u00e9 Breton et Philippe Soupault.<\/p>\n<p style=\"text-align: justify;\">1921\u202f:\u202fEn mars, publication des fragments intitul\u00e9s <em>Roman d\u2019un jeune homme pauvre<\/em> dans le num\u00e9ro 18 de la revue <em>Litt\u00e9rature<\/em>.<\/p>\n<p style=\"text-align: justify;\">1922\u202f:\u202fEn avril, publication d\u2019<em>Un brillant sujet<\/em> dans la revue <em>Litt\u00e9rature <\/em>(n\u00b0\u00a02, 2<sup>e<\/sup> s\u00e9rie).<\/p>\n<p style=\"text-align: justify;\">1923\u202f:\u202fFin du mouvement Dada. Formation du groupement surr\u00e9aliste, dont Rigaut ne fera pas partie. Il se d\u00e9tourne des milieux litt\u00e9raires avant-gardistes et m\u00e8ne un vie plus mondaine. En ao\u00fbt, Drieu la Rochelle publie <em>La Valise vide<\/em> dans la <em>N.R.F.\u00a0<\/em>; c\u2019est un portrait tr\u00e8s dur de Rigaut, dans lequel transpara\u00eet malgr\u00e9 tout une forme de fascination.<\/p>\n<p style=\"text-align: justify;\">1924\u202f:\u202fRigaut fait la rencontre de Gladys Barber, une jeune am\u00e9ricaine en instance de divorce, issue d\u2019une famille tr\u00e8s fortun\u00e9e, et qu\u2019il suit \u00e0 New York pour quelques semaines. Il passe ensuite l\u2019\u00e9t\u00e9 sur la c\u00f4te basque avec Drieu la Rochelle.<\/p>\n<p style=\"text-align: justify;\">1925\u202f:\u202fIl repart pour New York au d\u00e9but de l\u2019ann\u00e9e, pour y retrouver Gladys Barber.<\/p>\n<p style=\"text-align: justify;\">1926\u202f:\u202fEn janvier, il \u00e9pouse Gladys Barber. Apr\u00e8s une lune de miel \u00e0 Palm Beach, ils font un voyage \u00e0 Paris en avril. En novembre 1926, au Vieux-Colombier, premi\u00e8re du court-m\u00e9trage surr\u00e9aliste de Man Ray, <em>Emak Bakia<\/em> (\u00ab\u00a0Fichez-moi la paix\u00a0\u00bb, en basque), dans lequel Rigaut appara\u00eet grim\u00e9 en femme.<\/p>\n<p style=\"text-align: justify;\">1927<strong>&#8211;<\/strong>1928\u202f:\u202fGladys Barber quitte Rigaut, \u00e9puis\u00e9e par son instabilit\u00e9 et sa toxicomanie. Rigaut reste \u00e0 New York, o\u00f9 il m\u00e8ne une vie mis\u00e9rable, avant de finalement rentrer \u00e0 Paris en novembre 1928. Il s\u2019installe dans une maison pr\u00eat\u00e9e par le surr\u00e9aliste Paul Chadourne, o\u00f9 il m\u00e8ne une existence tr\u00e8s mondaine.<\/p>\n<p style=\"text-align: justify;\">1929\u202f:\u202fIl effectue une s\u00e9rie de cures de d\u00e9sintoxication, sans succ\u00e8s. Le 6 novembre, dans la maison de repos du docteur Henry le Savoureux, \u00ab\u00a0La Vall\u00e9e aux loups\u00a0\u00bb, \u00e0 Ch\u00e2tenay-Malabry, Jacques Rigaut se suicide d\u2019une balle en plein c\u0153ur. Parmi les nombreux textes d\u2019hommage qui lui seront d\u00e9di\u00e9s se signale l\u2019<em>Adieu \u00e0 Gonzague<\/em>, de Drieu la Rochelle, \u00e9crit la veille de l\u2019enterrement de Rigaut, \u00e9cho poignant au portrait-charge de <em>La Valise vide<\/em>.<\/p>\n<p style=\"text-align: justify;\">1930\u202f:\u202fPublication posthume de <em>Lord Patchogue<\/em> dans le num\u00e9ro 203 d\u2019ao\u00fbt 1930 de la <em>N.R.F<\/em>.<\/p>\n<p style=\"text-align: justify;\">1931\u202f:\u202fDrieu la Rochelle publie <em>Le Feu follet<\/em>, dont le personnage central est inspir\u00e9 par Jacques Rigaut. Le roman sera tr\u00e8s librement adapt\u00e9 par Louis Malle, sous le m\u00eame titre, en 1963.<\/p>\n<p style=\"text-align: justify;\"><a id=\"biblio\"><\/a><strong>Rep\u00e8res bibliographiques<\/strong><\/p>\n<p style=\"text-align: justify;\">Le choix de textes de Jacques Rigaut recueillis dans le pr\u00e9sent volume reproduit l\u2019int\u00e9gralit\u00e9 des \u00e9crits, in\u00e9dits pour la plupart, que Jean-Jacques Pauvert avait regroup\u00e9s en 1959 dans le volume intitul\u00e9 <em>Agence g\u00e9n\u00e9rale du suicide<\/em>.<\/p>\n<p style=\"text-align: justify;\">Nous y avons adjoint plusieurs textes\u00a0: certains furent publi\u00e9s dans diff\u00e9rentes revues d\u2019avant-garde du vivant de Rigaut, les autres proviennent du volume des <em>Papiers posthumes<\/em> \u00e9dit\u00e9s par Raoul de Roussy de Sales en 1934, au Sans Pareil.<\/p>\n<ul>\n<li style=\"text-align: justify;\"><em>Agence g\u00e9n\u00e9rale du suicide\u00a0<\/em>: premi\u00e8re publication dans<em> Agence g\u00e9n\u00e9rale du suicide<\/em>, Paris, Jean-Jacques Pauvert, 1959.<\/li>\n<li style=\"text-align: justify;\"><em>Demande d\u2019emploi\u00a0<\/em>: premi\u00e8re publication dans<em> Agence g\u00e9n\u00e9rale du suicide<\/em>, Paris, Jean-Jacques Pauvert, 1959.<\/li>\n<li style=\"text-align: justify;\"><em>Faits divers\u00a0<\/em>: premi\u00e8re publication dans <em>Agence g\u00e9n\u00e9rale du suicide<\/em>, Paris, Jean-Jacques Pauvert, 1959.<\/li>\n<li style=\"text-align: justify;\"><em>Roman d\u2019un jeune homme pauvre\u00a0<\/em>: premi\u00e8re publication dans le n\u00b0\u00a018 de <em>Litt\u00e9rature<\/em> (mars 1921).<\/li>\n<li style=\"text-align: justify;\"><em>Si \u00e7a vous int\u00e9resse\u00a0<\/em>: premi\u00e8re publication dans<em> Agence g\u00e9n\u00e9rale du suicide<\/em>, Paris, Jean-Jacques Pauvert, 1959.<\/li>\n<li style=\"text-align: justify;\"><em>L<\/em><em>\u202f<\/em><em>\u2019Affaire Barr\u00e8s\u00a0<\/em>: premi\u00e8re publication dans le n\u00b0\u00a020 de <em>Litt\u00e9rature<\/em> (ao\u00fbt 1921).<\/li>\n<li style=\"text-align: justify;\">\u00ab\u00a0<em>Je serai s\u00e9rieux comme le plaisir<\/em>\u2026\u00a0\u00bb<em> \u00a0<\/em>: premi\u00e8re publication dans le n\u00b0\u00a017 de <em>Litt\u00e9rature<\/em> (d\u00e9cembre 1920).<\/li>\n<li style=\"text-align: justify;\"><em>Mae Murray\u00a0<\/em>: premi\u00e8re publication dans le n\u00b0\u00a01 de <em>Litt\u00e9rature<\/em> (2<sup>e<\/sup> s\u00e9rie) (mars 1922).<\/li>\n<li style=\"text-align: justify;\"><em>Un brillant sujet\u00a0<\/em>: premi\u00e8re publication dans le n\u00b0\u00a02 de <em>Litt\u00e9rature<\/em> (2<sup>e<\/sup> s\u00e9rie) (avril 1922).<\/li>\n<li style=\"text-align: justify;\"><em>Journal\u00a0<\/em>: premi\u00e8re publication dans <em>Papiers posthumes<\/em>, Paris, Au Sans Pareil, 1934.<\/li>\n<li style=\"text-align: justify;\"><em>Propos amorphes\u00a0<\/em>: premi\u00e8re publication dans le n\u00b0\u00a04 d\u2019<em>Action<\/em> (juillet 1920).<\/li>\n<li style=\"text-align: justify;\"><em>L.\u00a0<\/em>: premi\u00e8re publication dans<em> Papiers posthumes<\/em>, Paris, Au Sans Pareil, 1934.<\/li>\n<li style=\"text-align: justify;\"><em>Lignes\u00a0<\/em>: premi\u00e8re publication dans <em>The Little Review<\/em> (French number), New York, n\u00b0\u00a0d\u2019Automne-Hiver 1923-1924.<\/li>\n<li style=\"text-align: justify;\"><em>Maximes, aphorismes et r\u00e9flexions\u00a0<\/em>: premi\u00e8re publication dans<em> Papiers posthumes<\/em>, Paris, Au Sans pareil, 1934 (nous ne reproduisons qu\u2019un choix, assez large, des pens\u00e9es et fragments recueillis par Raoul de Roussy de Sales).<\/li>\n<\/ul>\n<p style=\"text-align: justify;\"><strong>\u00c9ditions des \u0153uvres de Jacques Rigaut<\/strong><\/p>\n<p style=\"text-align: justify;\"><em>Papiers posthumes<\/em>, \u00e9dit\u00e9s par Raoul de Roussy de Sales, avec une photographie de Man Ray, Paris, Au Sans Pareil, 1934.<\/p>\n<p style=\"text-align: justify;\"><em>Agence g\u00e9n\u00e9rale du suicide<\/em>, Paris, Jean-Jacques Pauvert, 1959\u00a0; r\u00e9\u00e9d. Paris, \u00c9ric Losfeld, Le Terrain vague, 1967\u00a0; r\u00e9\u00e9d. Mont\u00e9limar, Voix d\u2019encre, 2015.<\/p>\n<p style=\"text-align: justify;\"><em>\u00c9crits<\/em>, \u00e9dition int\u00e9grale \u00e9tablie et pr\u00e9sent\u00e9e par Martin Kay, Paris, Gallimard, 1970.<\/p>\n<p style=\"text-align: justify;\"><em>Je serai un grand mort<\/em>, Biarritz, Distance, 1990.<\/p>\n<p style=\"text-align: justify;\"><em>Le jour se l\u00e8ve, \u00e7a vous apprendra<\/em>, Grenoble, \u00c9ditions Cent Pages, 2003.<\/p>\n<p style=\"text-align: justify;\"><em>Lord Patchogue<\/em>, postface de Jean-Luc Bitton, Nolay, \u00c9ditions du Chemin de fer, 2011.<\/p>\n<p>&nbsp;<\/p>\n","protected":false},"excerpt":{"rendered":"<p>Jacques Rigaut aux \u00e9ditions Sillage : Agence g\u00e9n\u00e9rale du suicide 1898\u202f:\u202fNaissance de Jacques Rigaut le 30 d\u00e9cembre, dans le 7e arrondissement de Paris, au sein d\u2019une famille bourgeoise. Son p\u00e8re, Georges Maurice Rigaut, occupe un poste d\u2019inspecteur au grand magasin Le Bon March\u00e9. Sa m\u00e8re, Madeleine Berthe Pascal, ne travaille pas. 1907&#8211;1912\u202f:\u202fIl commence ses \u00e9tudes [&hellip;]<\/p>\n","protected":false},"author":1,"featured_media":0,"parent":0,"menu_order":0,"comment_status":"closed","ping_status":"closed","template":"","meta":{"footnotes":""},"class_list":["post-2615","page","type-page","status-publish","hentry"],"_links":{"self":[{"href":"https:\/\/editions-sillage.fr\/index.php?rest_route=\/wp\/v2\/pages\/2615","targetHints":{"allow":["GET"]}}],"collection":[{"href":"https:\/\/editions-sillage.fr\/index.php?rest_route=\/wp\/v2\/pages"}],"about":[{"href":"https:\/\/editions-sillage.fr\/index.php?rest_route=\/wp\/v2\/types\/page"}],"author":[{"embeddable":true,"href":"https:\/\/editions-sillage.fr\/index.php?rest_route=\/wp\/v2\/users\/1"}],"replies":[{"embeddable":true,"href":"https:\/\/editions-sillage.fr\/index.php?rest_route=%2Fwp%2Fv2%2Fcomments&post=2615"}],"version-history":[{"count":4,"href":"https:\/\/editions-sillage.fr\/index.php?rest_route=\/wp\/v2\/pages\/2615\/revisions"}],"predecessor-version":[{"id":2623,"href":"https:\/\/editions-sillage.fr\/index.php?rest_route=\/wp\/v2\/pages\/2615\/revisions\/2623"}],"wp:attachment":[{"href":"https:\/\/editions-sillage.fr\/index.php?rest_route=%2Fwp%2Fv2%2Fmedia&parent=2615"}],"curies":[{"name":"wp","href":"https:\/\/api.w.org\/{rel}","templated":true}]}}