{"id":19,"date":"2016-08-01T15:49:38","date_gmt":"2016-08-01T13:49:38","guid":{"rendered":"http:\/\/editions-sillage.fr\/?page_id=19"},"modified":"2016-10-05T18:35:53","modified_gmt":"2016-10-05T16:35:53","slug":"notre-librairie","status":"publish","type":"page","link":"https:\/\/editions-sillage.fr\/?page_id=19","title":{"rendered":"Notre librairie"},"content":{"rendered":"<p style=\"text-align: justify;\">La librairie Sillage est situ\u00e9e \u00e0 Paris, \u00e0 deux pas du Jardin des Plantes. Nous proposons des livres anciens et des ouvrages d\u2019occasion (litt\u00e9rature, histoire, philosophie, sociologie, critique litt\u00e9raire, psychanalyse, beaux-arts). Vous y retrouverez bien s\u00fbr l\u2019int\u00e9gralit\u00e9 du catalogue des \u00e9ditions Sillage.<\/p>\n<p style=\"text-align: justify;\">Vous souhaitez vendre des livres ? N&rsquo;h\u00e9sitez pas \u00e0 nous contacter au 01 43 37 80 43.<\/p>\n<blockquote>\n<p>Librairie Sillage &#8211;\u00a017 rue Linn\u00e9 &#8211;\u00a075005 Paris.<br \/>\n Horaires : du lundi au vendredi, de 10h \u00e0 19h.\u00a0Le samedi de 11h \u00e0 19h.<br \/>\n Acc\u00e8s\u00a0: m\u00e9tro Jussieu (lignes 7 et 10) ou bus, arr\u00eat Jussieu (lignes 67 et 89).<\/p>\n<\/blockquote>\n<p>&nbsp;<\/p>\n","protected":false},"excerpt":{"rendered":"<p>La librairie Sillage est situ\u00e9e \u00e0 Paris, \u00e0 deux pas du Jardin des Plantes. Nous proposons des livres anciens et des ouvrages d\u2019occasion (litt\u00e9rature, histoire, philosophie, sociologie, critique litt\u00e9raire, psychanalyse, beaux-arts). Vous y retrouverez bien s\u00fbr l\u2019int\u00e9gralit\u00e9 du catalogue des \u00e9ditions Sillage. Vous souhaitez vendre des livres ? N&rsquo;h\u00e9sitez pas \u00e0 nous contacter au 01 [&hellip;]<\/p>\n","protected":false},"author":1,"featured_media":0,"parent":0,"menu_order":0,"comment_status":"closed","ping_status":"closed","template":"","meta":{"footnotes":""},"class_list":["post-19","page","type-page","status-publish","hentry"],"_links":{"self":[{"href":"https:\/\/editions-sillage.fr\/index.php?rest_route=\/wp\/v2\/pages\/19","targetHints":{"allow":["GET"]}}],"collection":[{"href":"https:\/\/editions-sillage.fr\/index.php?rest_route=\/wp\/v2\/pages"}],"about":[{"href":"https:\/\/editions-sillage.fr\/index.php?rest_route=\/wp\/v2\/types\/page"}],"author":[{"embeddable":true,"href":"https:\/\/editions-sillage.fr\/index.php?rest_route=\/wp\/v2\/users\/1"}],"replies":[{"embeddable":true,"href":"https:\/\/editions-sillage.fr\/index.php?rest_route=%2Fwp%2Fv2%2Fcomments&post=19"}],"version-history":[{"count":8,"href":"https:\/\/editions-sillage.fr\/index.php?rest_route=\/wp\/v2\/pages\/19\/revisions"}],"predecessor-version":[{"id":1169,"href":"https:\/\/editions-sillage.fr\/index.php?rest_route=\/wp\/v2\/pages\/19\/revisions\/1169"}],"wp:attachment":[{"href":"https:\/\/editions-sillage.fr\/index.php?rest_route=%2Fwp%2Fv2%2Fmedia&parent=19"}],"curies":[{"name":"wp","href":"https:\/\/api.w.org\/{rel}","templated":true}]}}