{"id":1718,"date":"2017-07-20T12:10:47","date_gmt":"2017-07-20T10:10:47","guid":{"rendered":"http:\/\/editions-sillage.fr\/?page_id=1718"},"modified":"2017-07-24T12:31:42","modified_gmt":"2017-07-24T10:31:42","slug":"tacite","status":"publish","type":"page","link":"https:\/\/editions-sillage.fr\/?page_id=1718","title":{"rendered":"Tacite"},"content":{"rendered":"<blockquote>\n<p>Tacite aux \u00e9ditions Sillage :<\/p>\n<ul>\n<li><em><a href=\"http:\/\/editions-sillage.fr\/?p=462\">Dialogue des orateurs<\/a><\/em><\/li>\n<\/ul>\n<\/blockquote>\n<p style=\"text-align: justify;\">On conna\u00eet peu de choses de la vie de Tacite. Nous savons que son gentilice, ou nom de famille, \u00e9tait Cornelius, et que son cognomen, ou surnom, \u00e9tait Tacitus, mais son pr\u00e9nom, Publius ou Caius, n\u2019est pas connu avec certitude. Plusieurs \u00e9v\u00e9nements marquants de sa biographie peuvent se d\u00e9duire de ses \u00e9crits, mais la source presque unique qui nous fournisse quelques renseignements sur son existence est la correspondance de Pline le Jeune, son ami durant de longues ann\u00e9es.<\/p>\n<p style=\"text-align: justify;\"><strong>Entre 55 et 57<\/strong> : Naissance en Gaule narbonnaise, probablement \u00e0 Vaison ou Fr\u00e9jus. Il serait issu d\u2019une famille de l\u2019ordre \u00e9questre. Il est probablement l\u2019\u00e9l\u00e8ve de Quintilien.<\/p>\n<p style=\"text-align: justify;\"><strong>75<\/strong> : Il commence son <em>cursus honorum <\/em>; un an plus tard il d\u00e9bute son service militaire.<\/p>\n<p style=\"text-align: justify;\"><strong>77<\/strong> : \u00c9pouse la fille de Cn. Julius Agricola, consul cette ann\u00e9e-l\u00e0, et dont la famille serait comme lui issue de la r\u00e9gion de Fr\u00e9jus.<\/p>\n<p style=\"text-align: justify;\"><strong>81<\/strong> : Il acc\u00e8de \u00e0 la questure.<\/p>\n<p style=\"text-align: justify;\"><strong>88<\/strong> : Il devient pr\u00e9teur, puis tribun de la pl\u00e8be. Il est aussi membre du coll\u00e8ge des quind\u00e9cemvirs, charg\u00e9 de questions religieuses. Il participe aux jeux S\u00e9culaires c\u00e9l\u00e9br\u00e9s par Domitien, empereur depuis 81.<\/p>\n<p style=\"text-align: justify;\"><strong>De 89 \u00e0 93<\/strong> : Absent de Rome, on suppose qu\u2019il exerce un commandement de l\u00e9gion, probablement en Germanie.<\/p>\n<p style=\"text-align: justify;\"><strong>93<\/strong> : Retour \u00e0 Rome. Mort d\u2019Agricola, tomb\u00e9 en disgr\u00e2ce et d\u2019apr\u00e8s Tacite possiblement empoisonn\u00e9 sur ordre de Domitien. Il si\u00e8ge au S\u00e9nat durant toute la fin du r\u00e8gne de Domitien, dont le pouvoir sombre peu \u00e0 peu dans la tyrannie.<\/p>\n<p style=\"text-align: justify;\"><strong>96<\/strong> : En septembre, assassinat de Domitien. Nerva est proclam\u00e9 empereur.<\/p>\n<p style=\"text-align: justify;\"><strong>97<\/strong> : Tacite devient consul suffect, pour les derniers mois de l\u2019ann\u00e9e.<\/p>\n<p style=\"text-align: justify;\"><strong>98<\/strong> : Il publie la <em>Vie de Cn. Julius Agricola<\/em>, \u00e9loge de son beau-p\u00e8re, cinq ans apr\u00e8s la mort de celui-ci \u2013 la longueur du d\u00e9lai s\u2019expliquant sans doute par des raisons politiques. Mort de Nerva, \u00e0 qui succ\u00e8de Trajan. Cette ann\u00e9e-l\u00e0 ou la suivante, composition probable du<em>\u00a0<\/em><em>Dialogue des orateurs<\/em> et de <em>La Germanie<\/em>.<\/p>\n<p style=\"text-align: justify;\"><strong>100<\/strong> : Au S\u00e9nat, tient le r\u00f4le de procureur durant le proc\u00e8s de Marius Priscus, ancien proconsul d\u2019Afrique s\u2019\u00e9tant rendu coupable de malversations et de corruption.<\/p>\n<p style=\"text-align: justify;\"><strong>104<\/strong> : Retour \u00e0 Rome apr\u00e8s une absence d\u2019une dur\u00e9e ind\u00e9termin\u00e9e, sans doute due \u00e0 une mission proconsulaire. Il commence \u00e0 r\u00e9diger les <em>Histoires<\/em>, oeuvre \u00e0 laquelle il consacre une part importante de son temps et qu\u2019il ne terminera qu\u2019en 108 ou 109.<\/p>\n<p style=\"text-align: justify;\"><strong>De 112 \u00e0 113<\/strong> : Tacite est proconsul d\u2019Asie, l\u2019une des plus hautes fonctions auxquelles puisse acc\u00e9der un s\u00e9nateur. D\u00e9but probable de la r\u00e9daction des <em>Annales<\/em>, dont on situe l\u2019ach\u00e8vement autour de 117, ann\u00e9e de la mort de Trajan.<\/p>\n<p style=\"text-align: justify;\">On ne dispose d\u2019aucun \u00e9l\u00e9ment concernant la fin de sa vie.<\/p>\n<hr \/>\n<p style=\"text-align: justify;\"><strong><a id=\"biblio\"><\/a>Rep\u00e8res bibliographiques<\/strong><\/p>\n<p style=\"text-align: justify;\">Le texte du <em>Dialogue des orateurs <\/em>fut red\u00e9couvert aux alentours de 1455, au monast\u00e8re de Hersfeld, en Allemagne, sous la forme d\u2019un manuscrit qui regroupait plusieurs des textes de Tacite (<em>La Germanie<\/em>, <em>La Vie de Cn. Julius Agricola <\/em>et le <em>Dialogue<\/em>). Il fut publi\u00e9 pour la premi\u00e8re fois \u00e0 Venise, probablement vers 1470, par Vendelin de Spire, le premier imprimeur v\u00e9nitien.<\/p>\n<p style=\"text-align: justify;\">La premi\u00e8re traduction fran\u00e7aise du texte parut en 1585 ; elle est due \u00e0 Claude Fauchet, humaniste et historien fran\u00e7ais que s\u2019attacha Henri IV, et fut publi\u00e9e \u00e0 Paris par Abel l\u2019Angelier, l\u2019un des \u00e9diteurs parisiens les plus fameux de son \u00e9poque, connu notamment pour avoir \u00e9dit\u00e9 Montaigne. De nombreuses traductions suivront. Citons notamment :<\/p>\n<p style=\"text-align: justify;\"><em>Des causes de la corruption de l\u2019\u00e9loquence<\/em>, trad. Louis Giry, Paris, Charles Chappelain, 1630.<\/p>\n<p style=\"text-align: justify;\"><em>Des orateurs, savoir si les modernes sont inf\u00e9rieurs aux anciens, et pourquoi, dialogue attribu\u00e9 par quelques-uns \u00e0 Tacite et par quelques autres \u00e0 Quintillien<\/em>, trad. Jacques Morabin, Paris, F. Fournier, 1722.<\/p>\n<p style=\"text-align: justify;\"><em>Dialogue des orateurs<\/em>, trad. Jean-Louis Burnouf, in TACITE, <em>OEuvres compl\u00e8tes<\/em>, vol. 6, Hachette, 1833.<\/p>\n<p style=\"text-align: justify;\"><em>Des Orateurs, dialogue sur les causes de la corruption de l\u2019\u00e9loquence, par C. C. Tacite<\/em>, trad. Charles-Louis-Fleury Panckoucke, Paris, Panckoucke, 1833.<\/p>\n<p style=\"text-align: justify;\"><em>Dialogue des orateurs<\/em>, trad. Henri Goelzer, Paris, Hachette, 1887.<\/p>\n<p style=\"text-align: justify;\"><em>Dialogue des orateurs<\/em>, trad. Henri Bornecque, Paris, Les Belles Lettres, 1922.<\/p>\n<p style=\"text-align: justify;\"><em>Dialogue des orateurs<\/em>, trad. Pierre Grimal, in TACITE, <em>\u0152uvres compl\u00e8tes<\/em>, Paris, Gallimard, \u00ab La Biblioth\u00e8que de la Pl\u00e9iade \u00bb, 1989.<\/p>\n<p style=\"text-align: justify;\">La traduction de l\u2019oeuvre compl\u00e8te de Tacite par Jean- Louis Burnouf est consid\u00e9r\u00e9e comme la premi\u00e8re traduction fran\u00e7aise fiable, et \u00e9galement l\u2019une des plus \u00e9l\u00e9gantes. C\u2019est celle que nous avons choisi de reprendre ici, r\u00e9vis\u00e9e par Christophe Masson. Le texte latin utilis\u00e9 est celui \u00e9tabli par Henri Goelzer.<\/p>\n","protected":false},"excerpt":{"rendered":"<p>Tacite aux \u00e9ditions Sillage : Dialogue des orateurs On conna\u00eet peu de choses de la vie de Tacite. Nous savons que son gentilice, ou nom de famille, \u00e9tait Cornelius, et que son cognomen, ou surnom, \u00e9tait Tacitus, mais son pr\u00e9nom, Publius ou Caius, n\u2019est pas connu avec certitude. Plusieurs \u00e9v\u00e9nements marquants de sa biographie peuvent [&hellip;]<\/p>\n","protected":false},"author":1,"featured_media":0,"parent":0,"menu_order":0,"comment_status":"closed","ping_status":"closed","template":"","meta":{"footnotes":""},"class_list":["post-1718","page","type-page","status-publish","hentry"],"_links":{"self":[{"href":"https:\/\/editions-sillage.fr\/index.php?rest_route=\/wp\/v2\/pages\/1718","targetHints":{"allow":["GET"]}}],"collection":[{"href":"https:\/\/editions-sillage.fr\/index.php?rest_route=\/wp\/v2\/pages"}],"about":[{"href":"https:\/\/editions-sillage.fr\/index.php?rest_route=\/wp\/v2\/types\/page"}],"author":[{"embeddable":true,"href":"https:\/\/editions-sillage.fr\/index.php?rest_route=\/wp\/v2\/users\/1"}],"replies":[{"embeddable":true,"href":"https:\/\/editions-sillage.fr\/index.php?rest_route=%2Fwp%2Fv2%2Fcomments&post=1718"}],"version-history":[{"count":3,"href":"https:\/\/editions-sillage.fr\/index.php?rest_route=\/wp\/v2\/pages\/1718\/revisions"}],"predecessor-version":[{"id":2019,"href":"https:\/\/editions-sillage.fr\/index.php?rest_route=\/wp\/v2\/pages\/1718\/revisions\/2019"}],"wp:attachment":[{"href":"https:\/\/editions-sillage.fr\/index.php?rest_route=%2Fwp%2Fv2%2Fmedia&parent=1718"}],"curies":[{"name":"wp","href":"https:\/\/api.w.org\/{rel}","templated":true}]}}