{"id":1711,"date":"2017-07-20T10:36:13","date_gmt":"2017-07-20T08:36:13","guid":{"rendered":"http:\/\/editions-sillage.fr\/?page_id=1711"},"modified":"2017-07-24T11:01:17","modified_gmt":"2017-07-24T09:01:17","slug":"francois-timoleon-de-choisy","status":"publish","type":"page","link":"https:\/\/editions-sillage.fr\/?page_id=1711","title":{"rendered":"Fran\u00e7ois-Timol\u00e9on de Choisy"},"content":{"rendered":"<blockquote>\n<p style=\"text-align: justify;\">Fran\u00e7ois-Timol\u00e9on de Choisy aux \u00e9ditions Sillage :<\/p>\n<ul>\n<li><a href=\"http:\/\/editions-sillage.fr\/?p=223\"><em>M\u00e9moires de l&rsquo;abb\u00e9 de Choisy habill\u00e9 en femme<\/em><\/a><\/li>\n<\/ul>\n<\/blockquote>\n<p style=\"text-align: justify;\"><strong>1644\u00a0<\/strong>: Naissance de Fran\u00e7ois-Timol\u00e9on de Choisy, le 2 f\u00e9vrier, \u00e0 Paris. Dernier fils de Jean III de Choisy, conseiller d\u2019\u00c9tat et chancelier de Gaston d\u2019Orl\u00e9ans, et de Jeanne Olympe Hurault de L\u2019Hospital de B\u00e9lesbat, petite-fille du chancelier Michel de L\u2019Hospital, mondaine brillante et ambitieuse, r\u00e9put\u00e9e pour ses excentricit\u00e9s et son penchant pour le jeu. Il est promis, en qualit\u00e9 de cadet, \u00e0 la carri\u00e8re eccl\u00e9siastique. Tr\u00e8s jeune, sa m\u00e8re l\u2019introduit \u00e0 la cour\u00a0; il y c\u00f4toie le roi et les ministres et compte parmi les t\u00e9moins privil\u00e9gi\u00e9s des intrigues politiques de son temps. Alors qu\u2019il est encore tr\u00e8s jeune, sa m\u00e8re prend l\u2019habitude de le travestir en fille. Elle imite en cela l\u2019exemple de Philippe d\u2019Orl\u00e9ans, fr\u00e8re de Louis XIV et compagnon de jeux de son fils. Fran\u00e7ois-Timol\u00e9on appara\u00eet ainsi fr\u00e9quemment d\u00e9guis\u00e9 \u00e0 la cour.<\/p>\n<p style=\"text-align: justify;\"><strong>1660<\/strong>\u00a0: D\u00e9c\u00e8s de son p\u00e8re.<\/p>\n<p style=\"text-align: justify;\"><strong>1662<\/strong>\u00a0: Entame des \u00e9tudes de philosophie et de th\u00e9ologie en Sorbonne et obtient l\u2019abbaye de Saint-Seine, en Bourgogne, gr\u00e2ce \u00e0 l\u2019entregent de sa m\u00e8re.<\/p>\n<p style=\"text-align: justify;\"><strong>1664<\/strong>\u00a0: Fugue \u00e0 Bordeaux. Pendant plusieurs mois, habill\u00e9 en femme, il est membre d\u2019une troupe de th\u00e9\u00e2tre et joue des r\u00f4les f\u00e9minins, notamment dans des pi\u00e8ces de Corneille.<\/p>\n<p style=\"text-align: justify;\"><strong>1669<\/strong>\u00a0: Mort de sa m\u00e8re. Fran\u00e7ois-Timol\u00e9on se retrouve \u00e0 la t\u00eate d\u2019une fortune confortable. Durant quinze ans, il m\u00e8ne une vie dissolue et dilapide au jeu la majeure partie de son h\u00e9ritage.<\/p>\n<p style=\"text-align: justify;\"><strong>1670-1671<\/strong>\u00a0: D\u00e9guis\u00e9 en femme, il vit sous le nom de comtesse des Barres au ch\u00e2teau de Crespon, pr\u00e8s de Bourges\u00a0\u2013 \u00e9pisode relat\u00e9 dans le premier chapitre du pr\u00e9sent ouvrage. Il effectue parfois des s\u00e9jours \u00e0 Paris, sous sa v\u00e9ritable identit\u00e9.<\/p>\n<p style=\"text-align: justify;\"><strong>1673-1674<\/strong>\u00a0: Il vit \u00e0 Paris, travesti, sous le nom de Mme de Sancy. Il est sans doute l\u2019amant de Mme Bossuet, belle-s\u0153ur du c\u00e9l\u00e8bre orateur.<\/p>\n<p style=\"text-align: justify;\"><strong>1675\u00a0<\/strong>: Il est nomm\u00e9 abb\u00e9 commendataire du prieur\u00e9 de Saint-L\u00f4.<\/p>\n<p style=\"text-align: justify;\"><strong>1676<\/strong>\u00a0: Il renonce \u00e0 l\u2019abbaye de Saint-Seine et au b\u00e9n\u00e9fice qu\u2019il en recevait. Il accompagne \u00e0 Rome le cardinal de Bouillon, son protecteur, pour le conclave qui doit aboutir \u00e0 l\u2019\u00e9lection d\u2019Innocent\u00a0XI. (Le cardinal de Bouillon est parvenu \u00e0 le faire nommer conclaviste malgr\u00e9 sa r\u00e9putation.)<\/p>\n<p style=\"text-align: justify;\"><strong>1683-1684<\/strong>\u00a0: Apr\u00e8s une grave maladie, il revient \u00e0 la religion, se retire un an au s\u00e9minaire des Missions \u00e9trang\u00e8res, \u00e0 Paris, puis publie <em>Quatre dialogues sur l\u2019immortalit\u00e9 de l\u2019\u00e2me, sur l\u2019existence de Dieu, sur la Providence et sur la religion<\/em>, nourris de ses entretiens avec l\u2019abb\u00e9 Dangeau, ami de jeunesse devenu son guide spirituel. L\u2019ouvrage conna\u00eet un grand succ\u00e8s\u00a0; il est r\u00e9guli\u00e8rement r\u00e9imprim\u00e9 jusqu\u2019\u00e0 la fin du XVIII<sup>e<\/sup> si\u00e8cle.<\/p>\n<p style=\"text-align: justify;\"><strong>1685-1686<\/strong>\u00a0: Il participe \u00e0 une mission d\u2019\u00e9vang\u00e9lisation qui doit convertir le roi de Siam (territoire de l\u2019actuelle Tha\u00eflande). C\u2019est au cours de cette mission qu\u2019il se fait ordonner pr\u00eatre et dit sa premi\u00e8re messe. Il relate l\u2019exp\u00e9dition dans un <em>Journal du voyage de Siam fait en 1685<\/em><em>&#8211;<\/em><em>1686<\/em>, publi\u00e9 en 1687. De retour \u00e0 Paris, il tombe en disgr\u00e2ce \u00e0 la suite du cardinal de Bouillon, et se retire \u00e0 nouveau au s\u00e9minaire des Missions \u00e9trang\u00e8res. Il d\u00e9bute la r\u00e9daction de ses <em>M\u00e9moires pour servir \u00e0 l\u2019histoire de Louis XIV<\/em>, qu\u2019il n\u2019ach\u00e8vera que peu avant sa mort.<\/p>\n<p style=\"text-align: justify;\"><strong>1687\u00a0<\/strong>: Rentr\u00e9 en gr\u00e2ce aupr\u00e8s du roi par l\u2019interm\u00e9diaire, notamment, du p\u00e8re Lachaise, il est re\u00e7u \u00e0 l\u2019Acad\u00e9mie fran\u00e7aise\u00a0et prend le fauteuil du duc de Saint-Aignan. Il s\u2019y occupe essentiellement du <em>Dictionnaire<\/em> et des questions de grammaire, collabore avec Charles Perrault \u00e0 la r\u00e9daction des <em>Opuscules sur la langue fran\u00e7aise<\/em>, et se consacre d\u00e9sormais \u00e0 l\u2019\u00e9criture d\u2019une \u0153uvre tr\u00e8s prolifique.<\/p>\n<p style=\"text-align: justify;\"><strong>1688<\/strong>\u00a0: Publication de <em>Histoires de Philippe de Valois et du roi Jean<\/em>, et de <em>Pens\u00e9es chr\u00e9tiennes sur divers sujets de pi\u00e9t\u00e9<\/em>.<\/p>\n<p style=\"text-align: justify;\"><strong>1689<\/strong>\u00a0: Publication d\u2019une <em>Vie de Saint Louis <\/em>et de <em>Histoire de Charles cinqui\u00e8me, roi de France<\/em>. Il re\u00e7oit le b\u00e9n\u00e9fice du prieur\u00e9 de Saint-Beno\u00eet-du-Sault.<\/p>\n<p style=\"text-align: justify;\"><strong>1692<\/strong>\u00a0: Il fait para\u00eetre une nouvelle traduction de <em>L<\/em>&lsquo;<em>Imitation de J\u00e9sus<\/em><em>&#8211;<\/em><em>Christ<\/em>.<\/p>\n<p style=\"text-align: justify;\"><strong>1695\u00a0<\/strong>: Publication dans le <em>Mercure galant<\/em> d\u2019un conte tr\u00e8s libre, <em>L<\/em><em>\u2019Histoire de la marquise<\/em><em>&#8211;<\/em><em>marquis de Banneville<\/em>, mettant en sc\u00e8ne un travesti et s\u2019achevant sur un d\u00e9nouement moral, ainsi que d\u2019une <em>Histoire de Charles VI, roi de France<\/em>.<\/p>\n<p style=\"text-align: justify;\"><strong>1697<\/strong>\u00a0: Il est nomm\u00e9 doyen de la cath\u00e9drale de Bayeux. Publication des <em>Histoires de pi\u00e9t\u00e9 et de morale<\/em>.<\/p>\n<p style=\"text-align: justify;\"><strong>1703<\/strong>\u00a0: D\u00e9but de la r\u00e9daction d\u2019une monumentale <em>Histoire de l\u2019\u00c9glise<\/em>, qui s\u2019\u00e9talera sur pr\u00e8s de vingt ans.<\/p>\n<p style=\"text-align: justify;\"><strong>1706\u00a0<\/strong>: Publication de <em>La Vie de Mme de Miramion<\/em> et d\u2019une <em>Apologie de son \u00c9minence le cardinal de Bouillon<\/em>.<\/p>\n<p style=\"text-align: justify;\"><strong>1712<\/strong>\u00a0: Publication de <em>La Nouvelle Astr\u00e9e<\/em>.<\/p>\n<p style=\"text-align: justify;\"><strong>1719\u00a0<\/strong>: Publication du onzi\u00e8me et dernier volume de l\u2019<em>Histoire de l\u2019\u00c9glise<\/em>. Octog\u00e9naire, l\u2019abb\u00e9 continue de recevoir la plupart de ses visiteurs habill\u00e9 en femme.<\/p>\n<p style=\"text-align: justify;\"><strong>1724\u00a0<\/strong>: Mort de l\u2019abb\u00e9 de Choisy, le 2 octobre.<\/p>\n<p style=\"text-align: justify;\"><strong>1727\u00a0<\/strong>: Le l\u00e9gataire de ses manuscrits, son petit-neveu le marquis d\u2019Argenson, communique ses <em>M\u00e9moires pour servir \u00e0 l\u2019histoire de Louis\u00a0XIV<\/em> \u00e0 l\u2019abb\u00e9 d\u2019Olivet, qui les fait publier.<\/p>\n<p style=\"text-align: justify;\"><strong>1735<\/strong>\u00a0: Publication de l\u2019<em>Histoire de la comtesse des Barres<\/em>, premi\u00e8re partie des <em>M\u00e9moires de l\u2019abb\u00e9 de Choisy habill\u00e9 en femme<\/em>.<\/p>\n<p style=\"text-align: justify;\"><strong>1839\u00a0<\/strong>: Publication de l\u2019<em>Histoire de Madame de Sancy<\/em>, en annexe \u00e0 une \u00e9dition des <em>M\u00e9moires pour servir \u00e0 l\u2019histoire de Louis\u00a0XIV<\/em>.<\/p>\n<hr \/>\n<p style=\"text-align: justify;\"><strong><a id=\"biblio\"><\/a>Rep\u00e8res bibliographiques<\/strong><\/p>\n<p style=\"text-align: justify;\">Les <em>M\u00e9moires de l\u2019abb\u00e9 de Choisy habill\u00e9 en femme<\/em> furent publi\u00e9s \u00e0 titre posthume, et en deux temps. Le texte en fut retrouv\u00e9 parmi les manuscrits que l\u2019abb\u00e9 de Choisy avait l\u00e9gu\u00e9s au marquis d\u2019Argenson, aujourd\u2019hui conserv\u00e9s \u00e0 la Biblioth\u00e8que de l\u2019Arsenal.<\/p>\n<p style=\"text-align: justify;\">L\u2019<em>Histoire de la comtesse des Barres<\/em> (p. 15 \u00e0 65 du pr\u00e9sent volume) fut la premi\u00e8re \u00e0 para\u00eetre (<em>Histoire de Madame la comtesse des Barres, \u00e0 Madame la marquise de Lambert<\/em>, Anvers, Van der Hey, 1735). Elle fut r\u00e9\u00e9dit\u00e9e plusieurs fois au cours des xviii<sup>e<\/sup> et xix<sup>e<\/sup> si\u00e8cles.<\/p>\n<p style=\"text-align: justify;\">Il fallut en revanche attendre 1839 pour que paraisse l\u2019<em>Histoire de Madame de Sancy<\/em> (p.\u00a065 \u00e0 108 du pr\u00e9sent volume), au sein d\u2019une \u00e9dition des <em>M\u00e9moires pour servir \u00e0 l\u2019histoire de Louis\u00a0XIV<\/em> publi\u00e9e par MM.\u00a0Champollion-Figeac et Aim\u00e9 Champollion fils (\u00ab\u00a0Nouvelle collection des m\u00e9moires pour servir \u00e0 l\u2019histoire de France\u00a0\u00bb, Paris, L\u2019\u00c9diteur du commentaire analytique du Code Civil).<\/p>\n<p style=\"text-align: justify;\">Les deux fragments furent r\u00e9unis pour la premi\u00e8re fois dans un volume \u00e9dit\u00e9 par Paul Lacroix sous le titre <em>Aventures de l\u2019abb\u00e9 de Choisy habill\u00e9 en femme<\/em> (Paris, J.\u00a0Gay, 1862).<\/p>\n<p style=\"text-align: justify;\"><strong>\u00c9ditions modernes<\/strong><\/p>\n<p style=\"text-align: justify;\"><em>M\u00e9moires de l\u2019abb\u00e9 de Choisy habill\u00e9 en femme<\/em>, pr\u00e9c\u00e9d\u00e9s des <em>M\u00e9moires pour servir \u00e0 l\u2019histoire de Louis\u00a0XIV<\/em>, \u00e9dit\u00e9s et pr\u00e9sent\u00e9s par Georges Mongr\u00e9dien, Paris, Mercure de France, 1966.<\/p>\n<p style=\"text-align: justify;\"><em>M\u00e9moires de l\u2019abb\u00e9 de Choisy habill\u00e9 en femme<\/em>, Toulouse, Ombres, 1995.<\/p>\n<p style=\"text-align: justify;\"><strong>\u00c9tudes critiques<\/strong><\/p>\n<p style=\"text-align: justify;\">De Beauvoir Roger, <em>L<\/em><em>\u2019Abb\u00e9 de Choisy<\/em>, 3\u00a0vol., Paris, Gabriel Roux et Cassanet, 1848.<\/p>\n<p style=\"text-align: justify;\">De Beauvoir Roger, <em>Mademoiselle de Choisy<\/em>, Paris, Michel L\u00e9vy, 1859.<\/p>\n<p style=\"text-align: justify;\">Reynes Genevi\u00e8ve, <em>L<\/em><em>\u2019Abb\u00e9 de Choisy ou l\u2019ing\u00e9nu libertin<\/em>, Paris, Presses de la Renaissance, 1983.<\/p>\n<p style=\"text-align: justify;\">Van der Cruysse Dirk,<em> L<\/em>\u00a0<em>\u2019Abb\u00e9 de Choisy, androgyne et mandarin<\/em>, Paris, Fayard, 1995.<\/p>\n<p style=\"text-align: justify;\">Castanet Herv\u00e9, <em>Tricheur de sexe<\/em>. <em>L<\/em>\u00a0<em>\u2019Abb\u00e9 de Choisy, une passion du travesti au Grand Si\u00e8cle<\/em>, Paris, \u00c9ditions Max Milo, 2010.<\/p>\n","protected":false},"excerpt":{"rendered":"<p>Fran\u00e7ois-Timol\u00e9on de Choisy aux \u00e9ditions Sillage : M\u00e9moires de l&rsquo;abb\u00e9 de Choisy habill\u00e9 en femme 1644\u00a0: Naissance de Fran\u00e7ois-Timol\u00e9on de Choisy, le 2 f\u00e9vrier, \u00e0 Paris. Dernier fils de Jean III de Choisy, conseiller d\u2019\u00c9tat et chancelier de Gaston d\u2019Orl\u00e9ans, et de Jeanne Olympe Hurault de L\u2019Hospital de B\u00e9lesbat, petite-fille du chancelier Michel de L\u2019Hospital, [&hellip;]<\/p>\n","protected":false},"author":1,"featured_media":0,"parent":0,"menu_order":0,"comment_status":"closed","ping_status":"closed","template":"","meta":{"footnotes":""},"class_list":["post-1711","page","type-page","status-publish","hentry"],"_links":{"self":[{"href":"https:\/\/editions-sillage.fr\/index.php?rest_route=\/wp\/v2\/pages\/1711","targetHints":{"allow":["GET"]}}],"collection":[{"href":"https:\/\/editions-sillage.fr\/index.php?rest_route=\/wp\/v2\/pages"}],"about":[{"href":"https:\/\/editions-sillage.fr\/index.php?rest_route=\/wp\/v2\/types\/page"}],"author":[{"embeddable":true,"href":"https:\/\/editions-sillage.fr\/index.php?rest_route=\/wp\/v2\/users\/1"}],"replies":[{"embeddable":true,"href":"https:\/\/editions-sillage.fr\/index.php?rest_route=%2Fwp%2Fv2%2Fcomments&post=1711"}],"version-history":[{"count":5,"href":"https:\/\/editions-sillage.fr\/index.php?rest_route=\/wp\/v2\/pages\/1711\/revisions"}],"predecessor-version":[{"id":2003,"href":"https:\/\/editions-sillage.fr\/index.php?rest_route=\/wp\/v2\/pages\/1711\/revisions\/2003"}],"wp:attachment":[{"href":"https:\/\/editions-sillage.fr\/index.php?rest_route=%2Fwp%2Fv2%2Fmedia&parent=1711"}],"curies":[{"name":"wp","href":"https:\/\/api.w.org\/{rel}","templated":true}]}}