{"id":1688,"date":"2017-07-19T18:31:01","date_gmt":"2017-07-19T16:31:01","guid":{"rendered":"http:\/\/editions-sillage.fr\/?page_id=1688"},"modified":"2017-07-24T12:34:29","modified_gmt":"2017-07-24T10:34:29","slug":"virginia-woolf","status":"publish","type":"page","link":"https:\/\/editions-sillage.fr\/?page_id=1688","title":{"rendered":"Virginia Woolf"},"content":{"rendered":"<blockquote>\n<p>Virginia Woolf aux \u00e9ditions Sillage :\u00a0<\/p>\n<ul>\n<li><a href=\"http:\/\/editions-sillage.fr\/?p=376\"><em>La Mort de la phal\u00e8ne<\/em><\/a><\/li>\n<\/ul>\n<\/blockquote>\n<p style=\"text-align: justify;\"><img loading=\"lazy\" decoding=\"async\" class=\"size-full wp-image-1869 alignright\" src=\"http:\/\/editions-sillage.fr\/wp-content\/uploads\/2017\/07\/woolf.jpg\" alt=\"\" width=\"200\" height=\"273\" srcset=\"https:\/\/editions-sillage.fr\/wp-content\/uploads\/2017\/07\/woolf.jpg 200w, https:\/\/editions-sillage.fr\/wp-content\/uploads\/2017\/07\/woolf-110x150.jpg 110w\" sizes=\"auto, (max-width: 200px) 100vw, 200px\" \/>1882 : Le 25 janvier, \u00e0 Londres, naissance de Adeline Virginia Stephen. Son p\u00e8re, Sir Leslie Stephen, est \u00e9crivain et \u00e9diteur ; Julia Stephen Duckworth, sa m\u00e8re, est tr\u00e8s proche des \u00e9lites intellectuelles de l\u2019\u00e9poque. Elle a une demi-soeur du c\u00f4t\u00e9 de son p\u00e8re et trois demi-fr\u00e8res et soeur du c\u00f4t\u00e9 de sa m\u00e8re, ainsi que deux fr\u00e8res et une soeur. Elle confiera avoir \u00e9t\u00e9 victime d\u2019abus sexuels de la part de ses demi-fr\u00e8res George et Gerald Duckworth. Son \u00e9ducation se fait dans un premier temps \u00e0 la maison, supervis\u00e9e par ses parents.<\/p>\n<p style=\"text-align: justify;\">1888 : Son p\u00e8re souffre d\u2019une d\u00e9pression nerveuse \u2013 il en sera \u00e0 nouveau affect\u00e9 en 1890 et l\u2019ann\u00e9e suivante.<\/p>\n<p style=\"text-align: justify;\">1891 : Avec ses deux fr\u00e8res et sa soeur, elle cr\u00e9e le journal <em>The Hyde Park Gate News<\/em>, dans lequel elle publie sa premi\u00e8re nouvelle, <em>The Midnight Ride<\/em>.<\/p>\n<p style=\"text-align: justify;\">1895 : Le 5 mai, mort de sa m\u00e8re. Virginia conna\u00eet sa premi\u00e8re crise grave de d\u00e9pression \u2013 elle souffrira tout au long de sa vie de troubles mentaux.<\/p>\n<p style=\"text-align: justify;\">1897 : Elle entame la r\u00e9daction d\u2019un journal intime.<\/p>\n<p style=\"text-align: justify;\">1898 : Elle suit des cours de latin et de grec au King\u2019s College ; elle a notamment pour condisciple Clara Pater, fille de l\u2019\u00e9crivain Walter Pater.<\/p>\n<p style=\"text-align: justify;\">1901 : Virginia prend des cours de peinture et de reliure.<\/p>\n<p style=\"text-align: justify;\">1902 : Rencontre avec Violet Dickinson, de dix-septans son a\u00een\u00e9e, qui devient son amie la plus intime et sa protectrice.<\/p>\n<p style=\"text-align: justify;\">1904 : Le 22 f\u00e9vrier, mort de son p\u00e8re. S\u2019ensuit un \u00e9pisode d\u00e9pressif tr\u00e8s s\u00e9v\u00e8re qui n\u00e9cessitera un internement. Elle s\u00e9journe ensuite chez Violet Dickinson, o\u00f9 elle tente de se suicider. Virginia, sa soeur Vanessa et ses fr\u00e8res Thoby et Adrian s\u2019installent dans une maison de GordonSquare, dans le quartier londonien de Bloomsbury.<\/p>\n<p style=\"text-align: justify;\">1905 : Virginia enseigne l\u2019histoire et la litt\u00e9rature anglaise au Morley College. Elle commence \u00e0 r\u00e9diger des comptes rendus pour le <em>Times Literary Supplement<\/em>. En compagnie de Thoby, Adrian et Vanessa Bell, elle instaure des \u00ab soir\u00e9es \u00bb hebdomadaires o\u00f9 se r\u00e9unissent notamment E. M. Forster, Lytton Strachey, Walter Lamb, Desmond MacCarthy et Clive Bell, qui sont \u00e0 l\u2019origine du Bloomsbury Group.<\/p>\n<p style=\"text-align: justify;\">1906 : Voyage en Gr\u00e8ce en compagnie de sa s\u0153ur Vanessa et de Violet Dickinson. Mort de son fr\u00e8re Thoby.<\/p>\n<p style=\"text-align: justify;\">1907 : Sa soeur Vanessa \u00e9pouse Clive Bell. Virginia se rapproche beaucoup d\u2019un hell\u00e9niste de seize ans son a\u00een\u00e9, Walter Headlam, qui meurt l\u2019ann\u00e9e suivante.<\/p>\n<p style=\"text-align: justify;\">1908 : Naissance de Julian, fils de Clive Bell et de Vanessa. D\u00e9laiss\u00e9 par Vanessa qui consacre l\u2019essentiel de son temps au nouveau-n\u00e9, Clive Bell entame une relation ambigu\u00eb avec Virginia.<\/p>\n<p style=\"text-align: justify;\">1909 : Rencontre Lady Ottoline Morrell, qui devient une amie tr\u00e8s proche. Tensions entre Virginia, Clive et Vanessa au cours d\u2019un voyage en Italie.<\/p>\n<p style=\"text-align: justify;\">1910 : Elle participe aux mouvements des suffragettes. S\u00e9rieux \u00e9pisode d\u00e9pressif au printemps et \u00e0 l\u2019\u00e9t\u00e9.<\/p>\n<p style=\"text-align: justify;\">1911 : Installation \u00e0 Firle, dans le Sussex. Commence \u00e0 fr\u00e9quenter Leonard Woolf.<\/p>\n<p style=\"text-align: justify;\">1912 : Mariage avec Leonard Woolf. Administrateur de district \u00e0 Ceylan, il d\u00e9missionne de son poste et publie l\u2019ann\u00e9e suivante son premier roman.<\/p>\n<p style=\"text-align: justify;\">1913-1914 : Virginia est victime d\u2019hallucinations et de crises de parano\u00efa. Elle refuse de s\u2019alimenter ; en septembre 1913, elle commet une nouvelle tentative de suicide. Apr\u00e8s une longue cure de repos, elle est consid\u00e9r\u00e9e comme gu\u00e9rie et se remet \u00e0 l\u2019\u00e9criture.<\/p>\n<p style=\"text-align: justify;\">1915 : Le 26 mars, publication de son premier roman, <em>The Voyage Out <\/em>(<em>Travers\u00e9es<\/em>) chez Duckworth, maison d\u2019\u00e9dition dirig\u00e9e par son demi-fr\u00e8re Gerald. Elle s\u2019installe \u00e0 Hogarth House avec Leonard. Au printemps, nouvelles et violentes crises de d\u00e9lire.<\/p>\n<p style=\"text-align: justify;\">1916 : Leonard se fait r\u00e9former et \u00e9chappe \u00e0 la conscription. Virginia donne une s\u00e9rie de conf\u00e9rences \u00e0 la <em>Women\u2019s Cooperative Guild <\/em>dont elle est membre\u00a0active.<\/p>\n<p style=\"text-align: justify;\">1917 : Les \u00e9poux Woolf fondent la maison d\u2019\u00e9dition Hogarth Press et sortent en juillet leur premier volume, intitul\u00e9 <em>Two Stories <\/em>\u2013 on y retrouve la nouvelle de Virginia <em>The Mark on the Wall <\/em>(<em>La Marque sur le mur<\/em>) ainsi que <em>Three Jews <\/em>(<em>Trois Juifs<\/em>), \u00e9crite par Leonard. La maison comptera notamment \u00e0 son catalogue Freud, Bounine, Dosto\u00efevski, Mansfield, Svevo, Gorki et des \u00e9crits des membres du Bloomsbury Group.<\/p>\n<p style=\"text-align: justify;\">1918 : Virginia publie de nombreux articles dans le <em>Times Literary Supplement<\/em>, l\u2019<em>Athenaeum <\/em>et le <em>New- Statesman<\/em>. Cette intense activit\u00e9 journalistique d\u00e9cro\u00eetra peu \u00e0 peu \u00e0 partir de 1921.<\/p>\n<p style=\"text-align: justify;\">1919 : Publication de <em>Kew Gardens <\/em>(<em>Kew Gardens<\/em>) par la Hogarth Press et de <em>Night and Day <\/em>(<em>Nuit et jour<\/em>), chez Duckworth.<\/p>\n<p style=\"text-align: justify;\">1921 : Publication de <em>Monday or Tuesday <\/em>(<em>Lundi ou mardi<\/em>), recueil de nouvelles dans lequel on retrouve <em>The Mark on the Wall <\/em>(<em>La Marque sur le mur<\/em>) et <em>Kew Gardens<\/em><\/p>\n<p style=\"text-align: justify;\">(<em>Kew Gardens<\/em>).<\/p>\n<p style=\"text-align: justify;\">1922 : Le 27 octobre, publication de <em>Jacob\u2019s Room <\/em>(<em>La Chambre de Jacob<\/em>). Les Woolf rencontrent Vita Sackville-West, avec qui ils resteront tr\u00e8s li\u00e9s.<\/p>\n<p style=\"text-align: justify;\">1923-1924 : Virginia lit \u00e9norm\u00e9ment et entame l\u2019\u00e9criture de <em>Mrs. Dalloway <\/em>(<em>Mrs. Dalloway<\/em>). Elle travaille \u00e9galement \u00e0 un recueil d\u2019essais, <em>The Common Reader <\/em>(<em>Le Commun des lecteurs<\/em>). Les deux livres para\u00eetront en 1925.<\/p>\n<p style=\"text-align: justify;\">1926 : Virginia entame l\u2019\u00e9criture de <em>To the Lighthouse <\/em>(<em>Vers le phare<\/em>) qui sera publi\u00e9 l\u2019ann\u00e9e suivante.<\/p>\n<p style=\"text-align: justify;\">1928 : Publication d\u2019<em>Orlando <\/em>(<em>Orlando<\/em>).<\/p>\n<p style=\"text-align: justify;\">1929 : Les Woolf d\u00e9cident de publier une \u00ab Uniform Edition \u00bb des oeuvres de Virginia et rach\u00e8tent les droits de <em>The Voyage Out <\/em>(<em>Travers\u00e9es<\/em>) et de <em>Night and Day <\/em>(<em>Nuit et\u00a0<\/em><em>jour<\/em>) \u00e0 Duckworth.<\/p>\n<p style=\"text-align: justify;\">1931 : Publication de <em>The Waves <\/em>(<em>Les Vagues<\/em>). Virginia prononce une importante conf\u00e9rence avec Ethel Smyth, f\u00e9ministe militante, \u00e0 la <em>London and National Society for Women\u2019s Service<\/em>. Elle commence \u00e0 travailler sur ce qui deviendra le roman <em>The Years <\/em>(<em>Les Ann\u00e9es<\/em>).<\/p>\n<p style=\"text-align: justify;\">1932 : Publication de <em>A Letter to a Young Poet <\/em>(<em>Lettre \u00e0 un jeune po\u00e8te<\/em>) dans la <em>Yale Review <\/em>puis chez Hogarth Press un mois plus tard. Virginia souffre de crises de tachycardie qui\u00a0l\u2019emp\u00eachent de travailler. Parution du second volume de <em>The Common Reader <\/em>(<em>Le Commun des lecteurs<\/em>). Elle publie dans le <em>Times <\/em>un hommage \u00e0 son p\u00e8re, \u00ab Leslie Stephen, the Philosopher at Home : A daughter\u2019s Memories \u00bb.<\/p>\n<p style=\"text-align: justify;\">1934 : Son \u00e9tat de sant\u00e9 se d\u00e9grade ; elle souffre de migraines r\u00e9currentes. Elle reprend l\u2019\u00e9criture de <em>The Years <\/em>(<em>Les Ann\u00e9es<\/em>). \u00c0 l\u2019occasion d\u2019une exposition, elle rencontre Victoria Ocampo et Man Ray, qui fera d\u2019elle plusieurs portraits.<\/p>\n<p style=\"text-align: justify;\">1936 : Elle travaille toujours \u00e0 <em>The Years <\/em>(<em>Les Ann\u00e9es<\/em>). Son m\u00e9decin lui recommande de limiter ses heures de travail. Elle entame la r\u00e9daction de <em>Three Guineas <\/em>(<em>Trois guin\u00e9es<\/em>).<\/p>\n<p style=\"text-align: justify;\">1937 : Le 15 mars, publication de <em>The Years <\/em>(<em>Les Ann\u00e9es<\/em>).<\/p>\n<p style=\"text-align: justify;\">1938 : Virginia est souffrante. Elle vend ses parts dans la Hogarth Press au po\u00e8te John Lehmann. Publication de <em>Three Guineas <\/em>(<em>Trois guin\u00e9es<\/em>).<\/p>\n<p style=\"text-align: justify;\">1940 : Virginia et Leonard envisagent de se suicider en cas d\u2019invasion du pays. Nombreuses lectures. D\u00e9m\u00e9nagement de la Hogarth Press suite aux dommages<\/p>\n<p style=\"text-align: justify;\">provoqu\u00e9s par les raids a\u00e9riens.<\/p>\n<p style=\"text-align: justify;\">1941 : D\u00e9pression et difficult\u00e9s \u00e0 \u00e9crire. Le 28 mars, Virginia se suicide en se jetant dans une rivi\u00e8re, les poches remplies de pierres. Elle laisse une lettre devenue c\u00e9l\u00e8bre \u00e0 l\u2019attention de Leonard.<\/p>\n<hr \/>\n<p style=\"text-align: justify;\"><strong>Rep\u00e8res bibliographiques<\/strong><\/p>\n<p style=\"text-align: justify;\"><strong>\u0152uvres, journaux et correspondance<\/strong><\/p>\n<p style=\"text-align: justify;\"><strong>En anglais<\/strong><em>\u00a0<\/em><\/p>\n<p style=\"text-align: justify;\"><em>The Definitive Collected Edition of the Novels of Virginia Woolf <\/em>(9 vol.), Londres, Hogarth Press, 1990.<\/p>\n<p style=\"text-align: justify;\"><em>The Complete Shorter Fiction<\/em>, Susan DICK (\u00e9d.), Londres, Hogarth Press, 1985.<\/p>\n<p style=\"text-align: justify;\"><em>The Essays of Virginia Woolf <\/em>(6 vol.), Andrew MCNEILLIE (\u00e9d.), Londres, Hogarth Press, 1986-2011.<\/p>\n<p style=\"text-align: justify;\"><em>A Passionate Apprentice : The Early Journals, 1897-1909<\/em>, Mitchell A. LEASKA (\u00e9d.), Londres, Hogarth Press, 1990.<\/p>\n<p style=\"text-align: justify;\"><em>The Diary of Virginia Woolf <\/em>(5 vol.), Anne Olivier BELL (\u00e9d.), Londres, Hogarth Press, 1977-1984.<\/p>\n<p style=\"text-align: justify;\"><em>The Letters of Virginia Woolf <\/em>(6 vol.)<em>, <\/em>Nigel NICOLSON, Joanne TRAUTMANN (\u00e9ds.), Londres, Hogarth Press, 1975-1980.<\/p>\n<p style=\"text-align: justify;\"><strong>En fran\u00e7ais<\/strong><\/p>\n<p style=\"text-align: justify;\"><em>OEuvres romanesques <\/em>(2 vol.), Jacques AUBERT (\u00e9d.), Paris, Gallimard, \u00ab Biblioth\u00e8que de la Pl\u00e9iade \u00bb, 2012.<\/p>\n<p style=\"text-align: justify;\"><em>Journal int\u00e9gral : 1915-1941<\/em>, trad. par Colette-Marie Huet et Marie-Ange Dutartre, Paris, Stock, 2008.<\/p>\n<p style=\"text-align: justify;\">De nombreux recueils d\u2019essais et de nouvelles ont paru en fran\u00e7ais. Citons :<\/p>\n<p style=\"text-align: justify;\"><em>L\u2019Art du roman<\/em>, trad. par Rose Celli, Paris, \u00c9ditions du Seuil, 1963.<\/p>\n<p style=\"text-align: justify;\"><em>Une chambre \u00e0 soi<\/em>, trad. par Clara Malraux, Paris, Gonthier, 1965.<\/p>\n<p style=\"text-align: justify;\"><em>Trois guin\u00e9es<\/em>, trad. par Viviane Forrester, Paris, \u00c9ditions des Femmes, 1977.<\/p>\n<p style=\"text-align: justify;\"><em>Le Commun des lecteurs<\/em>, trad. par C\u00e9line Candiard, Paris, L\u2019Arche, 2004.<\/p>\n<p style=\"text-align: justify;\">Seules deux des correspondances particuli\u00e8res de Virginia Woolf ont paru en fran\u00e7ais :<\/p>\n<p style=\"text-align: justify;\"><em>Virginia Woolf \u2013 Lytton Strachey. Correspondance<\/em>, trad. par Lionel Leforestier, Paris, Gallimard, 2009.<\/p>\n<p style=\"text-align: justify;\"><em>Vita Sackville-West \u2013 Virginia Woolf. Correspondance 1923- 1941<\/em>, trad. par Raymond Las Vergnas, Paris, Stock, 2010.<\/p>\n<p style=\"text-align: justify;\">Il existe par ailleurs une importante anthologie de sa correspondance :<\/p>\n<p style=\"text-align: justify;\"><em>Lettres<\/em>, trad. par Claude Demanuelli, Paris, \u00c9ditions du Seuil, 1993.<\/p>\n<p style=\"text-align: justify;\"><strong>Bibliographie<\/strong><\/p>\n<p style=\"text-align: justify;\">Kirkpatrick B. Jean, <em>ABibliography of Virginia Woolf<\/em>, Londres, Rupert Hart-Davis, 1957 ; 4e \u00e9dition revue et augment\u00e9e, avec la collaboration de Stuart N. Clarke, Oxford, Clarendon Press, 1997.<\/p>\n<p style=\"text-align: justify;\"><strong>Ouvrages critiques<\/strong><\/p>\n<p style=\"text-align: justify;\">Bell Quentin, <em>Virginia Woolf, A Biography<\/em>, Londres, Hogarth Press, 1972.<\/p>\n<p style=\"text-align: justify;\">Bernard Catherine, LANONE Catherine (\u00e9ds.), <em>Woolf lectrice,Woolf critique<\/em>, num\u00e9ro hors s\u00e9rie des <em>\u00c9tudes britanniques contemporaines<\/em>, Montpellier, Presses universitaires de la M\u00e9diterran\u00e9e, 2007.<\/p>\n<p style=\"text-align: justify;\">bernard Catherine, Reynier Christine (\u00e9ds.), <em>Virginia Woolf : Le Pur et l\u2019Impur, <\/em>colloque de Cerisy 2001,Rennes, Presses universitaires de Rennes, 2002.<\/p>\n<p style=\"text-align: justify;\">Briggs Julia, <em>Virginia Woolf : An Inner Life<\/em>, Londres, Allen Lane, 2005.<\/p>\n<p style=\"text-align: justify;\">Caws Mary Ann, Luckhurst Nicola (\u00e9ds.), <em>The Reception of Virginia Woolf in Europe<\/em>, Londres-New York, Continuum, 2002.<\/p>\n<p style=\"text-align: justify;\">Davis Laura, McVicker Jeanette, <em>Virginia Woolf and her Influences<\/em>, New York, Pace University Press, 2002.<\/p>\n<p style=\"text-align: justify;\">ferrer Daniel, <em>Virginia Woolf and the Madness of Language<\/em>, Londres, Routledge, 1990.<\/p>\n<p style=\"text-align: justify;\">Forrester Viviane, <em>Virginia Woolf<\/em>, Paris, \u00c9ditions de La Quinzaine litt\u00e9raire, 1973.<\/p>\n<p style=\"text-align: justify;\">Guiguet Jean, <em>Virginia Woolf et son oeuvre : l\u2019art et la qu\u00eate du r\u00e9el<\/em>, Paris, Didier, 1961.<\/p>\n<p style=\"text-align: justify;\">Hall Sarah M., <em>Before Leonard : the Early Suitors of Virginia Woolf<\/em>, Londres, Peter Owen, 2006.<\/p>\n<p style=\"text-align: justify;\">Hayman Ronald, <em>Literature and Living, AConsideration of Katherine Mansfield and Virginia Woolf<\/em>, Londres, Covent Garden Press, 1972.<\/p>\n<p style=\"text-align: justify;\">Lee Hermione, <em>Virginia Woolf<\/em>, Londres, Chatto &amp; Windus, 1996.<\/p>\n<p style=\"text-align: justify;\">Lemasson Alexandra, <em>Virginia Woolf<\/em>, Paris, Gallimard, 2005.<\/p>\n<p style=\"text-align: justify;\">Majumdar Robin, McLaurin Allen (\u00e9ds.), <em>Virginia Woolf, The Critical Heritage<\/em>, Londres-Boston, Routledge- Kegan Paul, 1975.<\/p>\n<p style=\"text-align: justify;\">McNees Eleanor (\u00e9d.), <em>Virginia Woolf, Critical Assessments <\/em>(4 vol.), Mountfield, Helm Information, 1994.<\/p>\n<p style=\"text-align: justify;\">Naremore James, <em>The World without<\/em>, <em>Virginia Woolf and the Novel<\/em>, Londres, Yale University Press, 1973.<\/p>\n<p style=\"text-align: justify;\">Nathan Monique, <em>Virginia Woolf<\/em>, Paris, \u00c9ditions du Seuil, 1989.<\/p>\n<p style=\"text-align: justify;\">Pellan Fran\u00e7oise, <em>Virginia Woolf, l\u2019ancrage et le voyage<\/em>, Lyon, Presses universitaires de Lyon, 1994.<\/p>\n<p style=\"text-align: justify;\">Roe Sue, Sellers Susan, <em>The Cambridge Companion to Virginia Woolf<\/em>, Cambridge, Cambridge University Press, 2000.<\/p>\n<p style=\"text-align: justify;\">Signalons \u00e9galement le <em>Virginia Woolf Bulletin<\/em>, publi\u00e9 par la Virginia Woolf Society of Great Britain (n\u00b0 1, janvier 1999 &#8211; n\u00b0 40, mai 2012, s\u00e9rie en cours).<\/p>\n","protected":false},"excerpt":{"rendered":"<p>Virginia Woolf aux \u00e9ditions Sillage :\u00a0 La Mort de la phal\u00e8ne 1882 : Le 25 janvier, \u00e0 Londres, naissance de Adeline Virginia Stephen. Son p\u00e8re, Sir Leslie Stephen, est \u00e9crivain et \u00e9diteur ; Julia Stephen Duckworth, sa m\u00e8re, est tr\u00e8s proche des \u00e9lites intellectuelles de l\u2019\u00e9poque. Elle a une demi-soeur du c\u00f4t\u00e9 de son p\u00e8re [&hellip;]<\/p>\n","protected":false},"author":1,"featured_media":0,"parent":0,"menu_order":0,"comment_status":"closed","ping_status":"closed","template":"","meta":{"footnotes":""},"class_list":["post-1688","page","type-page","status-publish","hentry"],"_links":{"self":[{"href":"https:\/\/editions-sillage.fr\/index.php?rest_route=\/wp\/v2\/pages\/1688","targetHints":{"allow":["GET"]}}],"collection":[{"href":"https:\/\/editions-sillage.fr\/index.php?rest_route=\/wp\/v2\/pages"}],"about":[{"href":"https:\/\/editions-sillage.fr\/index.php?rest_route=\/wp\/v2\/types\/page"}],"author":[{"embeddable":true,"href":"https:\/\/editions-sillage.fr\/index.php?rest_route=\/wp\/v2\/users\/1"}],"replies":[{"embeddable":true,"href":"https:\/\/editions-sillage.fr\/index.php?rest_route=%2Fwp%2Fv2%2Fcomments&post=1688"}],"version-history":[{"count":6,"href":"https:\/\/editions-sillage.fr\/index.php?rest_route=\/wp\/v2\/pages\/1688\/revisions"}],"predecessor-version":[{"id":2020,"href":"https:\/\/editions-sillage.fr\/index.php?rest_route=\/wp\/v2\/pages\/1688\/revisions\/2020"}],"wp:attachment":[{"href":"https:\/\/editions-sillage.fr\/index.php?rest_route=%2Fwp%2Fv2%2Fmedia&parent=1688"}],"curies":[{"name":"wp","href":"https:\/\/api.w.org\/{rel}","templated":true}]}}