{"id":1658,"date":"2017-07-19T15:34:58","date_gmt":"2017-07-19T13:34:58","guid":{"rendered":"http:\/\/editions-sillage.fr\/?page_id=1658"},"modified":"2017-07-20T17:02:12","modified_gmt":"2017-07-20T15:02:12","slug":"jack-london","status":"publish","type":"page","link":"https:\/\/editions-sillage.fr\/?page_id=1658","title":{"rendered":"Jack London"},"content":{"rendered":"<blockquote>\n<p>Jack London aux \u00e9ditions Sillage :<\/p>\n<ul>\n<li><a href=\"http:\/\/editions-sillage.fr\/?p=355\"><em>Les Morts concentriques<\/em><\/a><\/li>\n<\/ul>\n<\/blockquote>\n<p style=\"text-align: justify;\"><strong><img loading=\"lazy\" decoding=\"async\" class=\"size-full wp-image-1798 alignright\" src=\"http:\/\/editions-sillage.fr\/wp-content\/uploads\/2017\/07\/London.jpg\" alt=\"\" width=\"171\" height=\"253\" srcset=\"https:\/\/editions-sillage.fr\/wp-content\/uploads\/2017\/07\/London.jpg 171w, https:\/\/editions-sillage.fr\/wp-content\/uploads\/2017\/07\/London-101x150.jpg 101w\" sizes=\"auto, (max-width: 171px) 100vw, 171px\" \/><\/strong>1876 : Naissance le 12 janvier \u00e0 San Francisco de John Griffith Chaney, fils pr\u00e9sum\u00e9 de l\u2019astrologue William Henry Chaney et de Flora Wellman, fille de bonne famille. Suite au s\u00e9isme de 1906 et \u00e0 la destruction des registres de la ville, un doute subsiste sur la paternit\u00e9 de Chaney, qui aurait abandonn\u00e9 la m\u00e8re quelques mois avant la naissance de l\u2019enfant. Confi\u00e9 \u00e0 une nourrice noire, Virginia Prentiss, John devient Jack la m\u00eame ann\u00e9e, pour le diff\u00e9rencier de John London, nouvel \u00e9poux de Flora qui le consid\u00e9rera comme son propre fils.<\/p>\n<p style=\"text-align: justify;\">1877 : La famille s\u2019installe \u00e0 Oakland.<\/p>\n<p style=\"text-align: justify;\">1881 : Emm\u00e9nagement dans une ferme \u00e0 Alameda. Issus de la classe laborieuse, les London ne sont pas aussi pauvres que Jack le pr\u00e9tendra dans ses \u00e9crits. Il est \u00e9l\u00e8ve \u00e0 la <em>West End School <\/em>et d\u00e9couvre la litt\u00e9rature en 1885, notamment au travers de l\u2019oeuvre de Washington Irving.<\/p>\n<p style=\"text-align: justify;\">1886 : \u00c0 Oakland, Flora ouvre une pension defamille. Jack suit les conseils de lecture d\u2019une biblioth\u00e9caire \u2013 Ina Coolbrith, future \u00ab premi\u00e8re po\u00e9tesse de Californie \u00bb \u2013 et s\u2019adonne \u00e0 la navigation avec son beaup\u00e8re. Passionn\u00e9 par l\u2019oc\u00e9an, il effectue de menus travaux pour s\u2019offrir un voilier.<\/p>\n<p style=\"text-align: justify;\">1887 : Il est scolaris\u00e9 \u00e0 l\u2019<em>Oakland Cole Grammar School<\/em>. D\u00e9but d\u2019une amiti\u00e9 avec Frank Atherton.<\/p>\n<p style=\"text-align: justify;\">1890 : Alors cheminot, John London est gri\u00e8vement bless\u00e9. Devenu \u00e0 quatorze ans l\u2019unique soutien de la famille, Jack accomplit un travail harassant dans une conserverie de saumon, pour un salaire tr\u00e8s bas.<\/p>\n<p style=\"text-align: justify;\">1891 : Gr\u00e2ce \u00e0 l\u2019argent emprunt\u00e9 \u00e0 sa nourrice, Jack ach\u00e8te le sloop <em>Razzle Dazzle<\/em>, propri\u00e9t\u00e9 du pilleur d\u2019hu\u00eetres French Frank. Le pillage des parcs \u00e0 hu\u00eetres lui permet de gagner facilement de l\u2019argent qu\u2019il d\u00e9pense avec ses compagnons au cabaret le <em>First and Last Chance Saloon<\/em>, \u00e9voqu\u00e9 dans <em>John Barleycorn <\/em>(<em>Le Cabaret de la\u00a0<\/em><em>derni\u00e8re chance<\/em>).<\/p>\n<p style=\"text-align: justify;\">1892 : Apr\u00e8s le naufrage du <em>Razzle Dazzle<\/em>, il s\u2019engage dans la Patrouille de p\u00eache de Californie. Il y fera allusion dans <em>Tales of the Fish Patrol <\/em>(<em>Patrouille de p\u00eache<\/em>).<\/p>\n<p style=\"text-align: justify;\">1893 : Embarque avec l\u2019\u00e9quipage du trois-m\u00e2ts <em>Sophia Sutherland <\/em>faisant route vers les c\u00f4tes du Japon pour chasser le phoque. Ces quelques mois inspireront ses r\u00e9cits d\u2019aventures, notamment <em>The Sea-Wolf <\/em>(<em>Le Loup des mers<\/em>). \u00c0 Oakland il retrouve les London ruin\u00e9s, obtient un emploi dans une fabrique de jute, et est publi\u00e9 pour la premi\u00e8re fois dans le quotidien <em>San Francisco Morning Call <\/em>en remportant le concours de la meilleure nouvelle avec <em>Typhoon off the Coast of Japan <\/em>(<em>Un typhon au large des c\u00f4tes du Japon<\/em>).<\/p>\n<p style=\"text-align: justify;\">1894 : Devient chauffeur aux chaudi\u00e8res de la centrale \u00e9lectrique d\u2019Oakland. Tr\u00e8s vite \u00e9puis\u00e9 par ce travail, il d\u00e9missionne en pleine crise \u00e9conomique nationale. Il rejoint l\u2019arm\u00e9e des sans-travail \u2013 dirig\u00e9e par Jacob Coxey et, pour sa section californienne, par le \u00ab g\u00e9n\u00e9ral \u00bb Kelly \u2013 qui marche sur Washington pour obtenir du pr\u00e9sident le lancement d\u2019une politique de travaux publics. Abandonne la marche un mois plus tard pour errer \u00e0 travers les \u00c9tats-Unis et le Canada. Son recueil de nouvelles <em>The Road <\/em>(<em>Les Vagabonds du rail<\/em>) relate ses exp\u00e9riences. Incarc\u00e9r\u00e9 trente jours pour vagabondage \u00e0 Buffalo, Jack ne dira rien de ce s\u00e9jour. <em>The Star Rover <\/em>(<em>Le Vagabond des \u00e9toiles<\/em>) d\u00e9nonce pourtant les brimades subies en prison. De retour \u00e0 Oakland, il s\u2019inscrit au lyc\u00e9e et se passionne pour Karl Marx et Herbert Spencer.<\/p>\n<p style=\"text-align: justify;\">1895 : Parution dans <em>The Aegis <\/em>de son premier \u00e9crit socialiste. Au <em>Henry Clay Club<\/em>, lieu d\u2019\u00e9changes progressistes, il c\u00f4toie Edward Appelgarth et tombe amoureux de sa soeur Mabel, qui lui inspire le personnage de la jeune bourgeoise Ruth Morse dans le roman souvent consid\u00e9r\u00e9 comme autobiographique, <em>Martin Eden <\/em>(1909).<\/p>\n<p style=\"text-align: justify;\">1896 : Inscrit \u00e0 l\u2019Universit\u00e9 d\u2019Alameda, il ma\u00eetrise en quatre mois un programme de deux ans. Parall\u00e8lement, il entre au <em>Socialist Labor Party <\/em>d\u2019Oakland. Il est admis \u00e0 l\u2019Universit\u00e9 de Berkeley mais abandonne quelques mois plus tard en raison du co\u00fbt des \u00e9tudes.<\/p>\n<p style=\"text-align: justify;\">1897 : P\u00e9riode difficile. Ses discours socialistes enflamm\u00e9s sur la voie publique lui valent d\u2019\u00eatre condamn\u00e9 \u00e0 un mois de prison, tandis que toutes ses tentatives pour \u00eatre publi\u00e9 \u00e9chouent. En juillet le vapeur <em>Excelsior <\/em>arrive d\u2019Alaska dans la baie de San Francisco, annon\u00e7ant la d\u00e9couverte d\u2019une quantit\u00e9 d\u2019or inestimable au Klondike. D\u00e9part pour le Grand Nord accompagn\u00e9 de son beau-fr\u00e8re qui renoncera lors de l\u2019ascension du col du Chilkoot, dans la Cha\u00eene C\u00f4ti\u00e8re. Arriv\u00e9 \u00e0 Dawson City, London pr\u00e9f\u00e9rera \u00e9couter les histoires des prospecteurs que prospecter lui-m\u00eame. Rencontre le futur Buck, h\u00e9ros de <em>The Call of the Wild <\/em>(<em>L\u2019Appel de la for\u00eat<\/em>), chien domestique vendu comme chien de tra\u00eeneau.<\/p>\n<p style=\"text-align: justify;\">1898 : Atteint du scorbut, il descend le Yukon jusqu\u2019\u00e0 la mer de Behring o\u00f9 il embarque pour San Francisco. \u00c0 Oakland, le peu de poudre d\u2019or ramen\u00e9 ne lui permet de subvenir ni \u00e0 ses besoins ni \u00e0 ceux de sa famille priv\u00e9e de son p\u00e8re adoptif, d\u00e9c\u00e9d\u00e9 en son absence.<\/p>\n<p style=\"text-align: justify;\">1899 : Pour la premi\u00e8re fois, sa nouvelle <em>To the Man on the Trail <\/em>(<em>\u00c0 l\u2019homme sur la piste<\/em>) est publi\u00e9e dans la revue locale <em>The Overland Monthly<\/em>. Sept autres r\u00e9cits du Klondike para\u00eetront dans la m\u00eame revue les mois suivants.<\/p>\n<p style=\"text-align: justify;\">1900 : La publication de <em>An Odyssey of the North <\/em>(<em>Une odyss\u00e9e du Grand Nord<\/em>) dans le c\u00e9l\u00e8bre magazine <em>The Atlantic Monthly <\/em>marque le d\u00e9but du succ\u00e8s. London \u00e9pouse une de ses vieilles amies, Elizabeth Maddern, le 7 avril, jour o\u00f9 son premier livre <em>The Son of the Wolf <\/em>(<em>Le Fils du loup<\/em>) est \u00e9dit\u00e9. Ils auront deux filles.<\/p>\n<p style=\"text-align: justify;\">1901 : Intense activit\u00e9 militante pour le <em>Socialist Labor Party<\/em>, puis pour le <em>Socialist Party of America<\/em>.<\/p>\n<p style=\"text-align: justify;\">1902 : Reporter pour la guerre des Boers en Afrique du Sud. S\u00e9jours \u00e0 Liverpool, Londres et en France. Refus\u00e9 par les journaux, son reportage pol\u00e9mique sur les bas quartiers de l\u2019Est londonien sortira en volume l\u2019ann\u00e9e suivante sous le titre <em>The People of the Abyss <\/em>(<em>Le Peuple d\u2019en bas<\/em>). Publication d\u2019un recueil de nouvelles sur le Klondike, <em>Children of the Frost <\/em>(<em>Les Enfants du froid<\/em>), et de deux romans, <em>ADaughter of the Snows <\/em>(<em>La Fille des neiges<\/em>) et <em>The Cruise of the Dazzler <\/em>(<em>La Croisi\u00e8re du Dazzler<\/em>). Premi\u00e8re version de sa nouvelle <em>To Build a Fire <\/em>(<em>Construire un feu<\/em>) qui para\u00eetra en 1907.<\/p>\n<p style=\"text-align: justify;\">1903 : <em>The Call of the Wild <\/em>(<em>L\u2019Appel de la for\u00eat<\/em>), d\u2019abord publi\u00e9 en feuilleton dans le <em>Saturday Evening Post <\/em>puis \u00e9dit\u00e9 par Macmillan, restera une de ses oeuvres les plus c\u00e9l\u00e8bres. Entame l\u2019\u00e9criture de <em>The Sea-Wolf <\/em>(<em>Le Loup des mers<\/em>) tout en naviguant en solitaire sur son nouveau sloop, le <em>Spray<\/em>. Amoureux de Charmian Kittredge, qu\u2019il \u00e9pousera, London se s\u00e9pare de sa femme.<\/p>\n<p style=\"text-align: justify;\">1904 : Couvre la guerre russo-japonaise pour le groupe de presse Hearst. Son engagement politique lui vaudra d\u2019\u00eatre expuls\u00e9 de Cor\u00e9e six mois plus tard. Est \u00e9lu membre du <em>Bohemian Club<\/em>, comptant Ambrose Bierce, John Muir et Frank Norris parmi ses membres.<\/p>\n<p style=\"text-align: justify;\">1905 : Il est pour la seconde fois candidat social-d\u00e9mocrate \u00e0 la mairie d\u2019Oakland et poursuit ses conf\u00e9rences en faveur du socialisme dans diff\u00e9rents \u00c9tats. Parution de <em>Tales of the Fish Patrol <\/em>(<em>Patrouille de p\u00eache<\/em>), d\u2019un recueil d\u2019\u00e9tudes socialistes, <em>The War of the Classes <\/em>(<em>La Guerre des classes<\/em>), et d\u2019un roman sur la boxe, <em>The Game <\/em>(<em>L\u2019Enjeu<\/em>).<\/p>\n<p style=\"text-align: justify;\">1906 : Marqu\u00e9 par la R\u00e9volution russe de 1905, il commence <em>The Iron Heel <\/em>(<em>Le Talon de fer<\/em>) qui sera publi\u00e9 en 1908. Contre-utopie d\u00e9crivant une r\u00e9volution socialiste suivie d\u2019une r\u00e9pression de type totalitaire, <em>The Iron Heel <\/em>l\u2019\u00e9rige en visionnaire. Parution de <em>White Fang <\/em>(<em>Croc-Blanc<\/em>) ; le livre marquera des g\u00e9n\u00e9rations enti\u00e8res.<\/p>\n<p style=\"text-align: justify;\">1907 : D\u00e9part pour un tour du monde en sept ans \u00e0 bord du <em>Snark<\/em>, construit pour l\u2019occasion et baptis\u00e9 en hommage au po\u00e8me <em>La Chasse au Snark <\/em>de Lewis Carroll. Hawa\u00ef, les \u00eeles Marquises, Tahiti, Bora-Bora\u2026 London et son \u00e9quipage p\u00e9r\u00e9grineront pr\u00e8s de deux ans jusqu\u2019en Australie, o\u00f9 il tombe malade. Publication de <em>Before Adam <\/em>(<em>Avant Adam<\/em>), de son recueil <em>Love of Life &amp; Others Stories <\/em>(<em>L\u2019Amour de la vie<\/em>), et de <em>The Road <\/em>(<em>Les Vagabonds du rail<\/em>)<em>.<\/em><\/p>\n<p style=\"text-align: justify;\">1909 : Fin de sa convalescence \u00e0 Sydney, et retour en Californie. Accueil enthousiaste de <em>Martin Eden.<\/em><\/p>\n<p style=\"text-align: justify;\">1910 : La construction d\u2019une maison id\u00e9ale, \u00ab La maison du loup \u00bb <em>\u2013 <\/em>qui br\u00fblera \u00e0 peine achev\u00e9e \u2013, rappelle les r\u00eaves de grandeur et de bonheur de l\u2019aventurier. <em>Burning Daylight <\/em>(<em>Radieuse Aurore<\/em>) reprend des th\u00e8mes chers \u00e0 London : le Klondike, le socialisme, les vertus du retour \u00e0 la terre.<\/p>\n<p style=\"text-align: justify;\">1911 : Parution de <em>When God Laughs &amp; Other Stories <\/em>(<em>Quand Dieu ricane<\/em>), de <em>Adventure <\/em>(<em>L\u2019Aventureuse<\/em>) ayant pour cadre les \u00eeles Salomon, et de <em>South Sea Tales <\/em>(<em>Contes\u00a0<\/em><em>des mers du Sud<\/em>).<\/p>\n<p style=\"text-align: justify;\">1912 : Croisi\u00e8re avec Charmian autour du cap Horn o\u00f9 il ach\u00e8ve <em>The Valley of the Moon <\/em>(<em>La Vall\u00e9e de la Lune<\/em>), son plus long roman ; il s\u2019inspire de l\u2019atmosph\u00e8re pour <em>The Mutiny of the Elsinore <\/em>(<em>Les Mutin\u00e9s de l\u2019Elseneur<\/em>), et commence une cure de d\u00e9sintoxication alcoolique.<\/p>\n<p style=\"text-align: justify;\">1913 : P\u00e9riode de profonde d\u00e9pression, durant laquelle se succ\u00e8dent des ennuis financiers. Publication de <em>John Barleycorn <\/em>(<em>Le Cabaret de la derni\u00e8re chance<\/em>).<\/p>\n<p style=\"text-align: justify;\">1914 : Soutenant la cause des insurg\u00e9s depuis le d\u00e9but de la R\u00e9volution mexicaine, London est envoy\u00e9 comme reporter au Mexique.<\/p>\n<p style=\"text-align: justify;\">1915 : Parution de <em>The Star Rover <\/em>(<em>Le Vagabond des \u00e9toiles<\/em>), livre-testament \u00e9minemment politique. Surmen\u00e9, il cherche repos et inspiration \u00e0 Hawa\u00ef.<\/p>\n<p style=\"text-align: justify;\">1916 : Il d\u00e9missionne du parti socialiste qui, selon lui, sombre dans le r\u00e9formisme. Publication de <em>The Little Lady of the Big House <\/em>(<em>La Petite Dame dans la grande maison<\/em>) et de <em>The Turtles of Tasman <\/em>(<em>Les Tortues de Tasmanie<\/em>), dernier ouvrage paru de son vivant. Le 22 novembre, London d\u00e9c\u00e8de des suites d\u2019une crise d\u2019ur\u00e9mie.<\/p>\n<hr \/>\n<p style=\"text-align: justify;\"><strong><a id=\"biblio\"><\/a>Rep\u00e8res bibliographiques<\/strong><strong>\u00a0<\/strong><\/p>\n<p style=\"text-align: justify;\"><em>The Minions of Midas <\/em>: premi\u00e8re publication dans le <em>Pearson\u2019s Magazine<\/em>, \u00e0 New York, en mai 1901. Parution en recueil dans <em>Moon-Face &amp; Others Stories <\/em>(New York,\u00a0Macmillan, 1906).<\/p>\n<p style=\"text-align: justify;\"><em>Lost Face <\/em>: premi\u00e8re publication dans le <em>New York Herald <\/em>du 13 d\u00e9cembre 1908. Parution en recueil dans <em>Lost Face <\/em>(New York, Macmillan, 1910).<\/p>\n<p style=\"text-align: justify;\"><em>The House of Mapuhi <\/em>: premi\u00e8re publication dans le <em>McClure Magazine<\/em>, \u00e0 New York, en janvier 1909. Parution en recueil dans <em>South Sea Tales <\/em>(New York, Macmillan, 1911).<\/p>\n<p style=\"text-align: justify;\"><strong>En traduction fran\u00e7aise<\/strong><\/p>\n<p style=\"text-align: justify;\"><em>The Minions of Midas <\/em>: \u00ab Les Favoris de Midas \u00bb, trad. par Louis Postif, rest\u00e9e in\u00e9dite de son vivant. Premi\u00e8re publication dans <em>Les Temps maudits<\/em>, Paris, 10\/18, Union\u00a0G\u00e9n\u00e9rale d\u2019\u00c9ditions, 1973.<\/p>\n<p style=\"text-align: justify;\"><em>Lost Face <\/em>: \u00ab La Face perdue \u00bb, trad. par Paul Gruyer et Louis Postif in <em>Candide<\/em>, n\u00b0 87, novembre 1925. Traduction reprise dans l\u2019\u00e9dition 10\/18 des oeuvres compl\u00e8tes. Traduction reprise et r\u00e9vis\u00e9e par Fr\u00e9d\u00e9ric Klein dans l\u2019\u00e9dition Ph\u00e9bus des oeuvres compl\u00e8tes.<\/p>\n<p style=\"text-align: justify;\"><em>The House of Mapuhi <\/em>: \u00ab La Maison de Mapouhi \u00bb, trad. par Paul Gruyer et Louis Postif, in <em>Vu<\/em>, n\u00b0 31-32, 1928. Traduction reprise dans l\u2019\u00e9dition 10\/18 des \u0153uvres compl\u00e8tes. Traduction reprise et r\u00e9vis\u00e9e dans l\u2019\u00e9dition Ph\u00e9bus des oeuvres compl\u00e8tes. Nouvelle traduction par Anne Rocca, in <em>Contes des mers du Sud <\/em>(recueil bilingue),\u00a0Paris, Pocket, 2006.<\/p>\n<p style=\"text-align: justify;\"><strong>\u0152uvres en anglais<\/strong><\/p>\n<p style=\"text-align: justify;\">Il n\u2019existe \u00e0 ce jour pas d\u2019\u00e9dition de r\u00e9f\u00e9rence en anglais de l\u2019oeuvre compl\u00e8te de Jack London. Pour ses nouvelles, citons :<\/p>\n<p style=\"text-align: justify;\"><em>The Complete Short Stories of Jack London<\/em>, 3 vol., Stanford, Stanford University Press, 1993.<\/p>\n<p style=\"text-align: justify;\"><strong>\u0152uvres en fran\u00e7ais<\/strong><\/p>\n<p style=\"text-align: justify;\">La premi\u00e8re \u00e9dition compl\u00e8te des oeuvres de Jack London (\u00e0 l\u2019exception de ses quatre pi\u00e8ces de th\u00e9\u00e2tre et de sa correspondance) est due \u00e0 Francis Lacassin, qui fit para\u00eetre quarante-trois volumes (romans, nouvelles, articles) entre 1973 et 1986 (Paris, Union G\u00e9n\u00e9rale d\u2019\u00c9ditions, coll. 10\/18). Les traductions sont essentiellement celles de Louis Postif, d\u00e9c\u00e9d\u00e9 en 1942, mais souvent dans les versions tronqu\u00e9es publi\u00e9es par leurs premiers \u00e9diteurs.<\/p>\n<p style=\"text-align: justify;\">Une nouvelle \u00e9dition des oeuvres compl\u00e8tes a \u00e9t\u00e9 entreprise sous la direction de No\u00ebl Mauberret, aux \u00e9ditions Ph\u00e9bus, en 1999. Les traductions de Louis Postif y sont r\u00e9vis\u00e9es et compl\u00e9t\u00e9es. Trente-sept volumes ont paru, pour quarante-quatre pr\u00e9vus.<\/p>\n","protected":false},"excerpt":{"rendered":"<p>Jack London aux \u00e9ditions Sillage : Les Morts concentriques 1876 : Naissance le 12 janvier \u00e0 San Francisco de John Griffith Chaney, fils pr\u00e9sum\u00e9 de l\u2019astrologue William Henry Chaney et de Flora Wellman, fille de bonne famille. Suite au s\u00e9isme de 1906 et \u00e0 la destruction des registres de la ville, un doute subsiste sur [&hellip;]<\/p>\n","protected":false},"author":1,"featured_media":0,"parent":0,"menu_order":0,"comment_status":"closed","ping_status":"closed","template":"","meta":{"footnotes":""},"class_list":["post-1658","page","type-page","status-publish","hentry"],"_links":{"self":[{"href":"https:\/\/editions-sillage.fr\/index.php?rest_route=\/wp\/v2\/pages\/1658","targetHints":{"allow":["GET"]}}],"collection":[{"href":"https:\/\/editions-sillage.fr\/index.php?rest_route=\/wp\/v2\/pages"}],"about":[{"href":"https:\/\/editions-sillage.fr\/index.php?rest_route=\/wp\/v2\/types\/page"}],"author":[{"embeddable":true,"href":"https:\/\/editions-sillage.fr\/index.php?rest_route=\/wp\/v2\/users\/1"}],"replies":[{"embeddable":true,"href":"https:\/\/editions-sillage.fr\/index.php?rest_route=%2Fwp%2Fv2%2Fcomments&post=1658"}],"version-history":[{"count":5,"href":"https:\/\/editions-sillage.fr\/index.php?rest_route=\/wp\/v2\/pages\/1658\/revisions"}],"predecessor-version":[{"id":1800,"href":"https:\/\/editions-sillage.fr\/index.php?rest_route=\/wp\/v2\/pages\/1658\/revisions\/1800"}],"wp:attachment":[{"href":"https:\/\/editions-sillage.fr\/index.php?rest_route=%2Fwp%2Fv2%2Fmedia&parent=1658"}],"curies":[{"name":"wp","href":"https:\/\/api.w.org\/{rel}","templated":true}]}}