{"id":1649,"date":"2017-07-19T13:06:26","date_gmt":"2017-07-19T11:06:26","guid":{"rendered":"http:\/\/editions-sillage.fr\/?page_id=1649"},"modified":"2017-07-24T11:21:09","modified_gmt":"2017-07-24T09:21:09","slug":"honore-de-balzac","status":"publish","type":"page","link":"https:\/\/editions-sillage.fr\/?page_id=1649","title":{"rendered":"Honor\u00e9 de Balzac"},"content":{"rendered":"<blockquote>\n<p style=\"text-align: justify;\">Honor\u00e9 de Balzac aux \u00e9ditions Sillage :<\/p>\n<ul style=\"text-align: justify;\">\n<li><a href=\"http:\/\/editions-sillage.fr\/?p=458\"><em>Trait\u00e9 de la vie \u00e9l\u00e9gante<\/em><\/a><\/li>\n<li><a href=\"http:\/\/editions-sillage.fr\/?p=158\"><em>Monographie de la presse parisienne<\/em><\/a><\/li>\n<\/ul>\n<\/blockquote>\n<p style=\"text-align: justify;\"><strong><img loading=\"lazy\" decoding=\"async\" class=\"size-full wp-image-1790 alignright\" src=\"http:\/\/editions-sillage.fr\/wp-content\/uploads\/2017\/07\/Balzac.jpg\" alt=\"\" width=\"200\" height=\"249\" srcset=\"https:\/\/editions-sillage.fr\/wp-content\/uploads\/2017\/07\/Balzac.jpg 200w, https:\/\/editions-sillage.fr\/wp-content\/uploads\/2017\/07\/Balzac-120x150.jpg 120w\" sizes=\"auto, (max-width: 200px) 100vw, 200px\" \/>1799<\/strong>\u202f: Naissance d\u2019Honor\u00e9 Balzac le 20 mai \u00e0 Tours. Son p\u00e8re, Bernard-Fran\u00e7ois Balssa, est l\u2019administrateur de l\u2019hospice de Tours et sa m\u00e8re, Anne-Charlotte-Laure Sallambier, est issue d\u2019une famille bourgeoise. Il est l\u2019a\u00een\u00e9 de quatre enfants\u00a0: Laure, Laurence et Henry.<\/p>\n<p style=\"text-align: justify;\"><strong>1807<\/strong>\u202f: Honor\u00e9 entre au coll\u00e8ge des oratoriens de Vend\u00f4me puis devient externe au coll\u00e8ge de Tours.<\/p>\n<p style=\"text-align: justify;\"><strong>1814<\/strong>\u202f: La famille s\u2019installe \u00e0 Paris.<\/p>\n<p style=\"text-align: justify;\"><strong>1816<\/strong>\u202f: Il est inscrit \u00e0 la Facult\u00e9 de droit et commence \u00e0 travailler comme clerc aupr\u00e8s de l\u2019avou\u00e9 Jean-Baptiste Guillonnet-Merville, homme cultiv\u00e9, puis aupr\u00e8s du notaire Passez, ami de la famille. Ayant pour projet de r\u00e9diger un <em>Discours sur l<\/em>\u2019<em>immortalit\u00e9 de l<\/em>\u2019<em>\u00e2me<\/em>, Balzac lit beaucoup et rassemble tout ce qui peut \u00eatre utile \u00e0 son entreprise.<\/p>\n<p style=\"text-align: justify;\"><strong>1819\u202f<\/strong>: Il obtient son baccalaur\u00e9at et abandonne le droit pour la litt\u00e9rature, son p\u00e8re lui laissant deux ans pour faire ses preuves en tant qu\u2019\u00e9crivain.<\/p>\n<p style=\"text-align: justify;\"><strong>1820<\/strong>\u202f: Parution de <em>Cromwell<\/em>, trag\u00e9die en vers accueillie sans enthousiasme.<\/p>\n<p style=\"text-align: justify;\"><strong>1822-1827<\/strong>\u202f: Rencontre Mme de Berny, qui devient sa ma\u00eetresse. Publication de plusieurs romans historiques et d\u2019aventures, qu\u2019il reniera par la suite. Publi\u00e9s sous les pseudonymes de Lord R\u2019hoone ou d\u2019Horace de Saint-Aubin, ces romans sont des \u0153uvres alimentaires et passent ina- per\u00e7us. Fait ses d\u00e9buts de journaliste au <em>Feuilleton litt\u00e9raire<\/em>.<\/p>\n<p style=\"text-align: justify;\"><strong>1825\u202f<\/strong>: Face \u00e0 ses \u00e9checs litt\u00e9raires r\u00e9p\u00e9t\u00e9s, Balzac s\u2019essaye \u00e0 l\u2019\u00e9dition. Il s\u2019associe avec Canel et Delongchamps pour publier de nouvelles \u00e9ditions de Moli\u00e8re et de La Fontaine, mais ses deux associ\u00e9s l\u2019abandonnent.<\/p>\n<p style=\"text-align: justify;\"><strong>1827\u202f<\/strong>: Afin d\u2019essayer de rembourser ses dettes qui s\u2019\u00e9l\u00e8vent alors \u00e0 seize mille francs, il cr\u00e9e une fonderie de caract\u00e8res avec Andr\u00e9 Barbier. L\u2019affaire se r\u00e9v\u00e9lant en fait tr\u00e8s peu rentable, son associ\u00e9 le quitte et Balzac doit d\u00e9sormais faire face \u00e0 une dette de soixante mille francs. Il reprend la plume afin de les rembourser.<\/p>\n<p style=\"text-align: justify;\"><strong>1829<\/strong>\u202f: Parution de <em>La Physiologie du mariage <\/em>et du <em>Dernier Chouan ou la Bretagne en 1800 <\/em>(qui deviendra <em>Les Chouans<\/em>). C\u2019est le premier texte que Balzac signe de son nom v\u00e9ritable (auquel il ajoute une particule) et qui sera incorpor\u00e9 \u00e0 la <em>Com\u00e9die humaine<\/em>. Ces deux livres constituent les premiers vrais succ\u00e8s de Balzac, qui commence \u00e0 fr\u00e9quenter les salons, dont ceux de la duchesse d\u2019Abrant\u00e8s, de Mme de R\u00e9camier, de Mme Hamelin, du baron G\u00e9rard\u2026 Il conna\u00eet cependant encore de nombreux probl\u00e8mes financiers et se tourne vers la presse, cens\u00e9e \u00eatre plus lucrative. Il collabore au <em>Voleur<\/em>, au <em>Feuilleton des journaux politiques<\/em>, \u00e0 <em>La Silhouette<\/em>, <em>La Mode<\/em>, <em>La Caricature<\/em> et au <em>Temps<\/em> en y publiant des textes courts.<\/p>\n<p style=\"text-align: justify;\"><strong>1831<\/strong>\u202f: Publication de <em>La Peau de chagrin<\/em>. Le succ\u00e8s est tel que le tirage est \u00e9puis\u00e9 au bout de quatre jours.<\/p>\n<p style=\"text-align: justify;\"><strong>1832<\/strong>\u202f: Balzac s\u2019inscrit au parti l\u00e9gitimiste et publie des essais monarchistes dans <em>Le R\u00e9formateur<\/em>. D\u00e9but de ses relations avec Mme Hanska, une admiratrice ukrainienne avec laquelle il \u00e9change une abondante correspondance amoureuse. Le plan de ce qu\u2019il appellera plus tard la <em>Com\u00e9die humaine <\/em>se pr\u00e9cise peu \u00e0 peu dans l\u2019esprit de Balzac, qui l\u2019expose \u00e0 sa famille. Parution du <em>Colonel Chabert<\/em>.<\/p>\n<p style=\"text-align: justify;\"><strong>1833<\/strong>\u202f: R\u00e9daction d\u2019<em>Eug\u00e9nie Grandet<\/em>.<\/p>\n<p style=\"text-align: justify;\"><strong>1834\u202f<\/strong>: Publication du <em>P\u00e8re Goriot <\/em>dans <em>La<\/em> <em>Revue de Paris<\/em>. C\u2019est \u00e0 partir de cette \u00e9poque que Balzac a l\u2019id\u00e9e de faire r\u00e9appara\u00eetre ses personnages d\u2019un roman \u00e0 un autre. Il d\u00e9taille son projet dans une lettre \u00e0 Mme Hanska.<\/p>\n<p style=\"text-align: justify;\"><strong>1835<\/strong>\u202f: Balzac devient le principal actionnaire de <em>La Chronique de Paris<\/em>. Son \u00e9quipe est entre autres constitu\u00e9e de Victor Hugo, Th\u00e9ophile Gautier et Alphonse Karr.<\/p>\n<p style=\"text-align: justify;\"><strong>1836<\/strong>\u202f: Parution du premier num\u00e9ro. Le journal conna\u00eet un grand succ\u00e8s \u00e0 ses d\u00e9buts mais ses collaborateurs peinent \u00e0 tenir leurs engagements. Balzac r\u00e9dige la plupart des articles seul et doit affronter diverses difficult\u00e9s. Il fait faillite dans une entreprise avec son beau-fr\u00e8re Surville et doit remettre plusieurs manuscrits \u00e0 ses \u00e9diteurs de l\u2019\u00e9poque, Madame B\u00e9chet et Edmond Werdet. \u00c0 bout de ressources, il d\u00e9cide d\u2019abandonner <em>La Chronique<\/em>. Publication de <em>La Vieille Fille <\/em>dans <em>La Presse<\/em>. C\u2019est le premier roman \u00e0 para\u00eetre sous forme de feuilleton.<\/p>\n<p style=\"text-align: justify;\"><strong>1837<\/strong>\u202f: Balzac commence la r\u00e9daction des <em>Illusions perdues<\/em>. Publication du <em>R\u00e9quisitionnaire <\/em>et des <em>Proscrits<\/em>.<\/p>\n<p style=\"text-align: justify;\"><strong>1838<\/strong>\u202f: Apr\u00e8s sa \u00ab\u00a0Lettre aux \u00e9crivains du XIX<sup>e<\/sup> si\u00e8cle\u00a0\u00bb dans laquelle Balzac appelle ses confr\u00e8res \u00e0 d\u00e9fendre le droit d\u2019auteur, il fonde la \u00ab\u00a0Soci\u00e9t\u00e9 des gens de lettres\u00a0\u00bb avec Georges Sand, Victor Hugo, Alexandre Dumas\u2026<\/p>\n<p style=\"text-align: justify;\"><strong>1839\u202f<\/strong>: Cr\u00e9ation d\u2019un mensuel intitul\u00e9 <em>La Revue parisienne<\/em> avec Armand Dutacq, directeur du quotidien <em>Le Si\u00e8cle<\/em>. Trois num\u00e9ros seulement paraissent.<\/p>\n<p style=\"text-align: justify;\"><strong>1841<\/strong>\u202f: Publication de plusieurs romans en feuilletons (<em>Une t\u00e9n\u00e9breuse affaire<\/em>, <em>Les M\u00e9moires de deux jeunes mari\u00e9es\u2026 <\/em>). Il signe un contrat autorisant la publication de ses \u0153uvres compl\u00e8tes avec l\u2019\u00e9diteur Furne. Il choisit alors le titre d\u00e9finitif de <em>Com\u00e9die humaine<\/em>, notamment en r\u00e9f\u00e9rence \u00e0 Dante.<\/p>\n<p style=\"text-align: justify;\"><strong>1843<\/strong>\u202f: Son \u00e9tat de sant\u00e9 inqui\u00e9tant\u00a0\u2013 il souffre de n\u00e9vralgies et de jaunisses\u00a0\u2013 n\u2019\u00e9puise pas son ardeur au travail. Il envisage l\u2019\u00e9criture d\u2019une quarantaine de nouveaux romans. Parution d\u2019<em>Honorine <\/em>et de <em>La Muse du d\u00e9partement<\/em>.<\/p>\n<p style=\"text-align: justify;\"><strong>1845-1846\u202f<\/strong>: Nombreux voyages en Europe en compagnie de Mme Hanska, de sa fille Anna et de son fianc\u00e9. Parution en feuilleton de <em>La Cousine Bette<\/em>. Le roman conna\u00eet un succ\u00e8s \u00e9clatant.<\/p>\n<p style=\"text-align: justify;\"><strong>1847\u202f<\/strong>: La r\u00e9daction du <em>Cousin Pons <\/em>co\u00efncide avec l\u2019ach\u00e8vement de <em>Splendeurs et mis\u00e8res des courtisanes<\/em>, commenc\u00e9 dix ans auparavant, et marque le ralentissement de sa production litt\u00e9raire. Perspectives de mariage maintes fois avort\u00e9es avec Mme Hanska, pour qui il ach\u00e8te \u00e0 cr\u00e9dit une maison rue Fortun\u00e9e.<\/p>\n<p style=\"text-align: justify;\"><strong>1848\u202f<\/strong>: Balzac retrouve un peu de son \u00e9lan litt\u00e9raire lors de s\u00e9jours \u00e0 Wierzchownia, en Ukraine. Il ach\u00e8ve le second \u00e9pisode de <em>L<\/em>\u2019<em>Envers de l<\/em>\u2019<em>histoire contemporaine <\/em>et laisse plusieurs textes inachev\u00e9s, parmi lesquels <em>La Femme auteur<\/em>, <em>Un caract\u00e8re de femme <\/em>ou <em>Le Th\u00e9\u00e2tre comme il est<\/em>. De retour \u00e0 Paris en pleine r\u00e9volution, \u00e9puis\u00e9, ruin\u00e9, il cesse d\u2019\u00e9crire.<\/p>\n<p style=\"text-align: justify;\"><strong>1850<\/strong>\u202f: Min\u00e9 par la maladie, Balzac finit par \u00e9pouser Mme Hanska le 14 mars. Les deux \u00e9poux d\u00e9m\u00e9nagent \u00e0 Paris mais, d\u00e9sormais incapable d\u2019\u00e9crire et \u00e0 bout de forces, Balzac se meurt. Il d\u00e9c\u00e8de le 18 ao\u00fbt.<\/p>\n","protected":false},"excerpt":{"rendered":"<p>Honor\u00e9 de Balzac aux \u00e9ditions Sillage : Trait\u00e9 de la vie \u00e9l\u00e9gante Monographie de la presse parisienne 1799\u202f: Naissance d\u2019Honor\u00e9 Balzac le 20 mai \u00e0 Tours. Son p\u00e8re, Bernard-Fran\u00e7ois Balssa, est l\u2019administrateur de l\u2019hospice de Tours et sa m\u00e8re, Anne-Charlotte-Laure Sallambier, est issue d\u2019une famille bourgeoise. Il est l\u2019a\u00een\u00e9 de quatre enfants\u00a0: Laure, Laurence et [&hellip;]<\/p>\n","protected":false},"author":1,"featured_media":0,"parent":0,"menu_order":0,"comment_status":"closed","ping_status":"closed","template":"","meta":{"footnotes":""},"class_list":["post-1649","page","type-page","status-publish","hentry"],"_links":{"self":[{"href":"https:\/\/editions-sillage.fr\/index.php?rest_route=\/wp\/v2\/pages\/1649","targetHints":{"allow":["GET"]}}],"collection":[{"href":"https:\/\/editions-sillage.fr\/index.php?rest_route=\/wp\/v2\/pages"}],"about":[{"href":"https:\/\/editions-sillage.fr\/index.php?rest_route=\/wp\/v2\/types\/page"}],"author":[{"embeddable":true,"href":"https:\/\/editions-sillage.fr\/index.php?rest_route=\/wp\/v2\/users\/1"}],"replies":[{"embeddable":true,"href":"https:\/\/editions-sillage.fr\/index.php?rest_route=%2Fwp%2Fv2%2Fcomments&post=1649"}],"version-history":[{"count":7,"href":"https:\/\/editions-sillage.fr\/index.php?rest_route=\/wp\/v2\/pages\/1649\/revisions"}],"predecessor-version":[{"id":2006,"href":"https:\/\/editions-sillage.fr\/index.php?rest_route=\/wp\/v2\/pages\/1649\/revisions\/2006"}],"wp:attachment":[{"href":"https:\/\/editions-sillage.fr\/index.php?rest_route=%2Fwp%2Fv2%2Fmedia&parent=1649"}],"curies":[{"name":"wp","href":"https:\/\/api.w.org\/{rel}","templated":true}]}}