{"id":1569,"date":"2017-03-28T15:22:08","date_gmt":"2017-03-28T13:22:08","guid":{"rendered":"http:\/\/editions-sillage.fr\/?page_id=1569"},"modified":"2017-07-20T16:29:59","modified_gmt":"2017-07-20T14:29:59","slug":"francis-scott-fitzgerald","status":"publish","type":"page","link":"https:\/\/editions-sillage.fr\/?page_id=1569","title":{"rendered":"Francis Scott Fitzgerald"},"content":{"rendered":"<blockquote>\n<p>Francis Scott Fitzgerald aux \u00e9ditions Sillage :<\/p>\n<ul>\n<li><a href=\"http:\/\/editions-sillage.fr\/?p=1564\">Le Troisi\u00e8me Coffret<\/a><\/li>\n<\/ul>\n<\/blockquote>\n<p><img loading=\"lazy\" decoding=\"async\" class=\"size-medium wp-image-1785 alignright\" src=\"http:\/\/editions-sillage.fr\/wp-content\/uploads\/2017\/03\/Fitzgerald-189x300.jpg\" alt=\"\" width=\"189\" height=\"300\" srcset=\"https:\/\/editions-sillage.fr\/wp-content\/uploads\/2017\/03\/Fitzgerald-189x300.jpg 189w, https:\/\/editions-sillage.fr\/wp-content\/uploads\/2017\/03\/Fitzgerald-94x150.jpg 94w, https:\/\/editions-sillage.fr\/wp-content\/uploads\/2017\/03\/Fitzgerald.jpg 200w\" sizes=\"auto, (max-width: 189px) 100vw, 189px\" \/>Francis Scott Key Fitzgerald na\u00eet \u00e0 Saint Paul, dans le Minnesota, le 24 septembre 1896. Il tient ses trois pr\u00e9noms de Francis Scott Key (1779-1843), lointain parent, auteur des paroles de l\u2019hymne national am\u00e9ricain. Son p\u00e8re conna\u00eet une carri\u00e8re difficile, entre faillites et licenciements. La fortune dont jouit la m\u00e8re, fille d\u2019un riche homme d\u2019affaires d\u2019origine irlandaise, permet de faire vivre la famille et d\u2019envoyer le gar\u00e7on \u00e9tudier dans des \u00e9tablissements prestigieux. Il commence \u00e0 \u00e9crire apr\u00e8s 1911. \u00c9l\u00e8ve \u00e0 Princeton, il n\u00e9glige ses \u00e9tudes au profit de la litt\u00e9rature\u00a0; il quitte l\u2019universit\u00e9 sans dipl\u00f4me en 1917 et s\u2019engage dans l\u2019arm\u00e9e. Il est envoy\u00e9 en garnison dans l\u2019Alabama, o\u00f9 il fait la connaissance de Zelda Sayre, fille d\u2019un juge \u00e0 la Cour Supr\u00eame de l\u2019\u00c9tat.<\/p>\n<p>\u00c0 son retour \u00e0 la vie civile, en 1919, Fitzgerald \u00e9crit des nouvelles pour la presse\u00a0\u2013 il en publiera plus de 160 au cours de sa vie. L\u2019ann\u00e9e suivante voit para\u00eetre son premier roman <em>This Side of Paradise<\/em> (<em>L\u2019Envers du Paradis<\/em>), qui le rend c\u00e9l\u00e8bre. Il \u00e9pouse Zelda Sayre, qui accouche l\u2019ann\u00e9e suivante d\u2019une fille, Frances Scott. Le couple, embl\u00e9matique de l\u2019\u00e8re du Jazz, m\u00e8ne grand train, mais des tensions apparaissent tr\u00e8s vite entre les deux \u00e9poux\u00a0\u2013 elles sont exacerb\u00e9es par l\u2019alcoolisme de Fitzgerald. En 1922 para\u00eet un deuxi\u00e8me roman, <em>The Beautiful and Damned<\/em> (<em>Les Heureux et les Damn\u00e9s<\/em>). Au milieu des ann\u00e9es 1920, les Fitzgerald s\u2019installent dans le midi de la France, puis \u00e0 Paris, o\u00f9 l\u2019auteur se lie avec Hemingway. <em>The Great Gatsby<\/em> (<em>Gatsby le magnifique<\/em>) (1925) re\u00e7oit un accueil critique tr\u00e8s favorable, mais les ventes sont minces.<\/p>\n<p>Fitzgerald conna\u00eet des difficult\u00e9s croissantes \u00e0 travailler \u00e0 ses romans, cependant que la sant\u00e9 mentale de Zelda se d\u00e9t\u00e9riore\u00a0\u2013 la jeune femme doit effectuer de longs s\u00e9jours en institution. En 1929, retour d\u00e9finitif aux \u00c9tats-Unis. <em>Tender Is the Night<\/em> (<em>Tendre est la nuit<\/em>) (1934) est un nouvel \u00e9chec commercial. Zelda est intern\u00e9e d\u00e9finitivement en 1936\u00a0\u2013 leur fille est recueillie par l\u2019agent de l\u2019auteur. Malade, alcoolique, endett\u00e9, Fitzgerald peine d\u00e9sormais \u00e0 \u00e9crire des nouvelles. Il d\u00e9croche un contrat \u00e0 Hollywood en 1936, qui lui permet d\u2019\u00e9ponger quelques dettes. Il meurt d\u2019une crise cardiaque le 21 d\u00e9cembre 1940, laissant un roman inachev\u00e9, <em>The Last Tycoon<\/em> (<em>Le Dernier Nabab<\/em>).<\/p>\n","protected":false},"excerpt":{"rendered":"<p>Francis Scott Fitzgerald aux \u00e9ditions Sillage : Le Troisi\u00e8me Coffret Francis Scott Key Fitzgerald na\u00eet \u00e0 Saint Paul, dans le Minnesota, le 24 septembre 1896. Il tient ses trois pr\u00e9noms de Francis Scott Key (1779-1843), lointain parent, auteur des paroles de l\u2019hymne national am\u00e9ricain. Son p\u00e8re conna\u00eet une carri\u00e8re difficile, entre faillites et licenciements. La [&hellip;]<\/p>\n","protected":false},"author":1,"featured_media":0,"parent":0,"menu_order":0,"comment_status":"closed","ping_status":"closed","template":"","meta":{"footnotes":""},"class_list":["post-1569","page","type-page","status-publish","hentry"],"_links":{"self":[{"href":"https:\/\/editions-sillage.fr\/index.php?rest_route=\/wp\/v2\/pages\/1569","targetHints":{"allow":["GET"]}}],"collection":[{"href":"https:\/\/editions-sillage.fr\/index.php?rest_route=\/wp\/v2\/pages"}],"about":[{"href":"https:\/\/editions-sillage.fr\/index.php?rest_route=\/wp\/v2\/types\/page"}],"author":[{"embeddable":true,"href":"https:\/\/editions-sillage.fr\/index.php?rest_route=\/wp\/v2\/users\/1"}],"replies":[{"embeddable":true,"href":"https:\/\/editions-sillage.fr\/index.php?rest_route=%2Fwp%2Fv2%2Fcomments&post=1569"}],"version-history":[{"count":3,"href":"https:\/\/editions-sillage.fr\/index.php?rest_route=\/wp\/v2\/pages\/1569\/revisions"}],"predecessor-version":[{"id":1787,"href":"https:\/\/editions-sillage.fr\/index.php?rest_route=\/wp\/v2\/pages\/1569\/revisions\/1787"}],"wp:attachment":[{"href":"https:\/\/editions-sillage.fr\/index.php?rest_route=%2Fwp%2Fv2%2Fmedia&parent=1569"}],"curies":[{"name":"wp","href":"https:\/\/api.w.org\/{rel}","templated":true}]}}