{"id":1130,"date":"2016-10-05T17:37:03","date_gmt":"2016-10-05T15:37:03","guid":{"rendered":"http:\/\/editions-sillage.fr\/?page_id=1130"},"modified":"2020-05-01T12:58:39","modified_gmt":"2020-05-01T10:58:39","slug":"livres-electroniques","status":"publish","type":"page","link":"https:\/\/editions-sillage.fr\/?page_id=1130","title":{"rendered":"livres \u00e9lectroniques"},"content":{"rendered":"<div align=\"center\">\n<div class=\"textecourantjustif\">\n<div class=\"textecourant\" align=\"left\">Nos livres \u00e9lectroniques sont au format pdf et sont distribu\u00e9s sous <a href=\"https:\/\/creativecommons.org\/licenses\/by-nc-nd\/3.0\/deed.fr\">licence Creative Commons<\/a>.<\/div>\n<div class=\"textecourant\" align=\"left\">\u00a0<\/div>\n<div class=\"textecourant\" align=\"center\">\n<p><a href=\"https:\/\/creativecommons.org\/licenses\/by-nc-nd\/2.0\/fr\/\" rel=\"license\"><img loading=\"lazy\" decoding=\"async\" class=\"alignnone\" src=\"https:\/\/i.creativecommons.org\/l\/by-nc-nd\/2.0\/fr\/88x31.png\" alt=\"Creative Commons License\" width=\"88\" height=\"31\" \/><\/a><\/p>\n<\/div>\n<\/div>\n<div class=\"textecourantjustif\" align=\"left\">\n<div class=\"textecourant\" align=\"left\">\n<p>Vous \u00eates libre de les reproduire et de les distribuer aux conditions suivantes\u00a0:<br \/>\n\u2013 le nom de l<a href=\"https:\/\/editions.sillage.free.fr\/petite.html#asselineau\">\u2019<\/a>auteur, \u00e9ventuellement du traducteur et la mention de l<a href=\"https:\/\/editions.sillage.free.fr\/petite.html#asselineau\">\u2019<\/a>\u00e9diteur doivent y figurer.<br \/>\n\u2013 aucune modification ne doit \u00eatre apport\u00e9e aux textes.<br \/>\n\u2013 toute utilisation commerciale est soumise \u00e0 notre approbation.<\/p>\n<\/div>\n<\/div>\n<div class=\"textecourantjustif\">\n<div align=\"left\">\n<p>Nous ne pouvons proposer en version \u00e9lectronique que des textes libres de droits et ceux pour lesquels les ayants-droit (auteurs ou traducteurs) ont accept\u00e9 qu<a href=\"https:\/\/editions.sillage.free.fr\/petite.html#asselineau\">\u2019<\/a>ils puissent \u00eatre t\u00e9l\u00e9charg\u00e9s gratuitement.<\/p>\n<\/div>\n<\/div>\n<\/div>\n<ul style=\"list-style-type: circle;\">\n<li>Charles Asselineau, <em>L&rsquo;Enfer du bibliophile<\/em> : <a href=\"https:\/\/editions-sillage.fr\/wp-content\/uploads\/2016\/10\/asselineau-enferdubibliophile.pdf\">t\u00e9l\u00e9charger<\/a> (consulter la <a href=\"https:\/\/editions-sillage.fr\/?p=486\">fiche du livre<\/a>).<i> <\/i><\/li>\n<li>Charles Baudelaire, <i>De l\u2019essence du rire<\/i> : <a href=\"https:\/\/editions-sillage.fr\/wp-content\/uploads\/2016\/10\/baudelaire-essencedurire.pdf\">t\u00e9l\u00e9charger<\/a> (consulter la <a href=\"https:\/\/editions-sillage.fr\/?p=488\">fiche du livre<\/a>).<i> <\/i><\/li>\n<li>Ambrose Bierce, <i>Le Club des Parenticides <\/i>: <a href=\"https:\/\/editions-sillage.fr\/wp-content\/uploads\/2016\/10\/bierce-clubdesparenticides.pdf\">t\u00e9l\u00e9charger<\/a> (consulter la <a href=\"https:\/\/editions-sillage.fr\/?p=494\">fiche du livre<\/a>).<\/li>\n<li>Emmanuel Bove, <em>Journal \u00e9crit en hiver<\/em> : <a href=\"https:\/\/editions-sillage.fr\/wp-content\/uploads\/2020\/04\/9791091896443_emmanuel_bove_journal_ecrit_en_hiver_editions_sillage_2017.pdf\">t\u00e9l\u00e9charger<\/a> (consulter la <a href=\"https:\/\/editions-sillage.fr\/?p=171\">fiche du livre<\/a>).<\/li>\n<li>Fran\u00e7ois-Timol\u00e9on de Choisy, <em>M\u00e9moires de l&rsquo;abb\u00e9 de Choisy habill\u00e9 en femme<\/em> : <a href=\"https:\/\/editions-sillage.fr\/wp-content\/uploads\/2020\/04\/9791091896320_memoires_de_l_abbe_de_choisy_habille_en_femme_editions_sillage_2015.pdf\">t\u00e9l\u00e9charger<\/a> (consulter la <a href=\"https:\/\/editions-sillage.fr\/?p=223\">fiche du livre<\/a>).<\/li>\n<li>Eug\u00e8ne Dabit, <i>Un mort tout neuf <\/i>: <a href=\"https:\/\/editions-sillage.fr\/wp-content\/uploads\/2016\/10\/dabit-mort-tout-neuf.pdf\">t\u00e9l\u00e9charger<\/a> (consulter la <a href=\"https:\/\/editions-sillage.fr\/?p=582\">fiche du livre<\/a>).<\/li>\n<li>Thomas De Quincey, <em>Confessions d&rsquo;un mangeur d&rsquo;opium anglais<\/em> : <a href=\"https:\/\/editions-sillage.fr\/wp-content\/uploads\/2020\/04\/9791091896269_de_quincey_confessions_d_un_mangeur_dopium_anglais_editions_sillage_2014.pdf\">t\u00e9l\u00e9charger<\/a> (consulter la <a href=\"https:\/\/editions-sillage.fr\/?p=235\">fiche du livre<\/a>).<\/li>\n<li>Nathaniel Hawthorne, <i>L\u2019Exp\u00e9rience du docteur Heidegger <\/i>: <a href=\"https:\/\/editions-sillage.fr\/wp-content\/uploads\/2016\/10\/hawthorne.pdf\">t\u00e9l\u00e9charger<\/a> (consulter la <a href=\"https:\/\/editions-sillage.fr\/?p=490\">fiche du livre<\/a>).<\/li>\n<li>Joris-Karl Huysmans, <i>En m\u00e9nage <\/i>: <a href=\"https:\/\/editions-sillage.fr\/wp-content\/uploads\/2016\/10\/huysmans.pdf\">t\u00e9l\u00e9charger<\/a> (consulter la <a href=\"https:\/\/editions-sillage.fr\/?p=598\">fiche du livre<\/a>).<\/li>\n<li>Henry James, <i>L\u2019\u00c9l\u00e8ve<\/i>\u00a0: <a href=\"https:\/\/editions-sillage.fr\/wp-content\/uploads\/2016\/10\/james-eleve.pdf\">t\u00e9l\u00e9charger<\/a> (consulter la <a href=\"https:\/\/editions-sillage.fr\/?p=594\">fiche du livre<\/a>).<\/li>\n<li>Henry James, <em>Les D\u00e9pouilles de Poynton<\/em> : <a href=\"https:\/\/editions-sillage.fr\/wp-content\/uploads\/2020\/04\/9791091896344_james_les_depouilles_de_poynton_editions_sillage_2015.pdf\">t\u00e9l\u00e9charger<\/a> (consulter la <a href=\"https:\/\/editions-sillage.fr\/?p=221\">fiche du livre<\/a>).<\/li>\n<li>Charles-Georges Le Roy, <em>Sur l&rsquo;intelligence des animaux<\/em> : <a href=\"https:\/\/editions-sillage.fr\/wp-content\/uploads\/2020\/04\/9791091896702_charles_georges_le_roy_sur_l_intelligence_des_animaux_editions_sillage_2017.pdf\">t\u00e9l\u00e9charger<\/a> (consulter la <a href=\"https:\/\/editions-sillage.fr\/?p=2261\">fiche du livre<\/a>).<\/li>\n<li>Lucien, <i>L\u2019Ignorant Bibliomane <\/i>: <a href=\"https:\/\/editions-sillage.fr\/wp-content\/uploads\/2016\/10\/lucien-ignorantbibliomane.pdf\">t\u00e9l\u00e9charger<\/a> (consulter la <a href=\"https:\/\/editions-sillage.fr\/?p=508\">fiche du livre<\/a>).<\/li>\n<li>G\u00e9rard de Nerval, <i>Le Roi de Bic\u00eatre <\/i>: <a href=\"https:\/\/editions-sillage.fr\/wp-content\/uploads\/2016\/10\/nerval-roidebice\u0302tre.pdf\">t\u00e9l\u00e9charger<\/a> (consulter la <a href=\"https:\/\/editions-sillage.fr\/?p=496\">fiche du livre<\/a>).<\/li>\n<li>Francisco de Quevedo, <i>El Busc\u00f3n <\/i>: <a href=\"https:\/\/editions-sillage.fr\/wp-content\/uploads\/2016\/10\/quevedo-buscon.pdf\">t\u00e9l\u00e9charger<\/a> (consulter la <a href=\"https:\/\/editions-sillage.fr\/?p=604\">fiche du livre<\/a>).<\/li>\n<li>Scarron, <i>Le Ch\u00e2timent de l\u2019avarice <\/i>: <a href=\"https:\/\/editions-sillage.fr\/wp-content\/uploads\/2016\/10\/scarron-cha\u0302timentdelavarice.pdf\">t\u00e9l\u00e9charger<\/a> (consulter la <a href=\"https:\/\/editions-sillage.fr\/?p=498\">fiche du livre<\/a>).<\/li>\n<li>Victor Segalen, <i>Un grand fleuve <\/i>:<i> <\/i><a href=\"https:\/\/editions-sillage.fr\/wp-content\/uploads\/2016\/10\/segalen-ungrandfleuve.pdf\">t\u00e9l\u00e9charger<\/a> (consulter la <a href=\"https:\/\/editions-sillage.fr\/?p=504\">fiche du livre<\/a>).<\/li>\n<li>Natsume Soseki, <em>La Porte<\/em> : <a href=\"https:\/\/editions-sillage.fr\/wp-content\/uploads\/2017\/10\/soseki-ebook-def.pdf\">t\u00e9l\u00e9charger<\/a> (consulter la <a href=\"https:\/\/editions-sillage.fr\/?p=389\">fiche du livre<\/a>).<\/li>\n<li>Robert Louis Stevenson, <i>Aes Triplex <\/i>: <a href=\"https:\/\/editions-sillage.fr\/wp-content\/uploads\/2016\/10\/stevenson-aestriplex.pdf\">t\u00e9l\u00e9charger<\/a> (consulter la <a href=\"https:\/\/editions-sillage.fr\/?p=492\">fiche du livre<\/a>).<\/li>\n<li>Robert Louis Stevenson, <i>Enlev\u00e9 ! <\/i>:<i> <\/i><a href=\"https:\/\/editions-sillage.fr\/wp-content\/uploads\/2020\/05\/9791091896337_stevenson_enleve_editions_sillage_2015.pdf\">t\u00e9l\u00e9charger<\/a> (consulter la <a href=\"https:\/\/editions-sillage.fr\/?p=225\">fiche du livre<\/a>).<\/li>\n<li>Robert Louis Stevenson, <i>Mendiants <\/i>:<i> <\/i><a href=\"https:\/\/editions-sillage.fr\/wp-content\/uploads\/2016\/10\/stevenson-mendiants.pdf\">t\u00e9l\u00e9charger<\/a> (consulter la <a href=\"https:\/\/editions-sillage.fr\/?p=506\">fiche du livre<\/a>).<\/li>\n<li>Robert Louis Stevenson, <i>Les Porteurs de lanternes <\/i>: <a href=\"https:\/\/editions-sillage.fr\/wp-content\/uploads\/2016\/10\/stevenson-porteursdelanternes.pdf\">t\u00e9l\u00e9charger<\/a> (consulter la <a href=\"https:\/\/editions-sillage.fr\/?p=484\">fiche du livre<\/a>).<\/li>\n<li>Adalbert Stifter, <em>Le Sentier dans la montagne<\/em> : <a href=\"https:\/\/editions-sillage.fr\/wp-content\/uploads\/2020\/04\/9791091896658_adalbert_stifter_le_sentier_dans_la_montagne_editions_sillage_2017.pdf\">t\u00e9l\u00e9charger<\/a> (consulter la <a href=\"https:\/\/editions-sillage.fr\/?p=2230\">fiche du livre<\/a>).<\/li>\n<li>Anthony Trollope, <em>Une femme sans protecteur<\/em> : <a href=\"https:\/\/editions-sillage.fr\/wp-content\/uploads\/2020\/05\/9791091896306_trollope_une_femme_sans_protecteur_editions_sillage_-2014.pdf\">t\u00e9l\u00e9charger<\/a> (consulter la <a href=\"https:\/\/editions-sillage.fr\/?p=229\">fiche du livre<\/a>).<\/li>\n<li>Ivan Tourgu\u00e9niev, <i>Fum\u00e9e <\/i>: <a href=\"https:\/\/editions-sillage.fr\/wp-content\/uploads\/2016\/10\/fumee.pdf\">t\u00e9l\u00e9charger<\/a> (consulter la <a href=\"https:\/\/editions-sillage.fr\/?p=586\">fiche du livre<\/a>).<\/li>\n<li>Israel Zangwill, <em>Le Roi des Schnorrers<\/em> : <a href=\"https:\/\/editions-sillage.fr\/wp-content\/uploads\/2020\/04\/9791091896399_israel_zangwill_le_roi_des_schnorrers_editions_sillage.pdf\">t\u00e9l\u00e9charger<\/a> (consulter la <a href=\"https:\/\/editions-sillage.fr\/?p=211\">fiche du livre<\/a>).<\/li>\n<\/ul>\n","protected":false},"excerpt":{"rendered":"<p>Nos livres \u00e9lectroniques sont au format pdf et sont distribu\u00e9s sous licence Creative Commons. \u00a0 Vous \u00eates libre de les reproduire et de les distribuer aux conditions suivantes\u00a0: \u2013 le nom de l\u2019auteur, \u00e9ventuellement du traducteur et la mention de l\u2019\u00e9diteur doivent y figurer. \u2013 aucune modification ne doit \u00eatre apport\u00e9e aux textes. \u2013 toute [&hellip;]<\/p>\n","protected":false},"author":1,"featured_media":0,"parent":0,"menu_order":0,"comment_status":"closed","ping_status":"closed","template":"","meta":{"footnotes":""},"class_list":["post-1130","page","type-page","status-publish","hentry"],"_links":{"self":[{"href":"https:\/\/editions-sillage.fr\/index.php?rest_route=\/wp\/v2\/pages\/1130","targetHints":{"allow":["GET"]}}],"collection":[{"href":"https:\/\/editions-sillage.fr\/index.php?rest_route=\/wp\/v2\/pages"}],"about":[{"href":"https:\/\/editions-sillage.fr\/index.php?rest_route=\/wp\/v2\/types\/page"}],"author":[{"embeddable":true,"href":"https:\/\/editions-sillage.fr\/index.php?rest_route=\/wp\/v2\/users\/1"}],"replies":[{"embeddable":true,"href":"https:\/\/editions-sillage.fr\/index.php?rest_route=%2Fwp%2Fv2%2Fcomments&post=1130"}],"version-history":[{"count":17,"href":"https:\/\/editions-sillage.fr\/index.php?rest_route=\/wp\/v2\/pages\/1130\/revisions"}],"predecessor-version":[{"id":3082,"href":"https:\/\/editions-sillage.fr\/index.php?rest_route=\/wp\/v2\/pages\/1130\/revisions\/3082"}],"wp:attachment":[{"href":"https:\/\/editions-sillage.fr\/index.php?rest_route=%2Fwp%2Fv2%2Fmedia&parent=1130"}],"curies":[{"name":"wp","href":"https:\/\/api.w.org\/{rel}","templated":true}]}}